{"id":2416,"date":"2024-07-05T10:01:07","date_gmt":"2024-07-05T14:01:07","guid":{"rendered":"http:\/\/askphysiomontreal.com\/stephanie-cuillerier-rmt-massage-therapist\/"},"modified":"2024-07-05T10:09:16","modified_gmt":"2024-07-05T14:09:16","slug":"stephanie-cuillerier-rmt-massotherapeute","status":"publish","type":"page","link":"https:\/\/askphysiomontreal.com\/fr\/stephanie-cuillerier-rmt-massotherapeute\/","title":{"rendered":"Stephanie Cuillerier RMT &#8211; Massage Therapist"},"content":{"rendered":"<p><div class=\"fusion-fullwidth fullwidth-box fusion-builder-row-1 nonhundred-percent-fullwidth non-hundred-percent-height-scrolling\"  style='background-color: rgba(255,255,255,0);background-position: center center;background-repeat: no-repeat;padding-top:20px;padding-right:0px;padding-bottom:0px;padding-left:0px;'><div class=\"fusion-builder-row fusion-row \"><div  class=\"fusion-layout-column fusion_builder_column fusion_builder_column_1_2 fusion-builder-column-0 fusion-one-half fusion-column-first 1_2\"  style='margin-top:0px;margin-bottom:30px;width:50%;width:calc(50% - ( ( 4% ) * 0.5 ) );margin-right: 4%;'><div class=\"fusion-column-wrapper\" style=\"padding: 0px 0px 0px 0px;background-position:left top;background-repeat:no-repeat;-webkit-background-size:cover;-moz-background-size:cover;-o-background-size:cover;background-size:cover;\"   data-bg-url=\"\"><div class=\"fusion-text\"><h1>Stephanie Cuillerier RMT Massoth\u00e9rapeute<\/h1>\n<\/div><div class=\"fusion-text\"><p>St\u00e9phanie est une massoth\u00e9rapeute certifi\u00e9e par la FQM (F\u00e9d\u00e9ration Qu\u00e9b\u00e9coise des massoth\u00e9rapeutes). Gr\u00e2ce \u00e0 son exp\u00e9rience de travail dans de multiples environnements th\u00e9rapeutiques, elle a d\u00e9velopp\u00e9 une pratique qui combine la gestion cibl\u00e9e des blessures et de la douleur dans une approche relaxante de type spa.<\/p>\n<p>Stephanie a toujours \u00e9t\u00e9 passionn\u00e9e par le mouvement et la connexion du syst\u00e8me nerveux au corps et elle applique maintenant son expertise au traitement des probl\u00e8mes de sant\u00e9 pelvienne. Elle est certifi\u00e9e en massage su\u00e9dois, pr\u00e9natal et tissus profonds, ainsi qu&rsquo;en yoga tha\u00eflandais, rel\u00e2chement myo-fascial, la th\u00e9rapie des points de d\u00e9clenchement et en \u00e9tirement PNF. La priorit\u00e9 est accord\u00e9e aux besoins uniques de chaque client, que ce soit de calmer le syst\u00e8me nerveux pour g\u00e9rer le stress, de traiter une blessure musculaire sp\u00e9cifique pour la reprise de l&rsquo;activit\u00e9 ou de pr\u00e9parer l&rsquo;accouchement.<\/p>\n<p>Pendant son temps libre, elle se ressource dans la nature en pratiquant le yoga, l&rsquo;escalade et la peinture acrylique.<\/p>\n<\/div><div class=\"fusion-sep-clear\"><\/div><div class=\"fusion-separator fusion-full-width-sep sep-none\" style=\"margin-left: auto;margin-right: auto;margin-top:60px;\"><\/div><div class=\"fusion-button-wrapper fusion-aligncenter\"><style type=\"text\/css\">.fusion-button.button-1 {border-radius:25px;}<\/style><a class=\"fusion-button button-flat button-large button-default button-1 fusion-button-span-no fusion-button-default-type\" target=\"_self\" href=\"\/fr\/prendre-rendez-vous\/\"><span class=\"fusion-button-text\"> PRENDRE RENDEZ-VOUS<\/span><\/a><\/div><div class=\"fusion-clearfix\"><\/div><\/div><\/div><div  class=\"fusion-layout-column fusion_builder_column fusion_builder_column_1_2 fusion-builder-column-1 fusion-one-half fusion-column-last 1_2\"  style='margin-top:0px;margin-bottom:30px;width:50%;width:calc(50% - ( ( 4% ) * 0.5 ) );'><div class=\"fusion-column-wrapper\" style=\"padding: 0px 0px 0px 0px;background-position:left top;background-repeat:no-repeat;-webkit-background-size:cover;-moz-background-size:cover;-o-background-size:cover;background-size:cover;\"   data-bg-url=\"\"><div class=\"imageframe-align-center\"><span style=\"-webkit-box-shadow: 3px 3px 7px rgba(89,15,68,0.3);box-shadow: 3px 3px 7px rgba(89,15,68,0.3);\" class=\"fusion-imageframe imageframe-dropshadow imageframe-1 hover-type-none\"><img loading=\"lazy\" decoding=\"async\" src=\"http:\/\/askphysiomontreal.com\/wp-content\/uploads\/2024\/07\/Stephanie-1-400x711.png\" width=\"400\" height=\"711\" alt=\"\" title=\"Stephanie 1\" class=\"img-responsive wp-image-2382\" srcset=\"https:\/\/askphysiomontreal.com\/wp-content\/uploads\/2024\/07\/Stephanie-1-200x355.png 200w, https:\/\/askphysiomontreal.com\/wp-content\/uploads\/2024\/07\/Stephanie-1-400x711.png 400w, https:\/\/askphysiomontreal.com\/wp-content\/uploads\/2024\/07\/Stephanie-1-600x1066.png 600w, https:\/\/askphysiomontreal.com\/wp-content\/uploads\/2024\/07\/Stephanie-1-800x1421.png 800w, https:\/\/askphysiomontreal.com\/wp-content\/uploads\/2024\/07\/Stephanie-1.png 908w\" sizes=\"auto, (max-width: 800px) 100vw, 600px\" \/><\/span><\/div><div class=\"fusion-clearfix\"><\/div><\/div><\/div><\/div><\/div><div class=\"fusion-fullwidth fullwidth-box fusion-builder-row-2 nonhundred-percent-fullwidth non-hundred-percent-height-scrolling\"  style='background-color: rgba(255,255,255,0);background-position: left top;background-repeat: no-repeat;padding-top:10px;padding-right:0px;padding-bottom:10px;padding-left:0px;border-top-width:0px;border-bottom-width:0px;border-color:#eae9e9;border-top-style:solid;border-bottom-style:solid;'><div class=\"fusion-builder-row fusion-row \"><div  class=\"fusion-layout-column fusion_builder_column fusion_builder_column_1_1 fusion-builder-column-2 fusion-one-full fusion-column-first fusion-column-last fusion-column-no-min-height 1_1\"  style='margin-top:0px;margin-bottom:0px;'><div class=\"fusion-column-wrapper\" style=\"padding: 0px 0px 0px 0px;background-position:left top;background-repeat:no-repeat;-webkit-background-size:cover;-moz-background-size:cover;-o-background-size:cover;background-size:cover;\"   data-bg-url=\"\"><div class=\"fusion-content-boxes content-boxes columns row fusion-columns-3 fusion-columns-total-3 fusion-content-boxes-1 content-boxes-icon-on-top content-left\" data-animationOffset=\"100%\" style=\"margin-top:30px;margin-bottom:30px;\"><style type=\"text\/css\">.fusion-content-boxes-1 .heading .content-box-heading {color:#590f44;}\n\t\t\t\t\t.fusion-content-boxes-1 .fusion-content-box-hover .link-area-link-icon-hover .heading .content-box-heading,\n\t\t\t\t\t.fusion-content-boxes-1 .fusion-content-box-hover .link-area-link-icon-hover .heading .heading-link .content-box-heading,\n\t\t\t\t\t.fusion-content-boxes-1 .fusion-content-box-hover .link-area-box-hover .heading .content-box-heading,\n\t\t\t\t\t.fusion-content-boxes-1 .fusion-content-box-hover .link-area-box-hover .heading .heading-link .content-box-heading,\n\t\t\t\t\t.fusion-content-boxes-1 .fusion-content-box-hover .link-area-link-icon-hover.link-area-box .fusion-read-more,\n\t\t\t\t\t.fusion-content-boxes-1 .fusion-content-box-hover .link-area-link-icon-hover.link-area-box .fusion-read-more::after,\n\t\t\t\t\t.fusion-content-boxes-1 .fusion-content-box-hover .link-area-link-icon-hover.link-area-box .fusion-read-more::before,\n\t\t\t\t\t.fusion-content-boxes-1 .fusion-content-box-hover .fusion-read-more:hover:after,\n\t\t\t\t\t.fusion-content-boxes-1 .fusion-content-box-hover .fusion-read-more:hover:before,\n\t\t\t\t\t.fusion-content-boxes-1 .fusion-content-box-hover .fusion-read-more:hover,\n\t\t\t\t\t.fusion-content-boxes-1 .fusion-content-box-hover .link-area-box-hover.link-area-box .fusion-read-more,\n\t\t\t\t\t.fusion-content-boxes-1 .fusion-content-box-hover .link-area-box-hover.link-area-box .fusion-read-more::after,\n\t\t\t\t\t.fusion-content-boxes-1 .fusion-content-box-hover .link-area-box-hover.link-area-box .fusion-read-more::before,\n\t\t\t\t\t.fusion-content-boxes-1 .fusion-content-box-hover .link-area-link-icon-hover .icon .circle-no,\n\t\t\t\t\t.fusion-content-boxes-1 .heading .heading-link:hover .content-box-heading {\n\t\t\t\t\t\tcolor: #9b2676;\n\t\t\t\t\t}\n\t\t\t\t\t.fusion-content-boxes-1 .fusion-content-box-hover .link-area-box-hover .icon .circle-no {\n\t\t\t\t\t\tcolor: #9b2676 !important;\n\t\t\t\t\t}.fusion-content-boxes-1 .fusion-content-box-hover .link-area-box.link-area-box-hover .fusion-content-box-button {background: #7a004f;color: #ffffff;background-image: -webkit-gradient( linear, left bottom, left top, from( #7a1155 ), to( #7a004f ) );background-image: linear-gradient( to top, #7a1155, #7a004f )}.fusion-content-boxes-1 .fusion-content-box-hover .link-area-box.link-area-box-hover .fusion-content-box-button .fusion-button-text {color: #ffffff;}\n\t\t\t\t\t.fusion-content-boxes-1 .fusion-content-box-hover .link-area-link-icon-hover .heading .icon > span {\n\t\t\t\t\t\tbackground-color: #9b2676 !important;\n\t\t\t\t\t}\n\t\t\t\t\t.fusion-content-boxes-1 .fusion-content-box-hover .link-area-box-hover .heading .icon > span {\n\t\t\t\t\t\tborder-color: #9b2676 !important;\n\t\t\t\t\t}<\/style><div class=\"fusion-column content-box-column content-box-column content-box-column-1 col-lg-4 col-md-4 col-sm-4 fusion-content-box-hover content-box-column-first-in-row\"><div class=\"col content-box-wrapper content-wrapper link-area-box link-type-text content-icon-wrapper-yes icon-hover-animation-fade\" style=\"background-color:rgba(255,255,255,0);\" data-link=\"\/fr\/pour-lhomme\/\" data-link-target=\"_self\" data-animationOffset=\"100%\"><div class=\"heading heading-with-icon icon-left\"><a class=\"heading-link\" href=\"\/fr\/pour-lhomme\/\" target=\"_self\"><div class=\"image\"><img decoding=\"async\" src=\"https:\/\/askphysiomontreal.com\/wp-content\/uploads\/2015\/12\/male.png\" width=\"200\" height=\"220.8\" alt=\"\" \/><\/div><h2 class=\"content-box-heading\" style=\"font-size:28px;line-height:33px;\">POUR LES HOMMES<\/h2><\/a><\/div><div class=\"fusion-clearfix\"><\/div><div class=\"content-container\" style=\"color:#747474;\">\n<p style=\"text-align: center;\">La dysfonction du plancher pelvien EST aussi un probl\u00e8me masculin. L\u2019incontinence urinaire et rectale PEUVENT \u00eatre trait\u00e9es. La douleur pelvienne que vous ressentez PEUT \u00eatre contr\u00f4l\u00e9e. Le changement d\u00e9bute ici.<\/p>\n<\/div><\/div><\/div><div class=\"fusion-column content-box-column content-box-column content-box-column-2 col-lg-4 col-md-4 col-sm-4 fusion-content-box-hover \"><div class=\"col content-box-wrapper content-wrapper link-area-box link-type-text content-icon-wrapper-yes icon-hover-animation-fade\" style=\"background-color:rgba(255,255,255,0);\" data-link=\"\/fr\/pour-la-femme\/\" data-link-target=\"_self\" data-animationOffset=\"100%\"><div class=\"heading heading-with-icon icon-left\"><a class=\"heading-link\" href=\"\/fr\/pour-la-femme\/\" target=\"_self\"><div class=\"image\"><img decoding=\"async\" src=\"https:\/\/askphysiomontreal.com\/wp-content\/uploads\/2015\/12\/female.png\" width=\"200\" height=\"220.8\" alt=\"\" \/><\/div><h2 class=\"content-box-heading\" style=\"font-size:28px;line-height:33px;\">POUR LES FEMMES<\/h2><\/a><\/div><div class=\"fusion-clearfix\"><\/div><div class=\"content-container\" style=\"color:#747474;\">\n<p style=\"text-align: center;\">Le traitement des fuites urinaires implique PLUS que des exercices Kegel. Les soins postnataux D\u00c9BUTENT lors de la grossesse. Les relations sexuelles sans douleur SONT possibles, peu importe l\u2019\u00e2ge. Le changement d\u00e9bute ici.<\/p>\n<\/div><\/div><\/div><div class=\"fusion-column content-box-column content-box-column content-box-column-3 col-lg-4 col-md-4 col-sm-4 fusion-content-box-hover content-box-column-last content-box-column-last-in-row\"><div class=\"col content-box-wrapper content-wrapper link-area-box link-type-text content-icon-wrapper-yes icon-hover-animation-fade\" style=\"background-color:rgba(255,255,255,0);\" data-link=\"\/fr\/a-propos\/pour-la-communaute-transgenre\/\" data-link-target=\"_self\" data-animationOffset=\"100%\"><div class=\"heading heading-with-icon icon-left\"><a class=\"heading-link\" href=\"\/fr\/a-propos\/pour-la-communaute-transgenre\/\" target=\"_self\"><div class=\"image\"><img decoding=\"async\" src=\"https:\/\/askphysiomontreal.com\/wp-content\/uploads\/2015\/12\/transgender.png\" width=\"200\" height=\"220.8\" alt=\"\" \/><\/div><h2 class=\"content-box-heading\" style=\"font-size:28px;line-height:33px;\">POUR LA COMMUNAUT\u00c9 TRANSGENRE<\/h2><\/a><\/div><div class=\"fusion-clearfix\"><\/div><div class=\"content-container\" style=\"color:#747474;\">\n<p style=\"text-align: center;\">Du SOUTIEN lors de votre parcours. Un environnement ax\u00e9 sur la GU\u00c9RISON. VIVEZ cette nouvelle exp\u00e9rience sans crainte. Le changement d\u00e9bute ici.<\/p>\n<\/div><\/div><\/div><style type=\"text\/css\">\n\t\t\t\t\t\t.fusion-content-boxes-1 .fusion-content-box-hover .heading-link:hover .icon i.circle-yes,\n\t\t\t\t\t\t.fusion-content-boxes-1 .fusion-content-box-hover .link-area-box:hover .heading-link .icon i.circle-yes,\n\t\t\t\t\t\t.fusion-content-boxes-1 .fusion-content-box-hover .link-area-link-icon-hover .heading .icon i.circle-yes,\n\t\t\t\t\t\t.fusion-content-boxes-1 .fusion-content-box-hover .link-area-box-hover .heading .icon i.circle-yes {\n\t\t\t\t\t\t\tbackground-color: #9b2676 !important;\n\t\t\t\t\t\t\tborder-color: #9b2676 !important;\n\t\t\t\t\t\t}<\/style><div class=\"fusion-clearfix\"><\/div><\/div><div class=\"fusion-clearfix\"><\/div><\/div><\/div><\/div><\/div><\/p>\n","protected":false},"excerpt":{"rendered":"","protected":false},"author":2,"featured_media":0,"parent":0,"menu_order":0,"comment_status":"closed","ping_status":"closed","template":"","meta":{"footnotes":""},"class_list":["post-2416","page","type-page","status-publish","placeholder-for-hentry"],"yoast_head":"<!-- This site is optimized with the Yoast SEO plugin v27.2 - https:\/\/yoast.com\/product\/yoast-seo-wordpress\/ -->\n<title>Stephanie Cuillerier RMT - Massage Therapist - Amadea S. Kezar Physioth\u00e9rapie - (514) 777-5435<\/title>\n<meta name=\"robots\" content=\"index, follow, max-snippet:-1, max-image-preview:large, max-video-preview:-1\" \/>\n<link rel=\"canonical\" href=\"https:\/\/askphysiomontreal.com\/fr\/stephanie-cuillerier-rmt-massotherapeute\/\" \/>\n<meta property=\"og:locale\" content=\"fr_CA\" \/>\n<meta property=\"og:type\" content=\"article\" \/>\n<meta property=\"og:title\" content=\"Stephanie Cuillerier RMT - Massage Therapist - Amadea S. Kezar Physioth\u00e9rapie - (514) 777-5435\" \/>\n<meta property=\"og:url\" content=\"https:\/\/askphysiomontreal.com\/fr\/stephanie-cuillerier-rmt-massotherapeute\/\" \/>\n<meta property=\"og:site_name\" content=\"Amadea S. Kezar Physioth\u00e9rapie - (514) 777-5435\" \/>\n<meta property=\"article:modified_time\" content=\"2024-07-05T14:09:16+00:00\" \/>\n<meta name=\"twitter:card\" content=\"summary_large_image\" \/>\n<meta name=\"twitter:label1\" content=\"Estimation du temps de lecture\" \/>\n\t<meta name=\"twitter:data1\" content=\"3 minutes\" \/>\n<script type=\"application\/ld+json\" class=\"yoast-schema-graph\">{\"@context\":\"https:\/\/schema.org\",\"@graph\":[{\"@type\":\"WebPage\",\"@id\":\"https:\/\/askphysiomontreal.com\/fr\/stephanie-cuillerier-rmt-massotherapeute\/\",\"url\":\"https:\/\/askphysiomontreal.com\/fr\/stephanie-cuillerier-rmt-massotherapeute\/\",\"name\":\"Stephanie Cuillerier RMT - Massage Therapist - Amadea S. Kezar Physioth\u00e9rapie - (514) 777-5435\",\"isPartOf\":{\"@id\":\"https:\/\/askphysiomontreal.com\/#website\"},\"datePublished\":\"2024-07-05T14:01:07+00:00\",\"dateModified\":\"2024-07-05T14:09:16+00:00\",\"breadcrumb\":{\"@id\":\"https:\/\/askphysiomontreal.com\/fr\/stephanie-cuillerier-rmt-massotherapeute\/#breadcrumb\"},\"inLanguage\":\"fr-CA\",\"potentialAction\":[{\"@type\":\"ReadAction\",\"target\":[\"https:\/\/askphysiomontreal.com\/fr\/stephanie-cuillerier-rmt-massotherapeute\/\"]}]},{\"@type\":\"BreadcrumbList\",\"@id\":\"https:\/\/askphysiomontreal.com\/fr\/stephanie-cuillerier-rmt-massotherapeute\/#breadcrumb\",\"itemListElement\":[{\"@type\":\"ListItem\",\"position\":1,\"name\":\"Home\",\"item\":\"https:\/\/askphysiomontreal.com\/fr\/\"},{\"@type\":\"ListItem\",\"position\":2,\"name\":\"Stephanie Cuillerier RMT &#8211; Massage Therapist\"}]},{\"@type\":\"WebSite\",\"@id\":\"https:\/\/askphysiomontreal.com\/#website\",\"url\":\"https:\/\/askphysiomontreal.com\/\",\"name\":\"Amadea S. Kezar Physioth\u00e9rapie - (514) 777-5435\",\"description\":\"Pelvic health center in Montreal, Quebec. Physiotherapy and programs for pelvic floor dysfunction: urinary incontinence, pelvic and genital pain, pelvic organ prolapse, pregnancy and pre\/post operative care including sex reassignment surgery. Pelvic hope for all.\",\"potentialAction\":[{\"@type\":\"SearchAction\",\"target\":{\"@type\":\"EntryPoint\",\"urlTemplate\":\"https:\/\/askphysiomontreal.com\/?s={search_term_string}\"},\"query-input\":{\"@type\":\"PropertyValueSpecification\",\"valueRequired\":true,\"valueName\":\"search_term_string\"}}],\"inLanguage\":\"fr-CA\"}]}<\/script>\n<!-- \/ Yoast SEO plugin. -->","yoast_head_json":{"title":"Stephanie Cuillerier RMT - Massage Therapist - Amadea S. Kezar Physioth\u00e9rapie - (514) 777-5435","robots":{"index":"index","follow":"follow","max-snippet":"max-snippet:-1","max-image-preview":"max-image-preview:large","max-video-preview":"max-video-preview:-1"},"canonical":"https:\/\/askphysiomontreal.com\/fr\/stephanie-cuillerier-rmt-massotherapeute\/","og_locale":"fr_CA","og_type":"article","og_title":"Stephanie Cuillerier RMT - Massage Therapist - Amadea S. Kezar Physioth\u00e9rapie - (514) 777-5435","og_url":"https:\/\/askphysiomontreal.com\/fr\/stephanie-cuillerier-rmt-massotherapeute\/","og_site_name":"Amadea S. Kezar Physioth\u00e9rapie - (514) 777-5435","article_modified_time":"2024-07-05T14:09:16+00:00","twitter_card":"summary_large_image","twitter_misc":{"Estimation du temps de lecture":"3 minutes"},"schema":{"@context":"https:\/\/schema.org","@graph":[{"@type":"WebPage","@id":"https:\/\/askphysiomontreal.com\/fr\/stephanie-cuillerier-rmt-massotherapeute\/","url":"https:\/\/askphysiomontreal.com\/fr\/stephanie-cuillerier-rmt-massotherapeute\/","name":"Stephanie Cuillerier RMT - Massage Therapist - Amadea S. Kezar Physioth\u00e9rapie - (514) 777-5435","isPartOf":{"@id":"https:\/\/askphysiomontreal.com\/#website"},"datePublished":"2024-07-05T14:01:07+00:00","dateModified":"2024-07-05T14:09:16+00:00","breadcrumb":{"@id":"https:\/\/askphysiomontreal.com\/fr\/stephanie-cuillerier-rmt-massotherapeute\/#breadcrumb"},"inLanguage":"fr-CA","potentialAction":[{"@type":"ReadAction","target":["https:\/\/askphysiomontreal.com\/fr\/stephanie-cuillerier-rmt-massotherapeute\/"]}]},{"@type":"BreadcrumbList","@id":"https:\/\/askphysiomontreal.com\/fr\/stephanie-cuillerier-rmt-massotherapeute\/#breadcrumb","itemListElement":[{"@type":"ListItem","position":1,"name":"Home","item":"https:\/\/askphysiomontreal.com\/fr\/"},{"@type":"ListItem","position":2,"name":"Stephanie Cuillerier RMT &#8211; Massage Therapist"}]},{"@type":"WebSite","@id":"https:\/\/askphysiomontreal.com\/#website","url":"https:\/\/askphysiomontreal.com\/","name":"Amadea S. Kezar Physioth\u00e9rapie - (514) 777-5435","description":"Pelvic health center in Montreal, Quebec. Physiotherapy and programs for pelvic floor dysfunction: urinary incontinence, pelvic and genital pain, pelvic organ prolapse, pregnancy and pre\/post operative care including sex reassignment surgery. Pelvic hope for all.","potentialAction":[{"@type":"SearchAction","target":{"@type":"EntryPoint","urlTemplate":"https:\/\/askphysiomontreal.com\/?s={search_term_string}"},"query-input":{"@type":"PropertyValueSpecification","valueRequired":true,"valueName":"search_term_string"}}],"inLanguage":"fr-CA"}]}},"_links":{"self":[{"href":"https:\/\/askphysiomontreal.com\/fr\/wp-json\/wp\/v2\/pages\/2416","targetHints":{"allow":["GET"]}}],"collection":[{"href":"https:\/\/askphysiomontreal.com\/fr\/wp-json\/wp\/v2\/pages"}],"about":[{"href":"https:\/\/askphysiomontreal.com\/fr\/wp-json\/wp\/v2\/types\/page"}],"author":[{"embeddable":true,"href":"https:\/\/askphysiomontreal.com\/fr\/wp-json\/wp\/v2\/users\/2"}],"replies":[{"embeddable":true,"href":"https:\/\/askphysiomontreal.com\/fr\/wp-json\/wp\/v2\/comments?post=2416"}],"version-history":[{"count":4,"href":"https:\/\/askphysiomontreal.com\/fr\/wp-json\/wp\/v2\/pages\/2416\/revisions"}],"predecessor-version":[{"id":2420,"href":"https:\/\/askphysiomontreal.com\/fr\/wp-json\/wp\/v2\/pages\/2416\/revisions\/2420"}],"wp:attachment":[{"href":"https:\/\/askphysiomontreal.com\/fr\/wp-json\/wp\/v2\/media?parent=2416"}],"curies":[{"name":"wp","href":"https:\/\/api.w.org\/{rel}","templated":true}]}}