{"id":2369,"date":"2024-01-04T11:39:47","date_gmt":"2024-01-04T16:39:47","guid":{"rendered":"http:\/\/askphysiomontreal.com\/?page_id=2369\/"},"modified":"2024-11-29T08:41:27","modified_gmt":"2024-11-29T13:41:27","slug":"isabelle-kienzle-m-sc-pt","status":"publish","type":"page","link":"https:\/\/askphysiomontreal.com\/fr\/isabelle-kienzle-m-sc-pt\/","title":{"rendered":"ISABELLE KIENZLE M.SC PT"},"content":{"rendered":"<p><div class=\"fusion-fullwidth fullwidth-box fusion-builder-row-1 nonhundred-percent-fullwidth non-hundred-percent-height-scrolling\"  style='background-color: rgba(255,255,255,0);background-position: center center;background-repeat: no-repeat;padding-top:20px;padding-right:0px;padding-bottom:0px;padding-left:0px;'><div class=\"fusion-builder-row fusion-row \"><div  class=\"fusion-layout-column fusion_builder_column fusion_builder_column_1_2 fusion-builder-column-0 fusion-one-half fusion-column-first 1_2\"  style='margin-top:0px;margin-bottom:30px;width:50%;width:calc(50% - ( ( 4% ) * 0.5 ) );margin-right: 4%;'><div class=\"fusion-column-wrapper\" style=\"padding: 0px 0px 0px 0px;background-position:left top;background-repeat:no-repeat;-webkit-background-size:cover;-moz-background-size:cover;-o-background-size:cover;background-size:cover;\"   data-bg-url=\"\"><div class=\"fusion-text\"><h1>ISABELLE KIENZLE M.SC PT<\/h1>\n<\/div><div class=\"fusion-text\"><p class=\"p1\">Isabelle Kienzle pht, est physioth\u00e9rapeute et membre de l\u2019Ordre Professionnel de la Physioth\u00e9rapie du Qu\u00e9bec (OPPQ). Elle est dipl\u00f4m\u00e9e de l\u2019Universit\u00e9 de Montr\u00e9al avec une ma\u00eetrise en physioth\u00e9rapie.<\/p>\n<p class=\"p1\">Isabelle se passionne pour la r\u00e9\u00e9ducation du plancher pelvien depuis qu\u2019elle a \u00e9t\u00e9 cliente chez ASK Physioth\u00e9rapie. Son exp\u00e9rience l&rsquo;a inspir\u00e9e \u00e0 poursuivre sa carri\u00e8re en r\u00e9\u00e9ducation p\u00e9rin\u00e9ale et \u00e0 redonner \u00e0 la communaut\u00e9 tout ce qu&rsquo;elle a appris personnellement et professionnellement. Elle s\u2019int\u00e9resse \u00e0 plusieurs facettes de la physioth\u00e9rapie du plancher pelvien telles que le traitement de l\u2019incontinence urinaire, des douleurs pelviennes et de la dysfonction sexuelle.<\/p>\n<p class=\"p1\">En plus de son travail professionnel, Isabelle a \u00e9galement fait du ballet classique pendant 12 ans. Elle est maintenant coach de danse pour des spectacles de com\u00e9die musicale. Son exp\u00e9rience du mouvement et de la forme guide sa pratique.<\/p>\n<\/div><div class=\"fusion-sep-clear\"><\/div><div class=\"fusion-separator fusion-full-width-sep sep-none\" style=\"margin-left: auto;margin-right: auto;margin-top:60px;\"><\/div><div class=\"fusion-button-wrapper fusion-aligncenter\"><style type=\"text\/css\">.fusion-button.button-1 {border-radius:25px;}<\/style><a class=\"fusion-button button-flat fusion-button-default-size button-default button-1 fusion-button-span-no fusion-button-default-type\" target=\"_self\" href=\"\/make-appointment\/\"><span class=\"fusion-button-text\">Prendre Rendez-Vous<\/span><\/a><\/div><div class=\"fusion-clearfix\"><\/div><\/div><\/div><div  class=\"fusion-layout-column fusion_builder_column fusion_builder_column_1_2 fusion-builder-column-1 fusion-one-half fusion-column-last 1_2\"  style='margin-top:0px;margin-bottom:30px;width:50%;width:calc(50% - ( ( 4% ) * 0.5 ) );'><div class=\"fusion-column-wrapper\" style=\"padding: 0px 0px 0px 0px;background-position:left top;background-repeat:no-repeat;-webkit-background-size:cover;-moz-background-size:cover;-o-background-size:cover;background-size:cover;\"   data-bg-url=\"\"><div class=\"imageframe-align-center\"><span style=\"-webkit-box-shadow: 3px 3px 7px rgba(89,15,68,0.3);box-shadow: 3px 3px 7px rgba(89,15,68,0.3);\" class=\"fusion-imageframe imageframe-dropshadow imageframe-1 hover-type-none\"><img loading=\"lazy\" decoding=\"async\" src=\"http:\/\/askphysiomontreal.com\/wp-content\/uploads\/2024\/11\/Isabele-2-4-scaled.jpeg\" width=\"1762\" height=\"2560\" alt=\"\" title=\"Isabele 2\" class=\"img-responsive wp-image-2467\" srcset=\"https:\/\/askphysiomontreal.com\/wp-content\/uploads\/2024\/11\/Isabele-2-4-206x300.jpeg 206w, https:\/\/askphysiomontreal.com\/wp-content\/uploads\/2024\/11\/Isabele-2-4-705x1024.jpeg 705w, https:\/\/askphysiomontreal.com\/wp-content\/uploads\/2024\/11\/Isabele-2-4-768x1116.jpeg 768w, https:\/\/askphysiomontreal.com\/wp-content\/uploads\/2024\/11\/Isabele-2-4-scaled.jpeg 1762w\" sizes=\"auto, (max-width: 1762px) 100vw, 1762px\" \/><\/span><\/div><div class=\"fusion-clearfix\"><\/div><\/div><\/div><\/div><\/div><div class=\"fusion-fullwidth fullwidth-box fusion-builder-row-2 nonhundred-percent-fullwidth non-hundred-percent-height-scrolling\"  style='background-color: rgba(255,255,255,0);background-position: left top;background-repeat: no-repeat;padding-top:10px;padding-right:0px;padding-bottom:10px;padding-left:0px;border-top-width:0px;border-bottom-width:0px;border-color:#eae9e9;border-top-style:solid;border-bottom-style:solid;'><div class=\"fusion-builder-row fusion-row \"><div  class=\"fusion-layout-column fusion_builder_column fusion_builder_column_1_1 fusion-builder-column-2 fusion-one-full fusion-column-first fusion-column-last fusion-column-no-min-height 1_1\"  style='margin-top:0px;margin-bottom:0px;'><div class=\"fusion-column-wrapper\" style=\"padding: 0px 0px 0px 0px;background-position:left top;background-repeat:no-repeat;-webkit-background-size:cover;-moz-background-size:cover;-o-background-size:cover;background-size:cover;\"   data-bg-url=\"\"><div class=\"fusion-content-boxes content-boxes columns row fusion-columns-3 fusion-columns-total-3 fusion-content-boxes-1 content-boxes-icon-on-top content-left\" data-animationOffset=\"100%\" style=\"margin-top:30px;margin-bottom:30px;\"><style type=\"text\/css\">.fusion-content-boxes-1 .heading .content-box-heading {color:#590f44;}\n\t\t\t\t\t.fusion-content-boxes-1 .fusion-content-box-hover .link-area-link-icon-hover .heading .content-box-heading,\n\t\t\t\t\t.fusion-content-boxes-1 .fusion-content-box-hover .link-area-link-icon-hover .heading .heading-link .content-box-heading,\n\t\t\t\t\t.fusion-content-boxes-1 .fusion-content-box-hover .link-area-box-hover .heading .content-box-heading,\n\t\t\t\t\t.fusion-content-boxes-1 .fusion-content-box-hover .link-area-box-hover .heading .heading-link .content-box-heading,\n\t\t\t\t\t.fusion-content-boxes-1 .fusion-content-box-hover .link-area-link-icon-hover.link-area-box .fusion-read-more,\n\t\t\t\t\t.fusion-content-boxes-1 .fusion-content-box-hover .link-area-link-icon-hover.link-area-box .fusion-read-more::after,\n\t\t\t\t\t.fusion-content-boxes-1 .fusion-content-box-hover .link-area-link-icon-hover.link-area-box .fusion-read-more::before,\n\t\t\t\t\t.fusion-content-boxes-1 .fusion-content-box-hover .fusion-read-more:hover:after,\n\t\t\t\t\t.fusion-content-boxes-1 .fusion-content-box-hover .fusion-read-more:hover:before,\n\t\t\t\t\t.fusion-content-boxes-1 .fusion-content-box-hover .fusion-read-more:hover,\n\t\t\t\t\t.fusion-content-boxes-1 .fusion-content-box-hover .link-area-box-hover.link-area-box .fusion-read-more,\n\t\t\t\t\t.fusion-content-boxes-1 .fusion-content-box-hover .link-area-box-hover.link-area-box .fusion-read-more::after,\n\t\t\t\t\t.fusion-content-boxes-1 .fusion-content-box-hover .link-area-box-hover.link-area-box .fusion-read-more::before,\n\t\t\t\t\t.fusion-content-boxes-1 .fusion-content-box-hover .link-area-link-icon-hover .icon .circle-no,\n\t\t\t\t\t.fusion-content-boxes-1 .heading .heading-link:hover .content-box-heading {\n\t\t\t\t\t\tcolor: #9b2676;\n\t\t\t\t\t}\n\t\t\t\t\t.fusion-content-boxes-1 .fusion-content-box-hover .link-area-box-hover .icon .circle-no {\n\t\t\t\t\t\tcolor: #9b2676 !important;\n\t\t\t\t\t}.fusion-content-boxes-1 .fusion-content-box-hover .link-area-box.link-area-box-hover .fusion-content-box-button {background: #7a004f;color: #ffffff;background-image: -webkit-gradient( linear, left bottom, left top, from( #7a1155 ), to( #7a004f ) );background-image: linear-gradient( to top, #7a1155, #7a004f )}.fusion-content-boxes-1 .fusion-content-box-hover .link-area-box.link-area-box-hover .fusion-content-box-button .fusion-button-text {color: #ffffff;}\n\t\t\t\t\t.fusion-content-boxes-1 .fusion-content-box-hover .link-area-link-icon-hover .heading .icon > span {\n\t\t\t\t\t\tbackground-color: #9b2676 !important;\n\t\t\t\t\t}\n\t\t\t\t\t.fusion-content-boxes-1 .fusion-content-box-hover .link-area-box-hover .heading .icon > span {\n\t\t\t\t\t\tborder-color: #9b2676 !important;\n\t\t\t\t\t}<\/style><div class=\"fusion-column content-box-column content-box-column content-box-column-1 col-lg-4 col-md-4 col-sm-4 fusion-content-box-hover content-box-column-first-in-row\"><div class=\"col content-box-wrapper content-wrapper link-area-box link-type-text content-icon-wrapper-yes icon-hover-animation-fade\" style=\"background-color:rgba(255,255,255,0);\" data-link=\"\/about\/for-the-men\/\" data-link-target=\"_self\" data-animationOffset=\"100%\"><div class=\"heading heading-with-icon icon-left\"><a class=\"heading-link\" href=\"\/about\/for-the-men\/\" target=\"_self\"><div class=\"image\"><img decoding=\"async\" src=\"https:\/\/askphysiomontreal.com\/wp-content\/uploads\/2015\/12\/male.png\" width=\"200\" height=\"220.8\" alt=\"\" \/><\/div><h2 class=\"content-box-heading\" style=\"font-size:28px;line-height:33px;\">FOR THE MEN<\/h2><\/a><\/div><div class=\"fusion-clearfix\"><\/div><div class=\"content-container\" style=\"color:#747474;\">\n<p>Pelvic floor dysfunction IS a mens issue.<\/p>\n<p>Urine and bowel leakage CAN be treated.<\/p>\n<p>Your pelvic pain CAN be controlled.<\/p>\n<p>Change happens here.<\/p>\n<\/div><\/div><\/div><div class=\"fusion-column content-box-column content-box-column content-box-column-2 col-lg-4 col-md-4 col-sm-4 fusion-content-box-hover \"><div class=\"col content-box-wrapper content-wrapper link-area-box link-type-text content-icon-wrapper-yes icon-hover-animation-fade\" style=\"background-color:rgba(255,255,255,0);\" data-link=\"\/about\/for-the-women\/\" data-link-target=\"_self\" data-animationOffset=\"100%\"><div class=\"heading heading-with-icon icon-left\"><a class=\"heading-link\" href=\"\/about\/for-the-women\/\" target=\"_self\"><div class=\"image\"><img decoding=\"async\" src=\"https:\/\/askphysiomontreal.com\/wp-content\/uploads\/2015\/12\/female.png\" width=\"200\" height=\"220.8\" alt=\"\" \/><\/div><h2 class=\"content-box-heading\" style=\"font-size:28px;line-height:33px;\">FOR THE WOMEN<\/h2><\/a><\/div><div class=\"fusion-clearfix\"><\/div><div class=\"content-container\" style=\"color:#747474;\">\n<p>Treatment for urine leakage is MORE than Kegels.<\/p>\n<p>Postpartum care STARTS in Pregnancy.<\/p>\n<p>Pain free Sex IS possible at ANY age.<\/p>\n<p>Change happens here.<\/p>\n<\/div><\/div><\/div><div class=\"fusion-column content-box-column content-box-column content-box-column-3 col-lg-4 col-md-4 col-sm-4 fusion-content-box-hover content-box-column-last content-box-column-last-in-row\"><div class=\"col content-box-wrapper content-wrapper link-area-box link-type-text content-icon-wrapper-yes icon-hover-animation-fade\" style=\"background-color:rgba(255,255,255,0);\" data-link=\"\/about\/for-the-transgender-community\/\" data-link-target=\"_self\" data-animationOffset=\"100%\"><div class=\"heading heading-with-icon icon-left\"><a class=\"heading-link\" href=\"\/about\/for-the-transgender-community\/\" target=\"_self\"><div class=\"image\"><img decoding=\"async\" src=\"https:\/\/askphysiomontreal.com\/wp-content\/uploads\/2015\/12\/transgender.png\" width=\"200\" height=\"220.8\" alt=\"\" \/><\/div><h2 class=\"content-box-heading\" style=\"font-size:28px;line-height:33px;\">FOR THE TRANSGENDER COMMUNITY<\/h2><\/a><\/div><div class=\"fusion-clearfix\"><\/div><div class=\"content-container\" style=\"color:#747474;\">\n<p>SUPPORT for the physical journey.<\/p>\n<p>Creating an environment of HEALING.<\/p>\n<p>FUNCTION without fear.<\/p>\n<p>Change happens here.<\/p>\n<\/div><\/div><\/div><style type=\"text\/css\">\n\t\t\t\t\t\t.fusion-content-boxes-1 .fusion-content-box-hover .heading-link:hover .icon i.circle-yes,\n\t\t\t\t\t\t.fusion-content-boxes-1 .fusion-content-box-hover .link-area-box:hover .heading-link .icon i.circle-yes,\n\t\t\t\t\t\t.fusion-content-boxes-1 .fusion-content-box-hover .link-area-link-icon-hover .heading .icon i.circle-yes,\n\t\t\t\t\t\t.fusion-content-boxes-1 .fusion-content-box-hover .link-area-box-hover .heading .icon i.circle-yes {\n\t\t\t\t\t\t\tbackground-color: #9b2676 !important;\n\t\t\t\t\t\t\tborder-color: #9b2676 !important;\n\t\t\t\t\t\t}<\/style><div class=\"fusion-clearfix\"><\/div><\/div><div class=\"fusion-clearfix\"><\/div><\/div><\/div><\/div><\/div><\/p>\n","protected":false},"excerpt":{"rendered":"","protected":false},"author":2,"featured_media":0,"parent":0,"menu_order":0,"comment_status":"closed","ping_status":"closed","template":"","meta":{"footnotes":""},"class_list":["post-2369","page","type-page","status-publish","placeholder-for-hentry"],"yoast_head":"<!-- This site is optimized with the Yoast SEO plugin v27.2 - https:\/\/yoast.com\/product\/yoast-seo-wordpress\/ -->\n<title>ISABELLE KIENZLE M.SC PT - Amadea S. Kezar Physioth\u00e9rapie - (514) 777-5435<\/title>\n<meta name=\"description\" content=\"Physioth\u00e9rapeute et membre de l\u2019Ordre Professionnel de la Physioth\u00e9rapie du Qu\u00e9bec (OPPQ). Elle est dipl\u00f4m\u00e9e de l\u2019Universit\u00e9 de Montr\u00e9al avec une ma\u00eetrise en physioth\u00e9rapie.Isabelle se passionne pour la r\u00e9\u00e9ducation du plancher pelvien depuis qu\u2019elle a \u00e9t\u00e9 cliente chez ASK Physioth\u00e9rapie.\" \/>\n<meta name=\"robots\" content=\"index, follow, max-snippet:-1, max-image-preview:large, max-video-preview:-1\" \/>\n<link rel=\"canonical\" href=\"https:\/\/askphysiomontreal.com\/fr\/isabelle-kienzle-m-sc-pt\/\" \/>\n<meta property=\"og:locale\" content=\"fr_CA\" \/>\n<meta property=\"og:type\" content=\"article\" \/>\n<meta property=\"og:title\" content=\"ISABELLE KIENZLE M.SC PT - Amadea S. Kezar Physioth\u00e9rapie - (514) 777-5435\" \/>\n<meta property=\"og:description\" content=\"Physioth\u00e9rapeute et membre de l\u2019Ordre Professionnel de la Physioth\u00e9rapie du Qu\u00e9bec (OPPQ). Elle est dipl\u00f4m\u00e9e de l\u2019Universit\u00e9 de Montr\u00e9al avec une ma\u00eetrise en physioth\u00e9rapie.Isabelle se passionne pour la r\u00e9\u00e9ducation du plancher pelvien depuis qu\u2019elle a \u00e9t\u00e9 cliente chez ASK Physioth\u00e9rapie.\" \/>\n<meta property=\"og:url\" content=\"https:\/\/askphysiomontreal.com\/fr\/isabelle-kienzle-m-sc-pt\/\" \/>\n<meta property=\"og:site_name\" content=\"Amadea S. Kezar Physioth\u00e9rapie - (514) 777-5435\" \/>\n<meta property=\"article:modified_time\" content=\"2024-11-29T13:41:27+00:00\" \/>\n<meta name=\"twitter:card\" content=\"summary_large_image\" \/>\n<meta name=\"twitter:label1\" content=\"Estimation du temps de lecture\" \/>\n\t<meta name=\"twitter:data1\" content=\"3 minutes\" \/>\n<script type=\"application\/ld+json\" class=\"yoast-schema-graph\">{\"@context\":\"https:\/\/schema.org\",\"@graph\":[{\"@type\":\"WebPage\",\"@id\":\"https:\/\/askphysiomontreal.com\/fr\/isabelle-kienzle-m-sc-pt\/\",\"url\":\"https:\/\/askphysiomontreal.com\/fr\/isabelle-kienzle-m-sc-pt\/\",\"name\":\"ISABELLE KIENZLE M.SC PT - Amadea S. Kezar Physioth\u00e9rapie - (514) 777-5435\",\"isPartOf\":{\"@id\":\"https:\/\/askphysiomontreal.com\/#website\"},\"datePublished\":\"2024-01-04T16:39:47+00:00\",\"dateModified\":\"2024-11-29T13:41:27+00:00\",\"description\":\"Physioth\u00e9rapeute et membre de l\u2019Ordre Professionnel de la Physioth\u00e9rapie du Qu\u00e9bec (OPPQ). Elle est dipl\u00f4m\u00e9e de l\u2019Universit\u00e9 de Montr\u00e9al avec une ma\u00eetrise en physioth\u00e9rapie.Isabelle se passionne pour la r\u00e9\u00e9ducation du plancher pelvien depuis qu\u2019elle a \u00e9t\u00e9 cliente chez ASK Physioth\u00e9rapie.\",\"breadcrumb\":{\"@id\":\"https:\/\/askphysiomontreal.com\/fr\/isabelle-kienzle-m-sc-pt\/#breadcrumb\"},\"inLanguage\":\"fr-CA\",\"potentialAction\":[{\"@type\":\"ReadAction\",\"target\":[\"https:\/\/askphysiomontreal.com\/fr\/isabelle-kienzle-m-sc-pt\/\"]}]},{\"@type\":\"BreadcrumbList\",\"@id\":\"https:\/\/askphysiomontreal.com\/fr\/isabelle-kienzle-m-sc-pt\/#breadcrumb\",\"itemListElement\":[{\"@type\":\"ListItem\",\"position\":1,\"name\":\"Home\",\"item\":\"https:\/\/askphysiomontreal.com\/fr\/\"},{\"@type\":\"ListItem\",\"position\":2,\"name\":\"ISABELLE KIENZLE M.SC PT\"}]},{\"@type\":\"WebSite\",\"@id\":\"https:\/\/askphysiomontreal.com\/#website\",\"url\":\"https:\/\/askphysiomontreal.com\/\",\"name\":\"Amadea S. Kezar Physioth\u00e9rapie - (514) 777-5435\",\"description\":\"Pelvic health center in Montreal, Quebec. Physiotherapy and programs for pelvic floor dysfunction: urinary incontinence, pelvic and genital pain, pelvic organ prolapse, pregnancy and pre\/post operative care including sex reassignment surgery. Pelvic hope for all.\",\"potentialAction\":[{\"@type\":\"SearchAction\",\"target\":{\"@type\":\"EntryPoint\",\"urlTemplate\":\"https:\/\/askphysiomontreal.com\/?s={search_term_string}\"},\"query-input\":{\"@type\":\"PropertyValueSpecification\",\"valueRequired\":true,\"valueName\":\"search_term_string\"}}],\"inLanguage\":\"fr-CA\"}]}<\/script>\n<!-- \/ Yoast SEO plugin. -->","yoast_head_json":{"title":"ISABELLE KIENZLE M.SC PT - Amadea S. Kezar Physioth\u00e9rapie - (514) 777-5435","description":"Physioth\u00e9rapeute et membre de l\u2019Ordre Professionnel de la Physioth\u00e9rapie du Qu\u00e9bec (OPPQ). Elle est dipl\u00f4m\u00e9e de l\u2019Universit\u00e9 de Montr\u00e9al avec une ma\u00eetrise en physioth\u00e9rapie.Isabelle se passionne pour la r\u00e9\u00e9ducation du plancher pelvien depuis qu\u2019elle a \u00e9t\u00e9 cliente chez ASK Physioth\u00e9rapie.","robots":{"index":"index","follow":"follow","max-snippet":"max-snippet:-1","max-image-preview":"max-image-preview:large","max-video-preview":"max-video-preview:-1"},"canonical":"https:\/\/askphysiomontreal.com\/fr\/isabelle-kienzle-m-sc-pt\/","og_locale":"fr_CA","og_type":"article","og_title":"ISABELLE KIENZLE M.SC PT - Amadea S. Kezar Physioth\u00e9rapie - (514) 777-5435","og_description":"Physioth\u00e9rapeute et membre de l\u2019Ordre Professionnel de la Physioth\u00e9rapie du Qu\u00e9bec (OPPQ). Elle est dipl\u00f4m\u00e9e de l\u2019Universit\u00e9 de Montr\u00e9al avec une ma\u00eetrise en physioth\u00e9rapie.Isabelle se passionne pour la r\u00e9\u00e9ducation du plancher pelvien depuis qu\u2019elle a \u00e9t\u00e9 cliente chez ASK Physioth\u00e9rapie.","og_url":"https:\/\/askphysiomontreal.com\/fr\/isabelle-kienzle-m-sc-pt\/","og_site_name":"Amadea S. Kezar Physioth\u00e9rapie - (514) 777-5435","article_modified_time":"2024-11-29T13:41:27+00:00","twitter_card":"summary_large_image","twitter_misc":{"Estimation du temps de lecture":"3 minutes"},"schema":{"@context":"https:\/\/schema.org","@graph":[{"@type":"WebPage","@id":"https:\/\/askphysiomontreal.com\/fr\/isabelle-kienzle-m-sc-pt\/","url":"https:\/\/askphysiomontreal.com\/fr\/isabelle-kienzle-m-sc-pt\/","name":"ISABELLE KIENZLE M.SC PT - Amadea S. Kezar Physioth\u00e9rapie - (514) 777-5435","isPartOf":{"@id":"https:\/\/askphysiomontreal.com\/#website"},"datePublished":"2024-01-04T16:39:47+00:00","dateModified":"2024-11-29T13:41:27+00:00","description":"Physioth\u00e9rapeute et membre de l\u2019Ordre Professionnel de la Physioth\u00e9rapie du Qu\u00e9bec (OPPQ). Elle est dipl\u00f4m\u00e9e de l\u2019Universit\u00e9 de Montr\u00e9al avec une ma\u00eetrise en physioth\u00e9rapie.Isabelle se passionne pour la r\u00e9\u00e9ducation du plancher pelvien depuis qu\u2019elle a \u00e9t\u00e9 cliente chez ASK Physioth\u00e9rapie.","breadcrumb":{"@id":"https:\/\/askphysiomontreal.com\/fr\/isabelle-kienzle-m-sc-pt\/#breadcrumb"},"inLanguage":"fr-CA","potentialAction":[{"@type":"ReadAction","target":["https:\/\/askphysiomontreal.com\/fr\/isabelle-kienzle-m-sc-pt\/"]}]},{"@type":"BreadcrumbList","@id":"https:\/\/askphysiomontreal.com\/fr\/isabelle-kienzle-m-sc-pt\/#breadcrumb","itemListElement":[{"@type":"ListItem","position":1,"name":"Home","item":"https:\/\/askphysiomontreal.com\/fr\/"},{"@type":"ListItem","position":2,"name":"ISABELLE KIENZLE M.SC PT"}]},{"@type":"WebSite","@id":"https:\/\/askphysiomontreal.com\/#website","url":"https:\/\/askphysiomontreal.com\/","name":"Amadea S. Kezar Physioth\u00e9rapie - (514) 777-5435","description":"Pelvic health center in Montreal, Quebec. Physiotherapy and programs for pelvic floor dysfunction: urinary incontinence, pelvic and genital pain, pelvic organ prolapse, pregnancy and pre\/post operative care including sex reassignment surgery. Pelvic hope for all.","potentialAction":[{"@type":"SearchAction","target":{"@type":"EntryPoint","urlTemplate":"https:\/\/askphysiomontreal.com\/?s={search_term_string}"},"query-input":{"@type":"PropertyValueSpecification","valueRequired":true,"valueName":"search_term_string"}}],"inLanguage":"fr-CA"}]}},"_links":{"self":[{"href":"https:\/\/askphysiomontreal.com\/fr\/wp-json\/wp\/v2\/pages\/2369","targetHints":{"allow":["GET"]}}],"collection":[{"href":"https:\/\/askphysiomontreal.com\/fr\/wp-json\/wp\/v2\/pages"}],"about":[{"href":"https:\/\/askphysiomontreal.com\/fr\/wp-json\/wp\/v2\/types\/page"}],"author":[{"embeddable":true,"href":"https:\/\/askphysiomontreal.com\/fr\/wp-json\/wp\/v2\/users\/2"}],"replies":[{"embeddable":true,"href":"https:\/\/askphysiomontreal.com\/fr\/wp-json\/wp\/v2\/comments?post=2369"}],"version-history":[{"count":4,"href":"https:\/\/askphysiomontreal.com\/fr\/wp-json\/wp\/v2\/pages\/2369\/revisions"}],"predecessor-version":[{"id":2470,"href":"https:\/\/askphysiomontreal.com\/fr\/wp-json\/wp\/v2\/pages\/2369\/revisions\/2470"}],"wp:attachment":[{"href":"https:\/\/askphysiomontreal.com\/fr\/wp-json\/wp\/v2\/media?parent=2369"}],"curies":[{"name":"wp","href":"https:\/\/api.w.org\/{rel}","templated":true}]}}