{"id":2364,"date":"2024-01-03T20:47:49","date_gmt":"2024-01-04T01:47:49","guid":{"rendered":"http:\/\/askphysiomontreal.com\/?page_id=2364\/"},"modified":"2024-01-04T11:48:08","modified_gmt":"2024-01-04T16:48:08","slug":"candice-robson-assistante-administrative","status":"publish","type":"page","link":"https:\/\/askphysiomontreal.com\/fr\/candice-robson-assistante-administrative\/","title":{"rendered":"CANDICE ROBSON &#8211; ASSISTANTE ADMINISTRATIVE"},"content":{"rendered":"<p><div class=\"fusion-fullwidth fullwidth-box fusion-builder-row-1 nonhundred-percent-fullwidth non-hundred-percent-height-scrolling\"  style='background-color: rgba(255,255,255,0);background-position: center center;background-repeat: no-repeat;padding-top:20px;padding-right:0px;padding-bottom:0px;padding-left:0px;'><div class=\"fusion-builder-row fusion-row \"><div  class=\"fusion-layout-column fusion_builder_column fusion_builder_column_1_2 fusion-builder-column-0 fusion-one-half fusion-column-first 1_2\"  style='margin-top:0px;margin-bottom:30px;width:50%;width:calc(50% - ( ( 4% ) * 0.5 ) );margin-right: 4%;'><div class=\"fusion-column-wrapper\" style=\"padding: 0px 0px 0px 0px;background-position:left top;background-repeat:no-repeat;-webkit-background-size:cover;-moz-background-size:cover;-o-background-size:cover;background-size:cover;\"   data-bg-url=\"\"><div class=\"fusion-text\"><h1>CANDICE ROBSON &#8211; ASSISTANTE ADMINISTRATIVE<\/h1>\n<\/div><div class=\"fusion-text\"><div>\n<div>\n<p>Candice a plus de 20 ans d&rsquo;exp\u00e9rience en service \u00e0 la client\u00e8le et son int\u00e9r\u00eat pour la sant\u00e9 pelvienne l&rsquo;a incit\u00e9e \u00e0 mettre ses comp\u00e9tences au service d&rsquo;ASK.<\/p>\n<p>Candice adore entrer en contact avec les clients et s&rsquo;assurer que chacun est accueilli chaleureusement et se sent \u00e0 l&rsquo;aise d\u00e8s son arriv\u00e9e.<\/p>\n<p>En plus de garder le bureau en bon \u00e9tat de marche, Candice est une m\u00e8re sportive \u00e0 temps plein. Lorsqu&rsquo;elle n&rsquo;est pas dans l&rsquo;ar\u00e8ne de hockey ou sur le terrain de baseball \u00e0 encourager ses deux gar\u00e7ons, elle s&rsquo;adonne aux concerts de rock, au disc golf et au ski alpin.<\/p>\n<\/div>\n<\/div>\n<div><\/div>\n<\/div><div class=\"fusion-sep-clear\"><\/div><div class=\"fusion-separator fusion-full-width-sep sep-none\" style=\"margin-left: auto;margin-right: auto;margin-top:60px;\"><\/div><div class=\"fusion-button-wrapper fusion-aligncenter\"><style type=\"text\/css\">.fusion-button.button-1 {border-radius:25px;}<\/style><a class=\"fusion-button button-flat fusion-button-default-size button-default button-1 fusion-button-span-no fusion-button-default-type\" target=\"_self\" href=\"\/make-appointment\/\"><span class=\"fusion-button-text\">Prendre Rendez-Vous<\/span><\/a><\/div><div class=\"fusion-clearfix\"><\/div><\/div><\/div><div  class=\"fusion-layout-column fusion_builder_column fusion_builder_column_1_2 fusion-builder-column-1 fusion-one-half fusion-column-last 1_2\"  style='margin-top:0px;margin-bottom:30px;width:50%;width:calc(50% - ( ( 4% ) * 0.5 ) );'><div class=\"fusion-column-wrapper\" style=\"padding: 0px 0px 0px 0px;background-position:left top;background-repeat:no-repeat;-webkit-background-size:cover;-moz-background-size:cover;-o-background-size:cover;background-size:cover;\"   data-bg-url=\"\"><div class=\"imageframe-align-center\"><span style=\"-webkit-box-shadow: 3px 3px 7px rgba(89,15,68,0.3);box-shadow: 3px 3px 7px rgba(89,15,68,0.3);\" class=\"fusion-imageframe imageframe-dropshadow imageframe-1 hover-type-none\"><img loading=\"lazy\" decoding=\"async\" src=\"http:\/\/askphysiomontreal.com\/wp-content\/uploads\/2023\/12\/IMG_2753-1-scaled.jpg\" width=\"2055\" height=\"2560\" alt=\"\" title=\"IMG_2753\" class=\"img-responsive wp-image-2338\" srcset=\"https:\/\/askphysiomontreal.com\/wp-content\/uploads\/2023\/12\/IMG_2753-1-200x249.jpg 200w, https:\/\/askphysiomontreal.com\/wp-content\/uploads\/2023\/12\/IMG_2753-1-400x498.jpg 400w, https:\/\/askphysiomontreal.com\/wp-content\/uploads\/2023\/12\/IMG_2753-1-600x747.jpg 600w, https:\/\/askphysiomontreal.com\/wp-content\/uploads\/2023\/12\/IMG_2753-1-800x997.jpg 800w, https:\/\/askphysiomontreal.com\/wp-content\/uploads\/2023\/12\/IMG_2753-1-1200x1495.jpg 1200w, https:\/\/askphysiomontreal.com\/wp-content\/uploads\/2023\/12\/IMG_2753-1.jpg 2055w\" sizes=\"auto, (max-width: 800px) 100vw, 600px\" \/><\/span><\/div><div class=\"fusion-clearfix\"><\/div><\/div><\/div><\/div><\/div><div class=\"fusion-fullwidth fullwidth-box fusion-builder-row-2 nonhundred-percent-fullwidth non-hundred-percent-height-scrolling\"  style='background-color: rgba(255,255,255,0);background-position: left top;background-repeat: no-repeat;padding-top:10px;padding-right:0px;padding-bottom:10px;padding-left:0px;border-top-width:0px;border-bottom-width:0px;border-color:#eae9e9;border-top-style:solid;border-bottom-style:solid;'><div class=\"fusion-builder-row fusion-row \"><div  class=\"fusion-layout-column fusion_builder_column fusion_builder_column_1_1 fusion-builder-column-2 fusion-one-full fusion-column-first fusion-column-last fusion-column-no-min-height 1_1\"  style='margin-top:0px;margin-bottom:0px;'><div class=\"fusion-column-wrapper\" style=\"padding: 0px 0px 0px 0px;background-position:left top;background-repeat:no-repeat;-webkit-background-size:cover;-moz-background-size:cover;-o-background-size:cover;background-size:cover;\"   data-bg-url=\"\"><div class=\"fusion-content-boxes content-boxes columns row fusion-columns-3 fusion-columns-total-3 fusion-content-boxes-1 content-boxes-icon-on-top content-left\" data-animationOffset=\"100%\" style=\"margin-top:30px;margin-bottom:30px;\"><style type=\"text\/css\">.fusion-content-boxes-1 .heading .content-box-heading {color:#590f44;}\n\t\t\t\t\t.fusion-content-boxes-1 .fusion-content-box-hover .link-area-link-icon-hover .heading .content-box-heading,\n\t\t\t\t\t.fusion-content-boxes-1 .fusion-content-box-hover .link-area-link-icon-hover .heading .heading-link .content-box-heading,\n\t\t\t\t\t.fusion-content-boxes-1 .fusion-content-box-hover .link-area-box-hover .heading .content-box-heading,\n\t\t\t\t\t.fusion-content-boxes-1 .fusion-content-box-hover .link-area-box-hover .heading .heading-link .content-box-heading,\n\t\t\t\t\t.fusion-content-boxes-1 .fusion-content-box-hover .link-area-link-icon-hover.link-area-box .fusion-read-more,\n\t\t\t\t\t.fusion-content-boxes-1 .fusion-content-box-hover .link-area-link-icon-hover.link-area-box .fusion-read-more::after,\n\t\t\t\t\t.fusion-content-boxes-1 .fusion-content-box-hover .link-area-link-icon-hover.link-area-box .fusion-read-more::before,\n\t\t\t\t\t.fusion-content-boxes-1 .fusion-content-box-hover .fusion-read-more:hover:after,\n\t\t\t\t\t.fusion-content-boxes-1 .fusion-content-box-hover .fusion-read-more:hover:before,\n\t\t\t\t\t.fusion-content-boxes-1 .fusion-content-box-hover .fusion-read-more:hover,\n\t\t\t\t\t.fusion-content-boxes-1 .fusion-content-box-hover .link-area-box-hover.link-area-box .fusion-read-more,\n\t\t\t\t\t.fusion-content-boxes-1 .fusion-content-box-hover .link-area-box-hover.link-area-box .fusion-read-more::after,\n\t\t\t\t\t.fusion-content-boxes-1 .fusion-content-box-hover .link-area-box-hover.link-area-box .fusion-read-more::before,\n\t\t\t\t\t.fusion-content-boxes-1 .fusion-content-box-hover .link-area-link-icon-hover .icon .circle-no,\n\t\t\t\t\t.fusion-content-boxes-1 .heading .heading-link:hover .content-box-heading {\n\t\t\t\t\t\tcolor: #9b2676;\n\t\t\t\t\t}\n\t\t\t\t\t.fusion-content-boxes-1 .fusion-content-box-hover .link-area-box-hover .icon .circle-no {\n\t\t\t\t\t\tcolor: #9b2676 !important;\n\t\t\t\t\t}.fusion-content-boxes-1 .fusion-content-box-hover .link-area-box.link-area-box-hover .fusion-content-box-button {background: #7a004f;color: #ffffff;background-image: -webkit-gradient( linear, left bottom, left top, from( #7a1155 ), to( #7a004f ) );background-image: linear-gradient( to top, #7a1155, #7a004f )}.fusion-content-boxes-1 .fusion-content-box-hover .link-area-box.link-area-box-hover .fusion-content-box-button .fusion-button-text {color: #ffffff;}\n\t\t\t\t\t.fusion-content-boxes-1 .fusion-content-box-hover .link-area-link-icon-hover .heading .icon > span {\n\t\t\t\t\t\tbackground-color: #9b2676 !important;\n\t\t\t\t\t}\n\t\t\t\t\t.fusion-content-boxes-1 .fusion-content-box-hover .link-area-box-hover .heading .icon > span {\n\t\t\t\t\t\tborder-color: #9b2676 !important;\n\t\t\t\t\t}<\/style><div class=\"fusion-column content-box-column content-box-column content-box-column-1 col-lg-4 col-md-4 col-sm-4 fusion-content-box-hover content-box-column-first-in-row\"><div class=\"col content-box-wrapper content-wrapper link-area-box link-type-text content-icon-wrapper-yes icon-hover-animation-fade\" style=\"background-color:rgba(255,255,255,0);\" data-link=\"\/about\/for-the-men\/\" data-link-target=\"_self\" data-animationOffset=\"100%\"><div class=\"heading heading-with-icon icon-left\"><a class=\"heading-link\" href=\"\/about\/for-the-men\/\" target=\"_self\"><div class=\"image\"><img decoding=\"async\" src=\"https:\/\/askphysiomontreal.com\/wp-content\/uploads\/2015\/12\/male.png\" width=\"200\" height=\"220.8\" alt=\"\" \/><\/div><h2 class=\"content-box-heading\" style=\"font-size:28px;line-height:33px;\">FOR THE MEN<\/h2><\/a><\/div><div class=\"fusion-clearfix\"><\/div><div class=\"content-container\" style=\"color:#747474;\">\n<p>Pelvic floor dysfunction IS a mens issue.<\/p>\n<p>Urine and bowel leakage CAN be treated.<\/p>\n<p>Your pelvic pain CAN be controlled.<\/p>\n<p>Change happens here.<\/p>\n<\/div><\/div><\/div><div class=\"fusion-column content-box-column content-box-column content-box-column-2 col-lg-4 col-md-4 col-sm-4 fusion-content-box-hover \"><div class=\"col content-box-wrapper content-wrapper link-area-box link-type-text content-icon-wrapper-yes icon-hover-animation-fade\" style=\"background-color:rgba(255,255,255,0);\" data-link=\"\/about\/for-the-women\/\" data-link-target=\"_self\" data-animationOffset=\"100%\"><div class=\"heading heading-with-icon icon-left\"><a class=\"heading-link\" href=\"\/about\/for-the-women\/\" target=\"_self\"><div class=\"image\"><img decoding=\"async\" src=\"https:\/\/askphysiomontreal.com\/wp-content\/uploads\/2015\/12\/female.png\" width=\"200\" height=\"220.8\" alt=\"\" \/><\/div><h2 class=\"content-box-heading\" style=\"font-size:28px;line-height:33px;\">FOR THE WOMEN<\/h2><\/a><\/div><div class=\"fusion-clearfix\"><\/div><div class=\"content-container\" style=\"color:#747474;\">\n<p>Treatment for urine leakage is MORE than Kegels.<\/p>\n<p>Postpartum care STARTS in Pregnancy.<\/p>\n<p>Pain free Sex IS possible at ANY age.<\/p>\n<p>Change happens here.<\/p>\n<\/div><\/div><\/div><div class=\"fusion-column content-box-column content-box-column content-box-column-3 col-lg-4 col-md-4 col-sm-4 fusion-content-box-hover content-box-column-last content-box-column-last-in-row\"><div class=\"col content-box-wrapper content-wrapper link-area-box link-type-text content-icon-wrapper-yes icon-hover-animation-fade\" style=\"background-color:rgba(255,255,255,0);\" data-link=\"\/about\/for-the-transgender-community\/\" data-link-target=\"_self\" data-animationOffset=\"100%\"><div class=\"heading heading-with-icon icon-left\"><a class=\"heading-link\" href=\"\/about\/for-the-transgender-community\/\" target=\"_self\"><div class=\"image\"><img decoding=\"async\" src=\"https:\/\/askphysiomontreal.com\/wp-content\/uploads\/2015\/12\/transgender.png\" width=\"200\" height=\"220.8\" alt=\"\" \/><\/div><h2 class=\"content-box-heading\" style=\"font-size:28px;line-height:33px;\">FOR THE TRANSGENDER COMMUNITY<\/h2><\/a><\/div><div class=\"fusion-clearfix\"><\/div><div class=\"content-container\" style=\"color:#747474;\">\n<p>SUPPORT for the physical journey.<\/p>\n<p>Creating an environment of HEALING.<\/p>\n<p>FUNCTION without fear.<\/p>\n<p>Change happens here.<\/p>\n<\/div><\/div><\/div><style type=\"text\/css\">\n\t\t\t\t\t\t.fusion-content-boxes-1 .fusion-content-box-hover .heading-link:hover .icon i.circle-yes,\n\t\t\t\t\t\t.fusion-content-boxes-1 .fusion-content-box-hover .link-area-box:hover .heading-link .icon i.circle-yes,\n\t\t\t\t\t\t.fusion-content-boxes-1 .fusion-content-box-hover .link-area-link-icon-hover .heading .icon i.circle-yes,\n\t\t\t\t\t\t.fusion-content-boxes-1 .fusion-content-box-hover .link-area-box-hover .heading .icon i.circle-yes {\n\t\t\t\t\t\t\tbackground-color: #9b2676 !important;\n\t\t\t\t\t\t\tborder-color: #9b2676 !important;\n\t\t\t\t\t\t}<\/style><div class=\"fusion-clearfix\"><\/div><\/div><div class=\"fusion-clearfix\"><\/div><\/div><\/div><\/div><\/div><\/p>\n","protected":false},"excerpt":{"rendered":"","protected":false},"author":2,"featured_media":0,"parent":0,"menu_order":0,"comment_status":"closed","ping_status":"closed","template":"","meta":{"footnotes":""},"class_list":["post-2364","page","type-page","status-publish","placeholder-for-hentry"],"yoast_head":"<!-- This site is optimized with the Yoast SEO plugin v27.2 - https:\/\/yoast.com\/product\/yoast-seo-wordpress\/ -->\n<title>CANDICE ROBSON - ASSISTANTE ADMINISTRATIVE - Amadea S. Kezar Physioth\u00e9rapie - (514) 777-5435<\/title>\n<meta name=\"robots\" content=\"index, follow, max-snippet:-1, max-image-preview:large, max-video-preview:-1\" \/>\n<link rel=\"canonical\" href=\"https:\/\/askphysiomontreal.com\/fr\/candice-robson-assistante-administrative\/\" \/>\n<meta property=\"og:locale\" content=\"fr_CA\" \/>\n<meta property=\"og:type\" content=\"article\" \/>\n<meta property=\"og:title\" content=\"CANDICE ROBSON - ASSISTANTE ADMINISTRATIVE - Amadea S. Kezar Physioth\u00e9rapie - (514) 777-5435\" \/>\n<meta property=\"og:url\" content=\"https:\/\/askphysiomontreal.com\/fr\/candice-robson-assistante-administrative\/\" \/>\n<meta property=\"og:site_name\" content=\"Amadea S. Kezar Physioth\u00e9rapie - (514) 777-5435\" \/>\n<meta property=\"article:modified_time\" content=\"2024-01-04T16:48:08+00:00\" \/>\n<meta name=\"twitter:card\" content=\"summary_large_image\" \/>\n<meta name=\"twitter:label1\" content=\"Estimation du temps de lecture\" \/>\n\t<meta name=\"twitter:data1\" content=\"3 minutes\" \/>\n<script type=\"application\/ld+json\" class=\"yoast-schema-graph\">{\"@context\":\"https:\/\/schema.org\",\"@graph\":[{\"@type\":\"WebPage\",\"@id\":\"https:\/\/askphysiomontreal.com\/fr\/candice-robson-assistante-administrative\/\",\"url\":\"https:\/\/askphysiomontreal.com\/fr\/candice-robson-assistante-administrative\/\",\"name\":\"CANDICE ROBSON - ASSISTANTE ADMINISTRATIVE - Amadea S. Kezar Physioth\u00e9rapie - (514) 777-5435\",\"isPartOf\":{\"@id\":\"https:\/\/askphysiomontreal.com\/#website\"},\"datePublished\":\"2024-01-04T01:47:49+00:00\",\"dateModified\":\"2024-01-04T16:48:08+00:00\",\"breadcrumb\":{\"@id\":\"https:\/\/askphysiomontreal.com\/fr\/candice-robson-assistante-administrative\/#breadcrumb\"},\"inLanguage\":\"fr-CA\",\"potentialAction\":[{\"@type\":\"ReadAction\",\"target\":[\"https:\/\/askphysiomontreal.com\/fr\/candice-robson-assistante-administrative\/\"]}]},{\"@type\":\"BreadcrumbList\",\"@id\":\"https:\/\/askphysiomontreal.com\/fr\/candice-robson-assistante-administrative\/#breadcrumb\",\"itemListElement\":[{\"@type\":\"ListItem\",\"position\":1,\"name\":\"Home\",\"item\":\"https:\/\/askphysiomontreal.com\/fr\/\"},{\"@type\":\"ListItem\",\"position\":2,\"name\":\"CANDICE ROBSON &#8211; ASSISTANTE ADMINISTRATIVE\"}]},{\"@type\":\"WebSite\",\"@id\":\"https:\/\/askphysiomontreal.com\/#website\",\"url\":\"https:\/\/askphysiomontreal.com\/\",\"name\":\"Amadea S. Kezar Physioth\u00e9rapie - (514) 777-5435\",\"description\":\"Pelvic health center in Montreal, Quebec. Physiotherapy and programs for pelvic floor dysfunction: urinary incontinence, pelvic and genital pain, pelvic organ prolapse, pregnancy and pre\/post operative care including sex reassignment surgery. Pelvic hope for all.\",\"potentialAction\":[{\"@type\":\"SearchAction\",\"target\":{\"@type\":\"EntryPoint\",\"urlTemplate\":\"https:\/\/askphysiomontreal.com\/?s={search_term_string}\"},\"query-input\":{\"@type\":\"PropertyValueSpecification\",\"valueRequired\":true,\"valueName\":\"search_term_string\"}}],\"inLanguage\":\"fr-CA\"}]}<\/script>\n<!-- \/ Yoast SEO plugin. -->","yoast_head_json":{"title":"CANDICE ROBSON - ASSISTANTE ADMINISTRATIVE - Amadea S. Kezar Physioth\u00e9rapie - (514) 777-5435","robots":{"index":"index","follow":"follow","max-snippet":"max-snippet:-1","max-image-preview":"max-image-preview:large","max-video-preview":"max-video-preview:-1"},"canonical":"https:\/\/askphysiomontreal.com\/fr\/candice-robson-assistante-administrative\/","og_locale":"fr_CA","og_type":"article","og_title":"CANDICE ROBSON - ASSISTANTE ADMINISTRATIVE - Amadea S. Kezar Physioth\u00e9rapie - (514) 777-5435","og_url":"https:\/\/askphysiomontreal.com\/fr\/candice-robson-assistante-administrative\/","og_site_name":"Amadea S. Kezar Physioth\u00e9rapie - (514) 777-5435","article_modified_time":"2024-01-04T16:48:08+00:00","twitter_card":"summary_large_image","twitter_misc":{"Estimation du temps de lecture":"3 minutes"},"schema":{"@context":"https:\/\/schema.org","@graph":[{"@type":"WebPage","@id":"https:\/\/askphysiomontreal.com\/fr\/candice-robson-assistante-administrative\/","url":"https:\/\/askphysiomontreal.com\/fr\/candice-robson-assistante-administrative\/","name":"CANDICE ROBSON - ASSISTANTE ADMINISTRATIVE - Amadea S. Kezar Physioth\u00e9rapie - (514) 777-5435","isPartOf":{"@id":"https:\/\/askphysiomontreal.com\/#website"},"datePublished":"2024-01-04T01:47:49+00:00","dateModified":"2024-01-04T16:48:08+00:00","breadcrumb":{"@id":"https:\/\/askphysiomontreal.com\/fr\/candice-robson-assistante-administrative\/#breadcrumb"},"inLanguage":"fr-CA","potentialAction":[{"@type":"ReadAction","target":["https:\/\/askphysiomontreal.com\/fr\/candice-robson-assistante-administrative\/"]}]},{"@type":"BreadcrumbList","@id":"https:\/\/askphysiomontreal.com\/fr\/candice-robson-assistante-administrative\/#breadcrumb","itemListElement":[{"@type":"ListItem","position":1,"name":"Home","item":"https:\/\/askphysiomontreal.com\/fr\/"},{"@type":"ListItem","position":2,"name":"CANDICE ROBSON &#8211; ASSISTANTE ADMINISTRATIVE"}]},{"@type":"WebSite","@id":"https:\/\/askphysiomontreal.com\/#website","url":"https:\/\/askphysiomontreal.com\/","name":"Amadea S. Kezar Physioth\u00e9rapie - (514) 777-5435","description":"Pelvic health center in Montreal, Quebec. Physiotherapy and programs for pelvic floor dysfunction: urinary incontinence, pelvic and genital pain, pelvic organ prolapse, pregnancy and pre\/post operative care including sex reassignment surgery. Pelvic hope for all.","potentialAction":[{"@type":"SearchAction","target":{"@type":"EntryPoint","urlTemplate":"https:\/\/askphysiomontreal.com\/?s={search_term_string}"},"query-input":{"@type":"PropertyValueSpecification","valueRequired":true,"valueName":"search_term_string"}}],"inLanguage":"fr-CA"}]}},"_links":{"self":[{"href":"https:\/\/askphysiomontreal.com\/fr\/wp-json\/wp\/v2\/pages\/2364","targetHints":{"allow":["GET"]}}],"collection":[{"href":"https:\/\/askphysiomontreal.com\/fr\/wp-json\/wp\/v2\/pages"}],"about":[{"href":"https:\/\/askphysiomontreal.com\/fr\/wp-json\/wp\/v2\/types\/page"}],"author":[{"embeddable":true,"href":"https:\/\/askphysiomontreal.com\/fr\/wp-json\/wp\/v2\/users\/2"}],"replies":[{"embeddable":true,"href":"https:\/\/askphysiomontreal.com\/fr\/wp-json\/wp\/v2\/comments?post=2364"}],"version-history":[{"count":2,"href":"https:\/\/askphysiomontreal.com\/fr\/wp-json\/wp\/v2\/pages\/2364\/revisions"}],"predecessor-version":[{"id":2378,"href":"https:\/\/askphysiomontreal.com\/fr\/wp-json\/wp\/v2\/pages\/2364\/revisions\/2378"}],"wp:attachment":[{"href":"https:\/\/askphysiomontreal.com\/fr\/wp-json\/wp\/v2\/media?parent=2364"}],"curies":[{"name":"wp","href":"https:\/\/api.w.org\/{rel}","templated":true}]}}