{"id":2304,"date":"2023-09-24T19:21:24","date_gmt":"2023-09-24T23:21:24","guid":{"rendered":"http:\/\/askphysiomontreal.com\/?page_id=2304\/"},"modified":"2023-09-25T09:13:43","modified_gmt":"2023-09-25T13:13:43","slug":"politique-de-confidentialite-ca","status":"publish","type":"page","link":"https:\/\/askphysiomontreal.com\/fr\/politique-de-confidentialite-ca\/","title":{"rendered":"Politique de confidentialit\u00e9"},"content":{"rendered":"<h1><\/h1>\n<h1>Politique de Confidendialit\u00e9<\/h1>\n<p>Cette page a \u00e9t\u00e9 modifi\u00e9e pour la derni\u00e8re fois le 18 septembre 2023, a \u00e9t\u00e9 v\u00e9rifi\u00e9e pour la derni\u00e8re fois le 18 septembre 2023, et s\u2019applique aux citoyens et aux r\u00e9sidents permanents l\u00e9gaux du Canada.<\/p>\n<p>Nous respectons la vie priv\u00e9e des visiteurs de notre site web et nous nous engageons \u00e0 la prot\u00e9ger dans la mesure du possible, conform\u00e9ment aux dispositions des lois applicables, dont la Loi sur la protection des renseignements personnels dans le secteur priv\u00e9.<\/p>\n<p>Notre politique de protection des renseignements personnels (la \u00ab\u00a0Politique\u00a0\u00bb) s\u2019applique \u00e0 notre site web, https:\/\/askphysiomontreal.com (ci-apr\u00e8s : \u00ab le site web \u00bb) utilise des t\u00e9moins et autres technologies li\u00e9es (par simplification, toutes ces technologies sont d\u00e9sign\u00e9es par le terme \u00ab t\u00e9moins \u00bb). Des t\u00e9moins sont \u00e9galement plac\u00e9s par des tierces parties que nous avons engag\u00e9es. Dans le document ci-dessous, nous vous informons de l\u2019utilisation des t\u00e9moins sur notre site web.<\/p>\n<p>La Politique d\u00e9crit nos normes de collecte, d\u2019utilisation, de communication et de conservation de vos renseignements personnels. Elle explique \u00e9galement la fa\u00e7on dont nous les prot\u00e9geons et votre droit d\u2019y avoir acc\u00e8s. Les renseignements personnels recueillis hors-ligne peuvent \u00e9galement \u00eatre sujets \u00e0 des dispositions contractuelles.<\/p>\n<p><strong>Que sont les t\u00e9moins?<\/strong><\/p>\n<p><strong>\u00a0<\/strong>Des t\u00e9moins (\u00ab\u00a0cookies\u00a0\u00bb) sont des fichiers d\u2019information sauvegard\u00e9s par votre fureteur web sur votre appareil (ordinateur ou mobile). Les fichiers t\u00e9moins permettent notamment de vous reconna\u00eetre comme visiteur ainsi que l\u2019ordre dans lequel vous consultez les diff\u00e9rentes pages du site. Les informations qui y sont stock\u00e9es peuvent \u00eatre renvoy\u00e9es \u00e0 nos serveurs ou aux serveurs des tierces parties concern\u00e9es lors d\u2019une visite ult\u00e9rieure. Nous pouvons utiliser les fichiers t\u00e9moins afin d\u2019am\u00e9liorer le fonctionnement de notre site et de r\u00e9pondre aux besoins de nos visiteurs en mati\u00e8re d\u2019information, d\u2019identifier et de cibler les visiteurs qui ont d\u00e9montr\u00e9 un int\u00e9r\u00eat pour certaines pages.<\/p>\n<p>Les fichiers t\u00e9moins ne contiennent pas de renseignements personnels, mais peuvent assurent le fonctionnement correct de certaines parties du site web et la prise en compte de vos pr\u00e9f\u00e9rences en tant qu\u2019utilisateur. En pla\u00e7ant des t\u00e9moins fonctionnels, nous vous facilitons la visite de notre site web. Par exemple, vous n\u2019avez pas besoin de saisir \u00e0 plusieurs reprises les m\u00eames informations lors de la visite de notre site web.<\/p>\n<p><strong>\u00a0<\/strong>Il vous est n\u00e9anmoins possible de configurer votre fureteur afin d\u2019\u00eatre notifi\u00e9 de la r\u00e9ception d\u2019un fichier t\u00e9moin et de pouvoir en refuser le d\u00e9p\u00f4t sur votre appareil.<\/p>\n<p><strong>Tierces parties<\/strong><\/p>\n<p>Les services de tiers qui utilisent des fichiers t\u00e9moins pouvant \u00eatre t\u00e9l\u00e9charg\u00e9s par votre appareil lorsque vous visitez le site actionsportphysio.com sont les suivants\u00a0:<\/p>\n<p><em>Google Analytics<\/em><\/p>\n<p>Google Analytics est un service d\u2019analytique web qui procure des renseignements sur la mani\u00e8re dont les visiteurs utilisent notre site web. Les fichiers t\u00e9moins utilis\u00e9s par Google Analytics recueillent des informations sur le moyen utilis\u00e9 par un visiteur pour acc\u00e9der \u00e0 un site, sa provenance, les pages consult\u00e9es et le temps pass\u00e9 \u00e0 les consulter. Certaines parties telles que Google doivent \u00eatre consid\u00e9r\u00e9es comme des responsables de traitement des donn\u00e9es ind\u00e9pendants. Nous vous recommandons de lire les d\u00e9clarations de confidentialit\u00e9 de ces entreprises.<\/p>\n<p>Il vous est \u00e9galement possible de refuser l\u2019installation de t\u00e9moins de Google Analytics.<\/p>\n<p>&nbsp;<\/p>\n<p><strong>Renseignements personnels recueillis et fins pour lesquelles ils le sont<\/strong><\/p>\n<p>Les renseignements personnels sont des renseignements concernant une personne physique et qui permettent de l\u2019identifier.<\/p>\n<p>Vous pouvez visiter notre site web sans fournir de renseignements personnels \u00e0 votre sujet. Dans ce cas, notre serveur web ne recueillera que l\u2019adresse IP que vous aurez utilis\u00e9e pour acc\u00e9der \u00e0 notre site. Nous pourrons utiliser cette information pour d\u00e9terminer le nombre et la dur\u00e9e moyenne des visites sur notre site, \u00e9tablir des statistiques relatives aux utilisateurs, identifier les pages web visionn\u00e9es et mesurer la performance g\u00e9n\u00e9rale du site.<\/p>\n<p>Les seuls renseignements personnels que nous recueillons sont ceux que vous nous communiquez volontairement lors de la transmission de formulaires en ligne pour communiquer avec nous ou vous inscrire \u00e0 nos infolettres ou ceux transmis hors-ligne dans le cadre d\u2019une relation commerciale entre vous et nous.<\/p>\n<p>Ces renseignements sont recueillis afin de<\/p>\n<p>&nbsp;<\/p>\n<ul>\n<li>G\u00e9rer votre dossier m\u00e9dical et notre relation contractuelle avec vous \u00e0 titre de professionnels de la sant\u00e9.<\/li>\n<li>G\u00e9rer les abonnements \u00e0 nos infolettres, communiquer plus efficacement avec vous et promouvoir nos produits et services.<\/li>\n<\/ul>\n<p><strong>\u00a0<\/strong><\/p>\n<p><strong>Consentement<\/strong><\/p>\n<p>Lorsque vous visitez notre site web pour la premi\u00e8re fois, nous vous montrerons une fen\u00eatre contextuelle avec une explication sur les t\u00e9moins. D\u00e8s que vous cliquez sur \u00ab Accepter \u00bb, vous consentez \u00e0 ce que nous utilisions tous les t\u00e9moins et extensions comme d\u00e9crit dans la fen\u00eatre contextuelle et la pr\u00e9sente politiquede t\u00e9moins. Vous pouvez d\u00e9sactiver l\u2019utilisation des t\u00e9moins via votre navigateur, mais veuillez noter que notre site web pourrait ne plus fonctionner correctement.<\/p>\n<p>Vous pouvez annuler votre consentement en tout temps, sous r\u00e9serve des restrictions l\u00e9gales ou contractuelles.<\/p>\n<p>Dans certaines situations, nous devons ou avons l\u2019obligation de recueillir, d\u2019utiliser ou de divulguer des renseignements personnels pour des raisons juridiques ou de s\u00e9curit\u00e9. Ceci est notamment le cas lorsque des renseignements sont recueillis pour enqu\u00eater sur un manquement \u00e0 des obligations contractuelles ou l\u00e9gales, pour la d\u00e9tection de fraudes, ou pour l\u2019application de la loi et que l\u2019obtention de votre consentement pourrait nuire \u00e0 l\u2019objectif poursuivi par la collecte de renseignements.<\/p>\n<p><strong>Restrictions<\/strong><\/p>\n<p>Nous limitons la collecte de vos renseignements personnels \u00e0 ce qui est n\u00e9cessaire aux fins mentionn\u00e9es ci-dessus. Nous recueillons les renseignements personnels directement de vous, \u00e0 moins que vous n\u2019ayez consenti \u00e0 ce que nous les recueillions aupr\u00e8s de tiers ou que la loi nous y autorise. Nous ne pouvons divulguer vos renseignements personnels \u00e0 quiconque sans votre consentement, \u00e0 l\u2019exception de ce qui pourrait \u00eatre requis par la loi.<\/p>\n<p>Vos renseignements personnels ne sont accessibles qu\u2019aux personnes autoris\u00e9es \u00e0 y acc\u00e9der et pour qui ils sont n\u00e9cessaires dans l\u2019exercice de leurs fonctions.<\/p>\n<p>Nous \u00e9changeons vos renseignements personnels avec des tiers fournisseurs de service et\/ou partenaires qui nous fournissent des services de sites Web, de d\u00e9veloppement d\u2019applications, d\u2019h\u00e9bergement, d\u2019entretien et d\u2019autres services. Ces tiers pourraient avoir acc\u00e8s \u00e0 des renseignements personnels ou les traiter dans le cadre des services qu\u2019ils nous fournissent. Nous limitons les renseignements que nous fournissons \u00e0 ces fournisseurs de services aux seuls renseignements qui sont raisonnablement n\u00e9cessaires pour leur permettre de s\u2019acquitter de leurs fonctions, et les contrats que nous avons conclus avec ces fournisseurs de services exigent d\u2019eux qu\u2019ils pr\u00e9servent la confidentialit\u00e9 de ces renseignements et s\u2019engage \u00e0 respecter la l\u00e9gislation concernant la protection des renseignements personnels.<\/p>\n<p><strong>Dur\u00e9e de conservation<\/strong><\/p>\n<p>Nous ne conservons vos renseignements personnels que pour la dur\u00e9e n\u00e9cessaire aux fins pour lesquelles ils ont \u00e9t\u00e9 recueillis. Au-del\u00e0 de cette dur\u00e9e, nous les d\u00e9truisons. Lorsque nous les d\u00e9truisons, nous prenons les mesures n\u00e9cessaires pour veiller \u00e0 ce qu\u2019aucune personne non autoris\u00e9e ne puisse y avoir acc\u00e8s pendant la destruction.<\/p>\n<p><strong>Mesures de s\u00e9curit\u00e9<\/strong><\/p>\n<p>Nous avons mis en place des mesures de s\u00e9curit\u00e9 rigoureuses afin que les renseignements personnels qui nous sont confi\u00e9s demeurent confidentiels et soient prot\u00e9g\u00e9s contre la perte ou le vol et contre la consultation, communication, copie, utilisation ou modification non autoris\u00e9e. Cependant, aucune m\u00e9thode de transmission par Internet, ni aucun moyen de stockage \u00e9lectronique ne sont s\u00e9curitaires \u00e0 100 %. Nous ne pouvons donc pas assurer ou garantir la s\u00e9curit\u00e9 des renseignements que vous nous transmettez ou nous fournissez, et vous le faites \u00e0 vos propres risques. Nous ne pouvons pas non plus garantir que de tels renseignements ne seront pas consult\u00e9s, obtenus, divulgu\u00e9s, modifi\u00e9s ou d\u00e9truits par suite de la violation de nos mesures de protection physiques, techniques ou administratives.<\/p>\n<p><strong>\u00a0<\/strong><strong>Droits des propri\u00e9taires de renseignements priv\u00e9s<\/strong><\/p>\n<p>Dans certaines circonstances et conform\u00e9ment aux lois applicables en mati\u00e8re de protection des donn\u00e9es, une personne dispose des droits suivants :<\/p>\n<p>&nbsp;<\/p>\n<ul>\n<li>Acc\u00e8s\/Portabilit\u00e9 : Chaque personne a le droit de savoir si nous traitons des renseignements personnels les concernant. Si tel est le cas, elle a \u00e9galement le droit de demander l&rsquo;acc\u00e8s \u00e0 ces informations. Cette d\u00e9marche permet aux individus de v\u00e9rifier quelles donn\u00e9es sont en notre possession et de comprendre comment elles sont utilis\u00e9es.<\/li>\n<li>Exactitude : Nous sommes tenus de prendre des mesures raisonnables pour nous assurer que les renseignements personnels en notre possession sont exacts, complets, non trompeurs et \u00e0 jour.<\/li>\n<li>Rectification : Chaque individu a le droit de demander de faire rectifier tout renseignement personnel incomplet ou inexact que nous d\u00e9tenons.<\/li>\n<li>Consentement : Nous recueillons et utilisons les renseignements personnels avec le consentement \u00e9clair\u00e9 des individus. Toutefois, chaque personne a le droit de retirer son consentement \u00e0 la communication ou \u00e0 l&rsquo;utilisation des renseignements personnels recueillis en tout temps.<\/li>\n<li>Effacement : Les individus ont le droit de nous demander d&rsquo;effacer, de d\u00e9truire, d&rsquo;anonymiser, de d\u00e9sindexer ou de retirer leurs renseignements personnels dans certaines circonstances. Ces situations peuvent inclure des donn\u00e9es qui ne sont plus n\u00e9cessaires aux fins pour lesquelles elles ont \u00e9t\u00e9 collect\u00e9es ou si le consentement a \u00e9t\u00e9 retir\u00e9. Nous traitons ces demandes conform\u00e9ment aux lois applicables en mati\u00e8re de protection des donn\u00e9es.<\/li>\n<\/ul>\n<p>&nbsp;<\/p>\n<p><strong>Pour des questions et\/ou des commentaires sur notre politique de t\u00e9moins et cette d\u00e9claration, veuillez nous contacter en utilisant les coordonn\u00e9es suivantes :<\/strong><\/p>\n<p>ASK Physioth\u00e9rapie<\/p>\n<p>4203 Saint Catherine O. suite 201<\/p>\n<p>Westmount, Quebec<\/p>\n<p>H3Z1P6<\/p>\n<p>Canada<\/p>\n<p>Website : https :\/\/www.askphysiomontreal.com<\/p>\n<p>Email: info@askphysiomontreal.com<\/p>\n<p>Num\u00e9ro de t\u00e9l\u00e9phone: 514-777-5435<\/p>\n<p>&nbsp;<\/p>\n<p><strong>Modification de la politique<\/strong><\/p>\n<p>Nous nous r\u00e9servons le droit de modifier la Politique. Dans un tel cas, notre site web sera mis \u00e0 jour et un avis en ce sens sera affich\u00e9 sur celui-ci, avec un lien menant \u00e0 la politique mise \u00e0 jour. L\u2019utilisation de ce site suite \u00e0 l\u2019affichage d\u2019un tel avis constituera un consentement \u00e0 l\u2019acceptation de ces modifications.<\/p>\n","protected":false},"excerpt":{"rendered":"<p>Politique de Confidendialit\u00e9 Cette page a \u00e9t\u00e9 modifi\u00e9e pour la derni\u00e8re fois le 18 septembre 2023, a \u00e9t\u00e9 v\u00e9rifi\u00e9e pour la derni\u00e8re fois le 18 septembre 2023, et s\u2019applique aux citoyens et aux r\u00e9sidents permanents l\u00e9gaux du Canada. Nous respectons la vie priv\u00e9e des visiteurs de notre site web et nous nous engageons \u00e0 la [&hellip;]<\/p>\n","protected":false},"author":2,"featured_media":0,"parent":0,"menu_order":0,"comment_status":"closed","ping_status":"closed","template":"","meta":{"footnotes":""},"class_list":["post-2304","page","type-page","status-publish","placeholder-for-hentry"],"yoast_head":"<!-- This site is optimized with the Yoast SEO plugin v27.2 - https:\/\/yoast.com\/product\/yoast-seo-wordpress\/ -->\n<title>Politique de confidentialit\u00e9 - Amadea S. Kezar Physioth\u00e9rapie - (514) 777-5435<\/title>\n<meta name=\"robots\" content=\"index, follow, max-snippet:-1, max-image-preview:large, max-video-preview:-1\" \/>\n<link rel=\"canonical\" href=\"https:\/\/askphysiomontreal.com\/privacy-policy\/\" \/>\n<meta property=\"og:locale\" content=\"fr_CA\" \/>\n<meta property=\"og:type\" content=\"article\" \/>\n<meta property=\"og:title\" content=\"Politique de confidentialit\u00e9 - Amadea S. Kezar Physioth\u00e9rapie - (514) 777-5435\" \/>\n<meta property=\"og:description\" content=\"Politique de Confidendialit\u00e9 Cette page a \u00e9t\u00e9 modifi\u00e9e pour la derni\u00e8re fois le 18 septembre 2023, a \u00e9t\u00e9 v\u00e9rifi\u00e9e pour la derni\u00e8re fois le 18 septembre 2023, et s\u2019applique aux citoyens et aux r\u00e9sidents permanents l\u00e9gaux du Canada. Nous respectons la vie priv\u00e9e des visiteurs de notre site web et nous nous engageons \u00e0 la [&hellip;]\" \/>\n<meta property=\"og:url\" content=\"https:\/\/askphysiomontreal.com\/privacy-policy\/\" \/>\n<meta property=\"og:site_name\" content=\"Amadea S. Kezar Physioth\u00e9rapie - (514) 777-5435\" \/>\n<meta property=\"article:modified_time\" content=\"2023-09-25T13:13:43+00:00\" \/>\n<meta name=\"twitter:card\" content=\"summary_large_image\" \/>\n<meta name=\"twitter:label1\" content=\"Estimation du temps de lecture\" \/>\n\t<meta name=\"twitter:data1\" content=\"9 minutes\" \/>\n<script type=\"application\/ld+json\" class=\"yoast-schema-graph\">{\"@context\":\"https:\/\/schema.org\",\"@graph\":[{\"@type\":\"WebPage\",\"@id\":\"https:\/\/askphysiomontreal.com\/privacy-policy\/\",\"url\":\"https:\/\/askphysiomontreal.com\/privacy-policy\/\",\"name\":\"Politique de confidentialit\u00e9 - Amadea S. Kezar Physioth\u00e9rapie - (514) 777-5435\",\"isPartOf\":{\"@id\":\"https:\/\/askphysiomontreal.com\/#website\"},\"datePublished\":\"2023-09-24T23:21:24+00:00\",\"dateModified\":\"2023-09-25T13:13:43+00:00\",\"breadcrumb\":{\"@id\":\"https:\/\/askphysiomontreal.com\/privacy-policy\/#breadcrumb\"},\"inLanguage\":\"fr-CA\",\"potentialAction\":[{\"@type\":\"ReadAction\",\"target\":[\"https:\/\/askphysiomontreal.com\/privacy-policy\/\"]}]},{\"@type\":\"BreadcrumbList\",\"@id\":\"https:\/\/askphysiomontreal.com\/privacy-policy\/#breadcrumb\",\"itemListElement\":[{\"@type\":\"ListItem\",\"position\":1,\"name\":\"Home\",\"item\":\"https:\/\/askphysiomontreal.com\/fr\/\"},{\"@type\":\"ListItem\",\"position\":2,\"name\":\"Politique de confidentialit\u00e9\"}]},{\"@type\":\"WebSite\",\"@id\":\"https:\/\/askphysiomontreal.com\/#website\",\"url\":\"https:\/\/askphysiomontreal.com\/\",\"name\":\"Amadea S. Kezar Physioth\u00e9rapie - (514) 777-5435\",\"description\":\"Pelvic health center in Montreal, Quebec. Physiotherapy and programs for pelvic floor dysfunction: urinary incontinence, pelvic and genital pain, pelvic organ prolapse, pregnancy and pre\/post operative care including sex reassignment surgery. Pelvic hope for all.\",\"potentialAction\":[{\"@type\":\"SearchAction\",\"target\":{\"@type\":\"EntryPoint\",\"urlTemplate\":\"https:\/\/askphysiomontreal.com\/?s={search_term_string}\"},\"query-input\":{\"@type\":\"PropertyValueSpecification\",\"valueRequired\":true,\"valueName\":\"search_term_string\"}}],\"inLanguage\":\"fr-CA\"}]}<\/script>\n<!-- \/ Yoast SEO plugin. -->","yoast_head_json":{"title":"Politique de confidentialit\u00e9 - Amadea S. Kezar Physioth\u00e9rapie - (514) 777-5435","robots":{"index":"index","follow":"follow","max-snippet":"max-snippet:-1","max-image-preview":"max-image-preview:large","max-video-preview":"max-video-preview:-1"},"canonical":"https:\/\/askphysiomontreal.com\/privacy-policy\/","og_locale":"fr_CA","og_type":"article","og_title":"Politique de confidentialit\u00e9 - Amadea S. Kezar Physioth\u00e9rapie - (514) 777-5435","og_description":"Politique de Confidendialit\u00e9 Cette page a \u00e9t\u00e9 modifi\u00e9e pour la derni\u00e8re fois le 18 septembre 2023, a \u00e9t\u00e9 v\u00e9rifi\u00e9e pour la derni\u00e8re fois le 18 septembre 2023, et s\u2019applique aux citoyens et aux r\u00e9sidents permanents l\u00e9gaux du Canada. Nous respectons la vie priv\u00e9e des visiteurs de notre site web et nous nous engageons \u00e0 la [&hellip;]","og_url":"https:\/\/askphysiomontreal.com\/privacy-policy\/","og_site_name":"Amadea S. Kezar Physioth\u00e9rapie - (514) 777-5435","article_modified_time":"2023-09-25T13:13:43+00:00","twitter_card":"summary_large_image","twitter_misc":{"Estimation du temps de lecture":"9 minutes"},"schema":{"@context":"https:\/\/schema.org","@graph":[{"@type":"WebPage","@id":"https:\/\/askphysiomontreal.com\/privacy-policy\/","url":"https:\/\/askphysiomontreal.com\/privacy-policy\/","name":"Politique de confidentialit\u00e9 - Amadea S. Kezar Physioth\u00e9rapie - (514) 777-5435","isPartOf":{"@id":"https:\/\/askphysiomontreal.com\/#website"},"datePublished":"2023-09-24T23:21:24+00:00","dateModified":"2023-09-25T13:13:43+00:00","breadcrumb":{"@id":"https:\/\/askphysiomontreal.com\/privacy-policy\/#breadcrumb"},"inLanguage":"fr-CA","potentialAction":[{"@type":"ReadAction","target":["https:\/\/askphysiomontreal.com\/privacy-policy\/"]}]},{"@type":"BreadcrumbList","@id":"https:\/\/askphysiomontreal.com\/privacy-policy\/#breadcrumb","itemListElement":[{"@type":"ListItem","position":1,"name":"Home","item":"https:\/\/askphysiomontreal.com\/fr\/"},{"@type":"ListItem","position":2,"name":"Politique de confidentialit\u00e9"}]},{"@type":"WebSite","@id":"https:\/\/askphysiomontreal.com\/#website","url":"https:\/\/askphysiomontreal.com\/","name":"Amadea S. Kezar Physioth\u00e9rapie - (514) 777-5435","description":"Pelvic health center in Montreal, Quebec. Physiotherapy and programs for pelvic floor dysfunction: urinary incontinence, pelvic and genital pain, pelvic organ prolapse, pregnancy and pre\/post operative care including sex reassignment surgery. Pelvic hope for all.","potentialAction":[{"@type":"SearchAction","target":{"@type":"EntryPoint","urlTemplate":"https:\/\/askphysiomontreal.com\/?s={search_term_string}"},"query-input":{"@type":"PropertyValueSpecification","valueRequired":true,"valueName":"search_term_string"}}],"inLanguage":"fr-CA"}]}},"_links":{"self":[{"href":"https:\/\/askphysiomontreal.com\/fr\/wp-json\/wp\/v2\/pages\/2304","targetHints":{"allow":["GET"]}}],"collection":[{"href":"https:\/\/askphysiomontreal.com\/fr\/wp-json\/wp\/v2\/pages"}],"about":[{"href":"https:\/\/askphysiomontreal.com\/fr\/wp-json\/wp\/v2\/types\/page"}],"author":[{"embeddable":true,"href":"https:\/\/askphysiomontreal.com\/fr\/wp-json\/wp\/v2\/users\/2"}],"replies":[{"embeddable":true,"href":"https:\/\/askphysiomontreal.com\/fr\/wp-json\/wp\/v2\/comments?post=2304"}],"version-history":[{"count":5,"href":"https:\/\/askphysiomontreal.com\/fr\/wp-json\/wp\/v2\/pages\/2304\/revisions"}],"predecessor-version":[{"id":2310,"href":"https:\/\/askphysiomontreal.com\/fr\/wp-json\/wp\/v2\/pages\/2304\/revisions\/2310"}],"wp:attachment":[{"href":"https:\/\/askphysiomontreal.com\/fr\/wp-json\/wp\/v2\/media?parent=2304"}],"curies":[{"name":"wp","href":"https:\/\/api.w.org\/{rel}","templated":true}]}}