{"id":1604,"date":"2018-02-18T19:50:17","date_gmt":"2018-02-18T19:50:17","guid":{"rendered":"http:\/\/democraticconsensus.ca\/prendre-rendez-vous\/"},"modified":"2022-10-17T14:38:33","modified_gmt":"2022-10-17T18:38:33","slug":"prendre-rendez-vous","status":"publish","type":"page","link":"https:\/\/askphysiomontreal.com\/fr\/prendre-rendez-vous\/","title":{"rendered":"Prendre Rendez-Vous"},"content":{"rendered":"<div id=\"contact\"><div class=\"fusion-fullwidth fullwidth-box fusion-builder-row-1 hundred-percent-fullwidth non-hundred-percent-height-scrolling fusion-equal-height-columns\"  style='background-color: rgba(255,255,255,0);background-position: left top;background-repeat: no-repeat;border-top-width:0px;border-bottom-width:0px;border-color:#eae9e9;border-top-style:solid;border-bottom-style:solid;'><div class=\"fusion-builder-row fusion-row \"><div  class=\"fusion-layout-column fusion_builder_column fusion_builder_column_3_5 fusion-builder-column-0 fusion-three-fifth fusion-column-first 3_5\"  style='margin-top:0px;margin-bottom:0px;width:58.4%; margin-right: 4%;'><div class=\"fusion-column-wrapper\" style=\"padding: 100px 10% 100px 10%;background-position:left top;background-repeat:no-repeat;-webkit-background-size:cover;-moz-background-size:cover;-o-background-size:cover;background-size:cover;\"   data-bg-url=\"\"><div class=\"fusion-text\"><h1>Contactez nous<\/h1>\n<\/div><div class=\"fusion-sep-clear\"><\/div><div class=\"fusion-separator fusion-full-width-sep sep-none\" style=\"margin-left: auto;margin-right: auto;margin-top:30px;\"><\/div>\n<div class=\"wpcf7 no-js\" id=\"wpcf7-f1618-o1\" lang=\"en-US\" dir=\"ltr\" data-wpcf7-id=\"1618\">\n<div class=\"screen-reader-response\"><p role=\"status\" aria-live=\"polite\" aria-atomic=\"true\"><\/p> <ul><\/ul><\/div>\n<form action=\"\/fr\/wp-json\/wp\/v2\/pages\/1604#wpcf7-f1618-o1\" method=\"post\" class=\"wpcf7-form init\" aria-label=\"Contact form\" novalidate=\"novalidate\" data-status=\"init\">\n<fieldset class=\"hidden-fields-container\"><input type=\"hidden\" name=\"_wpcf7\" value=\"1618\" \/><input type=\"hidden\" name=\"_wpcf7_version\" value=\"6.1.1\" \/><input type=\"hidden\" name=\"_wpcf7_locale\" value=\"en_US\" \/><input type=\"hidden\" name=\"_wpcf7_unit_tag\" value=\"wpcf7-f1618-o1\" \/><input type=\"hidden\" name=\"_wpcf7_container_post\" value=\"0\" \/><input type=\"hidden\" name=\"_wpcf7_posted_data_hash\" value=\"\" \/>\n<\/fieldset>\n<p><label> Nom (required)<br \/>\n<span class=\"wpcf7-form-control-wrap\" data-name=\"your-name\"><input size=\"40\" maxlength=\"400\" class=\"wpcf7-form-control wpcf7-text wpcf7-validates-as-required\" aria-required=\"true\" aria-invalid=\"false\" value=\"\" type=\"text\" name=\"your-name\" \/><\/span> <\/label>\n<\/p>\n<p><label> Courriel (required)<br \/>\n<span class=\"wpcf7-form-control-wrap\" data-name=\"your-email\"><input size=\"40\" maxlength=\"400\" class=\"wpcf7-form-control wpcf7-email wpcf7-validates-as-required wpcf7-text wpcf7-validates-as-email\" aria-required=\"true\" aria-invalid=\"false\" value=\"\" type=\"email\" name=\"your-email\" \/><\/span> <\/label>\n<\/p>\n<p><label> Num\u00e9ro de t\u00e9l\u00e9phone (required)<br \/>\n<span class=\"wpcf7-form-control-wrap\" data-name=\"your-number\"><input size=\"40\" maxlength=\"400\" class=\"wpcf7-form-control wpcf7-text wpcf7-validates-as-required\" aria-required=\"true\" aria-invalid=\"false\" value=\"\" type=\"text\" name=\"your-number\" \/><\/span> <\/label>\n<\/p>\n<p><label> Sujet<br \/>\n<span class=\"wpcf7-form-control-wrap\" data-name=\"your-subject\"><input size=\"40\" maxlength=\"400\" class=\"wpcf7-form-control wpcf7-text\" aria-invalid=\"false\" value=\"\" type=\"text\" name=\"your-subject\" \/><\/span> <\/label>\n<\/p>\n<p><label> Message - (required)<br \/>\n<span class=\"wpcf7-form-control-wrap\" data-name=\"your-message\"><textarea cols=\"40\" rows=\"10\" maxlength=\"2000\" class=\"wpcf7-form-control wpcf7-textarea\" aria-invalid=\"false\" name=\"your-message\"><\/textarea><\/span> <\/label>\n<\/p>\n<p><input class=\"wpcf7-form-control wpcf7-submit has-spinner\" type=\"submit\" value=\"Send\" \/>\n<\/p><div class=\"fusion-alert alert custom alert-custom fusion-alert-center wpcf7-response-output alert-dismissable\" style=\"border-width:1px;\"><button type=\"button\" class=\"close toggle-alert\" data-dismiss=\"alert\" aria-hidden=\"true\">&times;<\/button><div class=\"fusion-alert-content-wrapper\"><span class=\"fusion-alert-content\"><\/span><\/div><\/div>\n<\/form>\n<\/div>\n<div class=\"fusion-clearfix\"><\/div><\/div><\/div><div  class=\"fusion-layout-column fusion_builder_column fusion_builder_column_2_5 fusion-builder-column-1 fusion-two-fifth fusion-column-last 2_5\"  style='margin-top:0px;margin-bottom:0px;width:37.6%'><div class=\"fusion-column-wrapper\" style=\"background-color:#f5f5f5;padding: 100px 10% 100px 10%;background-position:left top;background-repeat:no-repeat;-webkit-background-size:cover;-moz-background-size:cover;-o-background-size:cover;background-size:cover;\"   data-bg-url=\"\"><div class=\"fusion-text\"><h4>CONTACT<\/h4>\n<\/div><div class=\"fusion-sep-clear\"><\/div><div class=\"fusion-separator sep-single sep-solid\" style=\"border-color:#590f44;border-top-width:2px;margin-top:0px;margin-bottom:30px;width:100%;max-width:40px;\"><\/div><ul class=\"fusion-checklist fusion-checklist-1\" style=\"font-size:17px;line-height:28.9px;\"><li class=\"fusion-li-item\"><span style=\"background-color:#333333;font-size:14.96px;height:28.9px;width:28.9px;margin-right:11.9px;\" class=\"icon-wrapper circle-yes\"><i class=\"fusion-li-icon fa fa-phone\" style=\"color:#ffffff;\"><\/i><\/span><div class=\"fusion-li-item-content\" style=\"margin-left:40.8px;\">514-777-5435<\/div><\/li><li class=\"fusion-li-item\"><span style=\"background-color:#333333;font-size:14.96px;height:28.9px;width:28.9px;margin-right:11.9px;\" class=\"icon-wrapper circle-yes\"><i class=\"fusion-li-icon fa fa-envelope-o\" style=\"color:#ffffff;\"><\/i><\/span><div class=\"fusion-li-item-content\" style=\"margin-left:40.8px;\">\n<p>info@askphysiomontreal.com<\/p>\n<\/div><\/li><\/ul><div class=\"fusion-text\"><p><b>M\u00c9THODES DE PAIEMENT<\/b><\/p>\n<\/div><div class=\"fusion-sep-clear\"><\/div><div class=\"fusion-separator sep-single sep-solid\" style=\"border-color:#590f44;border-top-width:2px;margin-top:0px;margin-bottom:30px;width:100%;max-width:40px;\"><\/div><div class=\"fusion-text\"><p><span style=\"font-weight: 400;\">Comptant, d\u00e9bit, virement bancaire<\/span><\/p>\n<p><span style=\"font-weight: 400;\">Tous les traitements doivent \u00eatre r\u00e9gl\u00e9s le jour m\u00eame.<\/span><\/p>\n<\/div><div class=\"fusion-text\"><p><b>COUVERTURE D\u2019ASSURANCE<\/b><\/p>\n<\/div><div class=\"fusion-sep-clear\"><\/div><div class=\"fusion-separator sep-single sep-solid\" style=\"border-color:#590f44;border-top-width:2px;margin-top:0px;margin-bottom:30px;width:100%;max-width:40px;\"><\/div><div class=\"fusion-text\"><p><span style=\"font-weight: 400;\">Ceci est un service priv\u00e9 qui n\u2019est pas couvert par l\u2019assurance-maladie. <\/span><\/p>\n<p><span style=\"font-weight: 400;\">La plupart des plans d\u2019assurances priv\u00e9es offrent la couverture du service de physioth\u00e9rapie. Veuillez v\u00e9rifier votre couverture d\u2019assurance.<\/span><\/p>\n<p><span style=\"font-weight: 400;\">Des re\u00e7us \u00e0 des fins d\u2019assurance vous seront donn\u00e9s \u00e0 la suite de chaque traitement.<\/span><\/p>\n<p><b>QUOI APPORTER:<\/b><span style=\"font-weight: 400;\"> Vous-m\u00eame<\/span><\/p>\n<p><b>QUOI PORTER:<\/b><span style=\"font-weight: 400;\"> \u00c0 votre guise<\/span><\/p>\n<\/div><div class=\"fusion-clearfix\"><\/div><\/div><\/div><\/div><\/div><\/div>\n","protected":false},"excerpt":{"rendered":"","protected":false},"author":1,"featured_media":0,"parent":0,"menu_order":0,"comment_status":"closed","ping_status":"closed","template":"100-width.php","meta":{"footnotes":""},"class_list":["post-1604","page","type-page","status-publish","placeholder-for-hentry"],"yoast_head":"<!-- This site is optimized with the Yoast SEO plugin v27.2 - https:\/\/yoast.com\/product\/yoast-seo-wordpress\/ -->\n<title>Prendre Rendez-Vous - Amadea S. Kezar Physioth\u00e9rapie - (514) 777-5435<\/title>\n<meta name=\"robots\" content=\"index, follow, max-snippet:-1, max-image-preview:large, max-video-preview:-1\" \/>\n<link rel=\"canonical\" href=\"https:\/\/askphysiomontreal.com\/make-appointment\/\" \/>\n<meta property=\"og:locale\" content=\"fr_CA\" \/>\n<meta property=\"og:type\" content=\"article\" \/>\n<meta property=\"og:title\" content=\"Prendre Rendez-Vous - Amadea S. Kezar Physioth\u00e9rapie - (514) 777-5435\" \/>\n<meta property=\"og:url\" content=\"https:\/\/askphysiomontreal.com\/make-appointment\/\" \/>\n<meta property=\"og:site_name\" content=\"Amadea S. Kezar Physioth\u00e9rapie - (514) 777-5435\" \/>\n<meta property=\"article:modified_time\" content=\"2022-10-17T18:38:33+00:00\" \/>\n<meta name=\"twitter:card\" content=\"summary_large_image\" \/>\n<meta name=\"twitter:label1\" content=\"Estimation du temps de lecture\" \/>\n\t<meta name=\"twitter:data1\" content=\"3 minutes\" \/>\n<script type=\"application\/ld+json\" class=\"yoast-schema-graph\">{\"@context\":\"https:\/\/schema.org\",\"@graph\":[{\"@type\":\"WebPage\",\"@id\":\"https:\/\/askphysiomontreal.com\/make-appointment\/\",\"url\":\"https:\/\/askphysiomontreal.com\/make-appointment\/\",\"name\":\"Prendre Rendez-Vous - Amadea S. Kezar Physioth\u00e9rapie - (514) 777-5435\",\"isPartOf\":{\"@id\":\"https:\/\/askphysiomontreal.com\/#website\"},\"datePublished\":\"2018-02-18T19:50:17+00:00\",\"dateModified\":\"2022-10-17T18:38:33+00:00\",\"breadcrumb\":{\"@id\":\"https:\/\/askphysiomontreal.com\/make-appointment\/#breadcrumb\"},\"inLanguage\":\"fr-CA\",\"potentialAction\":[{\"@type\":\"ReadAction\",\"target\":[\"https:\/\/askphysiomontreal.com\/make-appointment\/\"]}]},{\"@type\":\"BreadcrumbList\",\"@id\":\"https:\/\/askphysiomontreal.com\/make-appointment\/#breadcrumb\",\"itemListElement\":[{\"@type\":\"ListItem\",\"position\":1,\"name\":\"Home\",\"item\":\"https:\/\/askphysiomontreal.com\/fr\/\"},{\"@type\":\"ListItem\",\"position\":2,\"name\":\"Prendre Rendez-Vous\"}]},{\"@type\":\"WebSite\",\"@id\":\"https:\/\/askphysiomontreal.com\/#website\",\"url\":\"https:\/\/askphysiomontreal.com\/\",\"name\":\"Amadea S. Kezar Physioth\u00e9rapie - (514) 777-5435\",\"description\":\"Pelvic health center in Montreal, Quebec. Physiotherapy and programs for pelvic floor dysfunction: urinary incontinence, pelvic and genital pain, pelvic organ prolapse, pregnancy and pre\/post operative care including sex reassignment surgery. Pelvic hope for all.\",\"potentialAction\":[{\"@type\":\"SearchAction\",\"target\":{\"@type\":\"EntryPoint\",\"urlTemplate\":\"https:\/\/askphysiomontreal.com\/?s={search_term_string}\"},\"query-input\":{\"@type\":\"PropertyValueSpecification\",\"valueRequired\":true,\"valueName\":\"search_term_string\"}}],\"inLanguage\":\"fr-CA\"}]}<\/script>\n<!-- \/ Yoast SEO plugin. -->","yoast_head_json":{"title":"Prendre Rendez-Vous - Amadea S. Kezar Physioth\u00e9rapie - (514) 777-5435","robots":{"index":"index","follow":"follow","max-snippet":"max-snippet:-1","max-image-preview":"max-image-preview:large","max-video-preview":"max-video-preview:-1"},"canonical":"https:\/\/askphysiomontreal.com\/make-appointment\/","og_locale":"fr_CA","og_type":"article","og_title":"Prendre Rendez-Vous - Amadea S. Kezar Physioth\u00e9rapie - (514) 777-5435","og_url":"https:\/\/askphysiomontreal.com\/make-appointment\/","og_site_name":"Amadea S. Kezar Physioth\u00e9rapie - (514) 777-5435","article_modified_time":"2022-10-17T18:38:33+00:00","twitter_card":"summary_large_image","twitter_misc":{"Estimation du temps de lecture":"3 minutes"},"schema":{"@context":"https:\/\/schema.org","@graph":[{"@type":"WebPage","@id":"https:\/\/askphysiomontreal.com\/make-appointment\/","url":"https:\/\/askphysiomontreal.com\/make-appointment\/","name":"Prendre Rendez-Vous - Amadea S. Kezar Physioth\u00e9rapie - (514) 777-5435","isPartOf":{"@id":"https:\/\/askphysiomontreal.com\/#website"},"datePublished":"2018-02-18T19:50:17+00:00","dateModified":"2022-10-17T18:38:33+00:00","breadcrumb":{"@id":"https:\/\/askphysiomontreal.com\/make-appointment\/#breadcrumb"},"inLanguage":"fr-CA","potentialAction":[{"@type":"ReadAction","target":["https:\/\/askphysiomontreal.com\/make-appointment\/"]}]},{"@type":"BreadcrumbList","@id":"https:\/\/askphysiomontreal.com\/make-appointment\/#breadcrumb","itemListElement":[{"@type":"ListItem","position":1,"name":"Home","item":"https:\/\/askphysiomontreal.com\/fr\/"},{"@type":"ListItem","position":2,"name":"Prendre Rendez-Vous"}]},{"@type":"WebSite","@id":"https:\/\/askphysiomontreal.com\/#website","url":"https:\/\/askphysiomontreal.com\/","name":"Amadea S. Kezar Physioth\u00e9rapie - (514) 777-5435","description":"Pelvic health center in Montreal, Quebec. Physiotherapy and programs for pelvic floor dysfunction: urinary incontinence, pelvic and genital pain, pelvic organ prolapse, pregnancy and pre\/post operative care including sex reassignment surgery. Pelvic hope for all.","potentialAction":[{"@type":"SearchAction","target":{"@type":"EntryPoint","urlTemplate":"https:\/\/askphysiomontreal.com\/?s={search_term_string}"},"query-input":{"@type":"PropertyValueSpecification","valueRequired":true,"valueName":"search_term_string"}}],"inLanguage":"fr-CA"}]}},"_links":{"self":[{"href":"https:\/\/askphysiomontreal.com\/fr\/wp-json\/wp\/v2\/pages\/1604","targetHints":{"allow":["GET"]}}],"collection":[{"href":"https:\/\/askphysiomontreal.com\/fr\/wp-json\/wp\/v2\/pages"}],"about":[{"href":"https:\/\/askphysiomontreal.com\/fr\/wp-json\/wp\/v2\/types\/page"}],"author":[{"embeddable":true,"href":"https:\/\/askphysiomontreal.com\/fr\/wp-json\/wp\/v2\/users\/1"}],"replies":[{"embeddable":true,"href":"https:\/\/askphysiomontreal.com\/fr\/wp-json\/wp\/v2\/comments?post=1604"}],"version-history":[{"count":19,"href":"https:\/\/askphysiomontreal.com\/fr\/wp-json\/wp\/v2\/pages\/1604\/revisions"}],"predecessor-version":[{"id":2240,"href":"https:\/\/askphysiomontreal.com\/fr\/wp-json\/wp\/v2\/pages\/1604\/revisions\/2240"}],"wp:attachment":[{"href":"https:\/\/askphysiomontreal.com\/fr\/wp-json\/wp\/v2\/media?parent=1604"}],"curies":[{"name":"wp","href":"https:\/\/api.w.org\/{rel}","templated":true}]}}