{"id":1555,"date":"2018-02-18T18:20:54","date_gmt":"2018-02-18T18:20:54","guid":{"rendered":"http:\/\/democraticconsensus.ca\/pour-la-communaute-transgenre\/"},"modified":"2020-05-13T13:29:51","modified_gmt":"2020-05-13T17:29:51","slug":"pour-la-communaute-transgenre","status":"publish","type":"page","link":"https:\/\/askphysiomontreal.com\/fr\/a-propos\/pour-la-communaute-transgenre\/","title":{"rendered":"POUR LA COMMUNAUT\u00c9 TRANSGENRE"},"content":{"rendered":"<p><div class=\"fusion-fullwidth fullwidth-box fusion-builder-row-1 nonhundred-percent-fullwidth non-hundred-percent-height-scrolling\"  style='background-color: rgba(255,255,255,0);background-position: center center;background-repeat: no-repeat;padding-top:0px;padding-right:0px;padding-bottom:0px;padding-left:0px;'><div class=\"fusion-builder-row fusion-row \"><div  class=\"fusion-layout-column fusion_builder_column fusion_builder_column_1_1 fusion-builder-column-0 fusion-one-full fusion-column-first fusion-column-last 1_1\"  style='margin-top:0px;margin-bottom:30px;'><div class=\"fusion-column-wrapper\" style=\"padding: 20px 0px 0px 0px;background-position:left top;background-repeat:no-repeat;-webkit-background-size:cover;-moz-background-size:cover;-o-background-size:cover;background-size:cover;\"   data-bg-url=\"\"><style type=\"text\/css\">@media only screen and (max-width:800px) {.fusion-title.fusion-title-1{margin-top:10px!important;margin-bottom:10px!important;}}<\/style><div class=\"fusion-title title fusion-title-1 fusion-sep-none fusion-title-text fusion-title-size-one\" style=\"margin-top:0px;margin-bottom:0px;\"><h1 class=\"title-heading-left\" style=\"margin:0;\"><h2>\u00c0 SAVOIR<\/h2><\/h1><\/div><div class=\"fusion-counters-box counters-box row fusion-clearfix fusion-columns-4\"><div class=\"fusion-counter-box fusion-column col-counter-box counter-box-wrapper col-lg-3 col-md-3 col-sm-3\" data-animationOffset=\"100%\"><div class=\"counter-box-container\" style=\"border: 1px solid rgba(255,255,255,0);\"><div class=\"content-box-percentage content-box-counter\" style=\"color:rgba(89,15,68,0.94);font-size:62px;line-height:normal;\"><span class=\"display-counter\" data-value=\"40\" data-direction=\"up\" data-decimals=\"0\">0<\/span><span class=\"unit\">%<\/span><\/div><div class=\"counter-box-content\" style=\"color:#000000;font-size:20px;\">des individus ont des difficult\u00e9s \u00e0 la miction<\/div><\/div><\/div><div class=\"fusion-counter-box fusion-column col-counter-box counter-box-wrapper col-lg-3 col-md-3 col-sm-3\" data-animationOffset=\"100%\"><div class=\"counter-box-container\" style=\"border: 1px solid rgba(255,255,255,0);\"><div class=\"content-box-percentage content-box-counter\" style=\"color:rgba(89,15,68,0.94);font-size:62px;line-height:normal;\"><span class=\"display-counter\" data-value=\"25\" data-direction=\"up\" data-decimals=\"0\">0<\/span><span class=\"unit\">%<\/span><\/div><div class=\"counter-box-content\" style=\"color:#000000;font-size:20px;\">des individus ont un probl\u00e8me de fonction sexuelle<\/div><\/div><\/div><div class=\"fusion-counter-box fusion-column col-counter-box counter-box-wrapper col-lg-3 col-md-3 col-sm-3\" data-animationOffset=\"100%\"><div class=\"counter-box-container\" style=\"border: 1px solid rgba(255,255,255,0);\"><div class=\"content-box-percentage content-box-counter\" style=\"color:rgba(89,15,68,0.94);font-size:62px;line-height:normal;\"><span class=\"display-counter\" data-value=\"23\" data-direction=\"up\" data-decimals=\"0\">0<\/span><span class=\"unit\">%<\/span><\/div><div class=\"counter-box-content\" style=\"color:#000000;font-size:20px;\">des individus ont de l\u2019incontinence urinaire<\/div><\/div><\/div><div class=\"fusion-counter-box fusion-column col-counter-box counter-box-wrapper col-lg-3 col-md-3 col-sm-3\" data-animationOffset=\"100%\"><div class=\"counter-box-container\" style=\"border: 1px solid rgba(255,255,255,0);\"><div class=\"content-box-percentage content-box-counter\" style=\"color:rgba(89,15,68,0.94);font-size:62px;line-height:normal;\"><span class=\"display-counter\" data-value=\"7\" data-direction=\"up\" data-decimals=\"0\">0<\/span><span class=\"unit\">%<\/span><\/div><div class=\"counter-box-content\" style=\"color:#000000;font-size:20px;\">des individus vivent le prolapsus d\u2019un organe de la r\u00e9gion pelvienne<\/div><\/div><\/div><\/div><div class=\"clearfix\"><\/div><div class=\"fusion-clearfix\"><\/div><\/div><\/div><\/div><\/div><div class=\"fusion-fullwidth fullwidth-box fusion-builder-row-2 nonhundred-percent-fullwidth non-hundred-percent-height-scrolling\"  style='background-color: rgba(255,255,255,0);background-position: center center;background-repeat: no-repeat;padding-top:0px;padding-right:0px;padding-bottom:0px;padding-left:0px;'><div class=\"fusion-builder-row fusion-row \"><div  class=\"fusion-layout-column fusion_builder_column fusion_builder_column_1_2 fusion-builder-column-1 fusion-one-half fusion-column-first 1_2\"  style='margin-top:0px;margin-bottom:30px;width:50%;width:calc(50% - ( ( 4% ) * 0.5 ) );margin-right: 4%;'><div class=\"fusion-column-wrapper\" style=\"padding: 0px 0px 0px 0px;background-position:left top;background-repeat:no-repeat;-webkit-background-size:cover;-moz-background-size:cover;-o-background-size:cover;background-size:cover;\"   data-bg-url=\"\"><div class=\"fusion-text\"><h1>POUR LA COMMUNAUT\u00c9 TRANSGENRE<\/h1>\n<\/div><div class=\"fusion-text\"><p><span lang=\"FR-CA\">Notre clinique est un espace accueillant pour tous et toutes. Les enjeux li\u00e9s \u00e0 la sant\u00e9 pelvienne, tels que les probl\u00e8mes d\u2019urination ou de selles, la douleur et le soutien des organes pelviens et g\u00e9nitaux, ainsi que les p\u00e9riodes de grossesse et post-accouchement, peuvent affecter n\u2019importe qui. Nous sommes l\u00e0 pour vous aider. Certains facteurs peuvent augmenter les risques de sympt\u00f4mes; en effet, les changements de posture, le bandage de la poitrine, la technique du \u00ab tucking \u00bb, les changements aux tissus hormonaux et les cicatrices sont \u00e0 prendre en consid\u00e9ration puisqu\u2019ils peuvent avoir un impact sur le fonctionnement des muscles du plancher pelvien et des tissus environnants, ce qui peut contribuer \u00e0 vos sympt\u00f4mes. La physioth\u00e9rapie peut jouer un r\u00f4le important. Nous savons aussi que la d\u00e9cision de subir une chirurgie de r\u00e9assignation sexuelle est un parcours majeur \u00e0 suivre qui contient de nombreuses consid\u00e9rations physiques et affectives. De plus, les p\u00e9riodes pr\u00e9 et post op\u00e9ratoires peuvent pr\u00e9senter des d\u00e9fis au niveau des fonctions sexuelle et urinaire, de la fonction intestinale et de la douleur. Que vous consid\u00e9riez cette chirurgie ou non, le fait d\u2019avoir acc\u00e8s \u00e0 un traitement expert au sein d\u2019un environnement respectueux et chaleureux est primordial au processus de gu\u00e9rison. Et tout le monde y a droit.<\/span><span lang=\"FR-CA\">\u00a0<\/span><img loading=\"lazy\" decoding=\"async\" class=\"alignnone wp-image-1196\" src=\"\/wp-content\/uploads\/2017\/05\/ASK.png\" alt=\"\" width=\"34\" height=\"18\" \/>.<\/p>\n<\/div><div class=\"fusion-clearfix\"><\/div><\/div><\/div><div  class=\"fusion-layout-column fusion_builder_column fusion_builder_column_1_2 fusion-builder-column-2 fusion-one-half fusion-column-last 1_2\"  style='margin-top:0px;margin-bottom:30px;width:50%;width:calc(50% - ( ( 4% ) * 0.5 ) );'><div class=\"fusion-column-wrapper\" style=\"padding: 25px 0px 0px 0px;background-position:left top;background-repeat:no-repeat;-webkit-background-size:cover;-moz-background-size:cover;-o-background-size:cover;background-size:cover;\"   data-bg-url=\"\"><div class=\"imageframe-align-center\"><span style=\"-webkit-box-shadow: 3px 3px 7px rgba(89,15,68,0.3);box-shadow: 3px 3px 7px rgba(89,15,68,0.3);\" class=\"fusion-imageframe imageframe-dropshadow imageframe-1 hover-type-none\"><img loading=\"lazy\" decoding=\"async\" src=\"https:\/\/askphysiomontreal.com\/wp-content\/uploads\/2018\/02\/mos-transgender-students-6-28-17-400x311.jpg\" width=\"400\" height=\"311\" alt=\"\" title=\"mos-transgender-students-6-28-17\" class=\"img-responsive wp-image-1672\" srcset=\"https:\/\/askphysiomontreal.com\/wp-content\/uploads\/2018\/02\/mos-transgender-students-6-28-17-200x156.jpg 200w, https:\/\/askphysiomontreal.com\/wp-content\/uploads\/2018\/02\/mos-transgender-students-6-28-17-400x311.jpg 400w, https:\/\/askphysiomontreal.com\/wp-content\/uploads\/2018\/02\/mos-transgender-students-6-28-17-600x467.jpg 600w, https:\/\/askphysiomontreal.com\/wp-content\/uploads\/2018\/02\/mos-transgender-students-6-28-17.jpg 800w\" sizes=\"auto, (max-width: 800px) 100vw, 600px\" \/><\/span><\/div><div class=\"fusion-clearfix\"><\/div><\/div><\/div><\/div><\/div><div class=\"fusion-fullwidth fullwidth-box fusion-builder-row-3 nonhundred-percent-fullwidth non-hundred-percent-height-scrolling\"  style='background-color: rgba(255,255,255,0);background-position: center center;background-repeat: no-repeat;padding-top:0px;padding-right:0px;padding-bottom:0px;padding-left:0px;'><div class=\"fusion-builder-row fusion-row \"><div  class=\"fusion-layout-column fusion_builder_column fusion_builder_column_1_1 fusion-builder-column-3 fusion-one-full fusion-column-first fusion-column-last 1_1\"  style='margin-top:0px;margin-bottom:30px;'><div class=\"fusion-column-wrapper\" style=\"padding: 0px 0px 0px 0px;background-position:left top;background-repeat:no-repeat;-webkit-background-size:cover;-moz-background-size:cover;-o-background-size:cover;background-size:cover;\"   data-bg-url=\"\"><style type=\"text\/css\">@media only screen and (max-width:800px) {.fusion-title.fusion-title-2{margin-top:10px!important;margin-bottom:10px!important;}}<\/style><div class=\"fusion-title title fusion-title-2 fusion-sep-none fusion-title-text fusion-title-size-one\" style=\"margin-top:0px;margin-bottom:0px;\"><h1 class=\"title-heading-left\" style=\"margin:0;\"><h2>COMMENT LA PHYSIOTH\u00c9RAPIE PEUT-ELLE VOUS AIDER?<\/h2><\/h1><\/div><div class=\"fusion-clearfix\"><\/div><\/div><\/div><div  class=\"fusion-layout-column fusion_builder_column fusion_builder_column_1_2 fusion-builder-column-4 fusion-one-half fusion-column-first 1_2\"  style='margin-top:0px;margin-bottom:30px;width:50%;width:calc(50% - ( ( 4% ) * 0.5 ) );margin-right: 4%;'><div class=\"fusion-column-wrapper\" style=\"padding: 0px 0px 0px 0px;background-position:left top;background-repeat:no-repeat;-webkit-background-size:cover;-moz-background-size:cover;-o-background-size:cover;background-size:cover;\"   data-bg-url=\"\"><div class=\"fusion-text\"><ul>\n<li><b>Douleurs pelviennes et la dysfonction sexuelle<\/b><\/li>\n<\/ul>\n<ul>\n<li style=\"list-style-type: none;\">\n<ul>\n<li style=\"font-weight: 400;\"><span style=\"font-weight: 400;\">Douleur vulvienne, vaginale, clitoridienne, p\u00e9rin\u00e9ale (au repos, au toucher ou lors de rapports sexuels)<\/span><\/li>\n<li style=\"font-weight: 400;\"><span style=\"font-weight: 400;\">Difficult\u00e9 ou impossibilit\u00e9 de p\u00e9n\u00e9tration (rapports sexuels)<\/span><\/li>\n<li style=\"font-weight: 400;\"><span style=\"font-weight: 400;\">Douleur anorectale (au repos ou lors de l\u2019\u00e9vacuation des selles)<\/span><\/li>\n<li style=\"font-weight: 400;\"><span style=\"font-weight: 400;\">Douleur en urinant ou en allant \u00e0 la selle <\/span><\/li>\n<li style=\"font-weight: 400;\"><span style=\"font-weight: 400;\">Sacroiliac or coccyx pain<\/span><\/li>\n<li style=\"font-weight: 400;\"><span style=\"font-weight: 400;\">N\u00e9vralgie pudendale, endom\u00e9triose ou douleurs cystiques <\/span><\/li>\n<li style=\"font-weight: 400;\"><span style=\"font-weight: 400;\">St\u00e9nose vaginale (resserrement) <\/span><\/li>\n<li style=\"font-weight: 400;\"><span style=\"font-weight: 400;\">Cicatrisation abdominale ou pelvienne douloureuse ou serr\u00e9e<\/span><\/li>\n<li style=\"font-weight: 400;\"><span style=\"font-weight: 400;\">Vaginisme<\/span><\/li>\n<\/ul>\n<\/li>\n<\/ul>\n<\/div><div class=\"fusion-clearfix\"><\/div><\/div><\/div><div  class=\"fusion-layout-column fusion_builder_column fusion_builder_column_1_2 fusion-builder-column-5 fusion-one-half fusion-column-last 1_2\"  style='margin-top:0px;margin-bottom:30px;width:50%;width:calc(50% - ( ( 4% ) * 0.5 ) );'><div class=\"fusion-column-wrapper\" style=\"padding: 0px 0px 0px 0px;background-position:left top;background-repeat:no-repeat;-webkit-background-size:cover;-moz-background-size:cover;-o-background-size:cover;background-size:cover;\"   data-bg-url=\"\"><div class=\"fusion-text\"><ul>\n<li><b>Dysfonctions urinaire et anorectale<\/b><\/li>\n<\/ul>\n<ul>\n<li style=\"list-style-type: none;\">\n<ul>\n<li style=\"font-weight: 400;\"><span style=\"font-weight: 400;\">Fuites urinaires ou f\u00e9cales (petites ou abondantes) <\/span><\/li>\n<li style=\"font-weight: 400;\"><span style=\"font-weight: 400;\">Fr\u00e9quence et\/ou l\u2019urgence d\u2019aller aux toilettes (avec ou sans fuites urinaires ou f\u00e9cales)<\/span><\/li>\n<li style=\"font-weight: 400;\"><span style=\"font-weight: 400;\">Difficult\u00e9 \u00e0 uriner \u2013 lent \u00e0 d\u00e9buter, incomplet ou jet intermittent<\/span><\/li>\n<li style=\"font-weight: 400;\"><span style=\"font-weight: 400;\">Constipation et \u00e9vacuation difficile<\/span><\/li>\n<\/ul>\n<\/li>\n<\/ul>\n<p><b>Prolapsus des organes pelviens<\/b><\/p>\n<ul>\n<li style=\"font-weight: 400;\"><span style=\"font-weight: 400;\">Uterus, vessie ou rectum<\/span><\/li>\n<\/ul>\n<\/div><div class=\"fusion-clearfix\"><\/div><\/div><\/div><\/div><\/div><div class=\"fusion-fullwidth fullwidth-box fusion-builder-row-4 nonhundred-percent-fullwidth non-hundred-percent-height-scrolling\"  style='background-color: rgba(255,255,255,0);background-position: center center;background-repeat: no-repeat;padding-top:0px;padding-right:0px;padding-bottom:0px;padding-left:0px;'><div class=\"fusion-builder-row fusion-row \"><div  class=\"fusion-layout-column fusion_builder_column fusion_builder_column_1_1 fusion-builder-column-6 fusion-one-full fusion-column-first fusion-column-last 1_1\"  style='margin-top:0px;margin-bottom:30px;'><div class=\"fusion-column-wrapper\" style=\"padding: 0px 0px 0px 0px;background-position:left top;background-repeat:no-repeat;-webkit-background-size:cover;-moz-background-size:cover;-o-background-size:cover;background-size:cover;\"   data-bg-url=\"\"><div class=\"fusion-button-wrapper fusion-aligncenter\"><style type=\"text\/css\">.fusion-button.button-1 {border-radius:25px;}<\/style><a class=\"fusion-button button-flat fusion-button-default-size button-default button-1 fusion-button-span-no fusion-button-default-type\" target=\"_self\" href=\"\/fr\/prendre-rendez-vous\/\"><span class=\"fusion-button-text\"> PRENDRE RENDEZ-VOUS<\/span><\/a><\/div><div class=\"fusion-clearfix\"><\/div><\/div><\/div><\/div><\/div><\/p>\n","protected":false},"excerpt":{"rendered":"","protected":false},"author":1,"featured_media":0,"parent":1676,"menu_order":0,"comment_status":"closed","ping_status":"closed","template":"","meta":{"footnotes":""},"class_list":["post-1555","page","type-page","status-publish","placeholder-for-hentry"],"yoast_head":"<!-- This site is optimized with the Yoast SEO plugin v27.2 - https:\/\/yoast.com\/product\/yoast-seo-wordpress\/ -->\n<title>POUR LA COMMUNAUT\u00c9 TRANSGENRE - Amadea S. Kezar Physioth\u00e9rapie - (514) 777-5435<\/title>\n<meta name=\"robots\" content=\"index, follow, max-snippet:-1, max-image-preview:large, max-video-preview:-1\" \/>\n<link rel=\"canonical\" href=\"https:\/\/askphysiomontreal.com\/about\/for-the-transgender-community\/\" \/>\n<meta property=\"og:locale\" content=\"fr_CA\" \/>\n<meta property=\"og:type\" content=\"article\" \/>\n<meta property=\"og:title\" content=\"POUR LA COMMUNAUT\u00c9 TRANSGENRE - Amadea S. Kezar Physioth\u00e9rapie - (514) 777-5435\" \/>\n<meta property=\"og:url\" content=\"https:\/\/askphysiomontreal.com\/about\/for-the-transgender-community\/\" \/>\n<meta property=\"og:site_name\" content=\"Amadea S. Kezar Physioth\u00e9rapie - (514) 777-5435\" \/>\n<meta property=\"article:modified_time\" content=\"2020-05-13T17:29:51+00:00\" \/>\n<meta name=\"twitter:card\" content=\"summary_large_image\" \/>\n<meta name=\"twitter:label1\" content=\"Estimation du temps de lecture\" \/>\n\t<meta name=\"twitter:data1\" content=\"7 minutes\" \/>\n<script type=\"application\/ld+json\" class=\"yoast-schema-graph\">{\"@context\":\"https:\/\/schema.org\",\"@graph\":[{\"@type\":\"WebPage\",\"@id\":\"https:\/\/askphysiomontreal.com\/about\/for-the-transgender-community\/\",\"url\":\"https:\/\/askphysiomontreal.com\/about\/for-the-transgender-community\/\",\"name\":\"POUR LA COMMUNAUT\u00c9 TRANSGENRE - Amadea S. Kezar Physioth\u00e9rapie - (514) 777-5435\",\"isPartOf\":{\"@id\":\"https:\/\/askphysiomontreal.com\/#website\"},\"datePublished\":\"2018-02-18T18:20:54+00:00\",\"dateModified\":\"2020-05-13T17:29:51+00:00\",\"breadcrumb\":{\"@id\":\"https:\/\/askphysiomontreal.com\/about\/for-the-transgender-community\/#breadcrumb\"},\"inLanguage\":\"fr-CA\",\"potentialAction\":[{\"@type\":\"ReadAction\",\"target\":[\"https:\/\/askphysiomontreal.com\/about\/for-the-transgender-community\/\"]}]},{\"@type\":\"BreadcrumbList\",\"@id\":\"https:\/\/askphysiomontreal.com\/about\/for-the-transgender-community\/#breadcrumb\",\"itemListElement\":[{\"@type\":\"ListItem\",\"position\":1,\"name\":\"Home\",\"item\":\"https:\/\/askphysiomontreal.com\/fr\/\"},{\"@type\":\"ListItem\",\"position\":2,\"name\":\"\u00c0 PROPOS\",\"item\":\"https:\/\/askphysiomontreal.com\/fr\/a-propos\/\"},{\"@type\":\"ListItem\",\"position\":3,\"name\":\"POUR LA COMMUNAUT\u00c9 TRANSGENRE\"}]},{\"@type\":\"WebSite\",\"@id\":\"https:\/\/askphysiomontreal.com\/#website\",\"url\":\"https:\/\/askphysiomontreal.com\/\",\"name\":\"Amadea S. Kezar Physioth\u00e9rapie - (514) 777-5435\",\"description\":\"Pelvic health center in Montreal, Quebec. Physiotherapy and programs for pelvic floor dysfunction: urinary incontinence, pelvic and genital pain, pelvic organ prolapse, pregnancy and pre\/post operative care including sex reassignment surgery. Pelvic hope for all.\",\"potentialAction\":[{\"@type\":\"SearchAction\",\"target\":{\"@type\":\"EntryPoint\",\"urlTemplate\":\"https:\/\/askphysiomontreal.com\/?s={search_term_string}\"},\"query-input\":{\"@type\":\"PropertyValueSpecification\",\"valueRequired\":true,\"valueName\":\"search_term_string\"}}],\"inLanguage\":\"fr-CA\"}]}<\/script>\n<!-- \/ Yoast SEO plugin. -->","yoast_head_json":{"title":"POUR LA COMMUNAUT\u00c9 TRANSGENRE - Amadea S. Kezar Physioth\u00e9rapie - (514) 777-5435","robots":{"index":"index","follow":"follow","max-snippet":"max-snippet:-1","max-image-preview":"max-image-preview:large","max-video-preview":"max-video-preview:-1"},"canonical":"https:\/\/askphysiomontreal.com\/about\/for-the-transgender-community\/","og_locale":"fr_CA","og_type":"article","og_title":"POUR LA COMMUNAUT\u00c9 TRANSGENRE - Amadea S. Kezar Physioth\u00e9rapie - (514) 777-5435","og_url":"https:\/\/askphysiomontreal.com\/about\/for-the-transgender-community\/","og_site_name":"Amadea S. Kezar Physioth\u00e9rapie - (514) 777-5435","article_modified_time":"2020-05-13T17:29:51+00:00","twitter_card":"summary_large_image","twitter_misc":{"Estimation du temps de lecture":"7 minutes"},"schema":{"@context":"https:\/\/schema.org","@graph":[{"@type":"WebPage","@id":"https:\/\/askphysiomontreal.com\/about\/for-the-transgender-community\/","url":"https:\/\/askphysiomontreal.com\/about\/for-the-transgender-community\/","name":"POUR LA COMMUNAUT\u00c9 TRANSGENRE - Amadea S. Kezar Physioth\u00e9rapie - (514) 777-5435","isPartOf":{"@id":"https:\/\/askphysiomontreal.com\/#website"},"datePublished":"2018-02-18T18:20:54+00:00","dateModified":"2020-05-13T17:29:51+00:00","breadcrumb":{"@id":"https:\/\/askphysiomontreal.com\/about\/for-the-transgender-community\/#breadcrumb"},"inLanguage":"fr-CA","potentialAction":[{"@type":"ReadAction","target":["https:\/\/askphysiomontreal.com\/about\/for-the-transgender-community\/"]}]},{"@type":"BreadcrumbList","@id":"https:\/\/askphysiomontreal.com\/about\/for-the-transgender-community\/#breadcrumb","itemListElement":[{"@type":"ListItem","position":1,"name":"Home","item":"https:\/\/askphysiomontreal.com\/fr\/"},{"@type":"ListItem","position":2,"name":"\u00c0 PROPOS","item":"https:\/\/askphysiomontreal.com\/fr\/a-propos\/"},{"@type":"ListItem","position":3,"name":"POUR LA COMMUNAUT\u00c9 TRANSGENRE"}]},{"@type":"WebSite","@id":"https:\/\/askphysiomontreal.com\/#website","url":"https:\/\/askphysiomontreal.com\/","name":"Amadea S. Kezar Physioth\u00e9rapie - (514) 777-5435","description":"Pelvic health center in Montreal, Quebec. Physiotherapy and programs for pelvic floor dysfunction: urinary incontinence, pelvic and genital pain, pelvic organ prolapse, pregnancy and pre\/post operative care including sex reassignment surgery. Pelvic hope for all.","potentialAction":[{"@type":"SearchAction","target":{"@type":"EntryPoint","urlTemplate":"https:\/\/askphysiomontreal.com\/?s={search_term_string}"},"query-input":{"@type":"PropertyValueSpecification","valueRequired":true,"valueName":"search_term_string"}}],"inLanguage":"fr-CA"}]}},"_links":{"self":[{"href":"https:\/\/askphysiomontreal.com\/fr\/wp-json\/wp\/v2\/pages\/1555","targetHints":{"allow":["GET"]}}],"collection":[{"href":"https:\/\/askphysiomontreal.com\/fr\/wp-json\/wp\/v2\/pages"}],"about":[{"href":"https:\/\/askphysiomontreal.com\/fr\/wp-json\/wp\/v2\/types\/page"}],"author":[{"embeddable":true,"href":"https:\/\/askphysiomontreal.com\/fr\/wp-json\/wp\/v2\/users\/1"}],"replies":[{"embeddable":true,"href":"https:\/\/askphysiomontreal.com\/fr\/wp-json\/wp\/v2\/comments?post=1555"}],"version-history":[{"count":22,"href":"https:\/\/askphysiomontreal.com\/fr\/wp-json\/wp\/v2\/pages\/1555\/revisions"}],"predecessor-version":[{"id":2115,"href":"https:\/\/askphysiomontreal.com\/fr\/wp-json\/wp\/v2\/pages\/1555\/revisions\/2115"}],"up":[{"embeddable":true,"href":"https:\/\/askphysiomontreal.com\/fr\/wp-json\/wp\/v2\/pages\/1676"}],"wp:attachment":[{"href":"https:\/\/askphysiomontreal.com\/fr\/wp-json\/wp\/v2\/media?parent=1555"}],"curies":[{"name":"wp","href":"https:\/\/api.w.org\/{rel}","templated":true}]}}