{"id":1539,"date":"2018-02-18T18:01:17","date_gmt":"2018-02-18T18:01:17","guid":{"rendered":"http:\/\/democraticconsensus.ca\/pour-lhomme\/"},"modified":"2018-08-24T12:00:51","modified_gmt":"2018-08-24T16:00:51","slug":"pour-lhomme","status":"publish","type":"page","link":"https:\/\/askphysiomontreal.com\/fr\/a-propos\/pour-lhomme\/","title":{"rendered":"POUR L\u2019HOMME"},"content":{"rendered":"<p><div class=\"fusion-fullwidth fullwidth-box fusion-builder-row-1 nonhundred-percent-fullwidth non-hundred-percent-height-scrolling\"  style='background-color: rgba(255,255,255,0);background-position: center center;background-repeat: no-repeat;padding-top:0px;padding-right:0px;padding-bottom:0px;padding-left:0px;'><div class=\"fusion-builder-row fusion-row \"><div  class=\"fusion-layout-column fusion_builder_column fusion_builder_column_1_1 fusion-builder-column-0 fusion-one-full fusion-column-first fusion-column-last 1_1\"  style='margin-top:0px;margin-bottom:30px;'><div class=\"fusion-column-wrapper\" style=\"padding: 20px 0px 0px 0px;background-position:left top;background-repeat:no-repeat;-webkit-background-size:cover;-moz-background-size:cover;-o-background-size:cover;background-size:cover;\"   data-bg-url=\"\"><style type=\"text\/css\">@media only screen and (max-width:800px) {.fusion-title.fusion-title-1{margin-top:10px!important;margin-bottom:10px!important;}}<\/style><div class=\"fusion-title title fusion-title-1 fusion-sep-none fusion-title-text fusion-title-size-one\" style=\"margin-top:0px;margin-bottom:0px;\"><h1 class=\"title-heading-left\" style=\"margin:0;\"><h2>\u00c0 SAVOIR<\/h2><\/h1><\/div><div class=\"fusion-counters-box counters-box row fusion-clearfix fusion-columns-4\"><div class=\"fusion-counter-box fusion-column col-counter-box counter-box-wrapper col-lg-3 col-md-3 col-sm-3\" data-animationOffset=\"100%\"><div class=\"counter-box-container\" style=\"border: 1px solid rgba(255,255,255,0);\"><div class=\"content-box-percentage content-box-counter\" style=\"color:rgba(89,15,68,0.94);font-size:62px;line-height:normal;\"><span class=\"display-counter\" data-value=\"20\" data-direction=\"up\" data-decimals=\"0\">0<\/span><span class=\"unit\">%<\/span><\/div><div class=\"counter-box-content\" style=\"color:#000000;font-size:20px;\">des hommes auront des fuites urinaires suite \u00e0 une chirurgie prostatique<\/div><\/div><\/div><div class=\"fusion-counter-box fusion-column col-counter-box counter-box-wrapper col-lg-3 col-md-3 col-sm-3\" data-animationOffset=\"100%\"><div class=\"counter-box-container\" style=\"border: 1px solid rgba(255,255,255,0);\"><div class=\"content-box-percentage content-box-counter\" style=\"color:rgba(89,15,68,0.94);font-size:62px;line-height:normal;\"><span class=\"display-counter\" data-value=\"9\" data-direction=\"up\" data-decimals=\"0\">0<\/span><span class=\"unit\">%<\/span><\/div><div class=\"counter-box-content\" style=\"color:#000000;font-size:20px;\">des hommes ont des douleurs chroniques pelviennes<\/div><\/div><\/div><div class=\"fusion-counter-box fusion-column col-counter-box counter-box-wrapper col-lg-3 col-md-3 col-sm-3\" data-animationOffset=\"100%\"><div class=\"counter-box-container\" style=\"border: 1px solid rgba(255,255,255,0);\"><div class=\"content-box-percentage content-box-counter\" style=\"color:rgba(89,15,68,0.94);font-size:62px;line-height:normal;\"><span class=\"display-counter\" data-value=\"95\" data-direction=\"up\" data-decimals=\"0\">0<\/span><span class=\"unit\">%<\/span><\/div><div class=\"counter-box-content\" style=\"color:#000000;font-size:20px;\">de la douleur pelvienne n\u2019est PAS caus\u00e9e par une infection<\/div><\/div><\/div><div class=\"fusion-counter-box fusion-column col-counter-box counter-box-wrapper col-lg-3 col-md-3 col-sm-3\" data-animationOffset=\"100%\"><div class=\"counter-box-container\" style=\"border: 1px solid rgba(255,255,255,0);\"><div class=\"content-box-percentage content-box-counter\" style=\"color:rgba(89,15,68,0.94);font-size:62px;line-height:normal;\"><span class=\"display-counter\" data-value=\"15\" data-direction=\"up\" data-decimals=\"0\">0<\/span><span class=\"unit\">%<\/span><\/div><div class=\"counter-box-content\" style=\"color:#000000;font-size:20px;\">des hommes souffrent de constipation chronique<\/div><\/div><\/div><\/div><div class=\"clearfix\"><\/div><div class=\"fusion-clearfix\"><\/div><\/div><\/div><\/div><\/div><div class=\"fusion-fullwidth fullwidth-box fusion-builder-row-2 nonhundred-percent-fullwidth non-hundred-percent-height-scrolling\"  style='background-color: rgba(255,255,255,0);background-position: center center;background-repeat: no-repeat;padding-top:0px;padding-right:0px;padding-bottom:0px;padding-left:0px;'><div class=\"fusion-builder-row fusion-row \"><div  class=\"fusion-layout-column fusion_builder_column fusion_builder_column_1_2 fusion-builder-column-1 fusion-one-half fusion-column-first 1_2\"  style='margin-top:0px;margin-bottom:30px;width:50%;width:calc(50% - ( ( 4% ) * 0.5 ) );margin-right: 4%;'><div class=\"fusion-column-wrapper\" style=\"padding: 0px 0px 0px 0px;background-position:left top;background-repeat:no-repeat;-webkit-background-size:cover;-moz-background-size:cover;-o-background-size:cover;background-size:cover;\"   data-bg-url=\"\"><div class=\"fusion-text\"><h1><span style=\"font-weight: 400;\">POUR L\u2019HOMME<\/span><\/h1>\n<\/div><div class=\"fusion-text\"><p><span style=\"font-weight: 400;\">IMPORTANT! Messieurs, vous pouvez aussi rencontrer un dysfonctionnement du plancher pelvien! Malheureusement, peu d\u2019hommes rapportent leurs sympt\u00f4mes ou sont au courant que leurs probl\u00e8mes peuvent \u00eatre caus\u00e9s par des troubles musculo-squelettiques. \u00a0<\/span><span style=\"font-weight: 400;\">Trop souvent, les hommes se retrouvent coinc\u00e9s, \u00e0 la recherche de r\u00e9ponses dans le syst\u00e8me m\u00e9dical\u00a0: visites chez le m\u00e9decin, imagerie, cultures et m\u00e9dicaments sans am\u00e9lioration significative\u2026 <\/span><span style=\"font-weight: 400;\">en plus de se penser seul dans cette situation\u2026 Vous ne l\u2019\u00eates pas, et nous sommes l\u00e0 pour vous aider. <\/span><img loading=\"lazy\" decoding=\"async\" class=\"alignnone wp-image-1196\" src=\"\/wp-content\/uploads\/2017\/05\/ASK.png\" alt=\"\" width=\"34\" height=\"18\" \/>.<\/p>\n<\/div><div class=\"fusion-clearfix\"><\/div><\/div><\/div><div  class=\"fusion-layout-column fusion_builder_column fusion_builder_column_1_2 fusion-builder-column-2 fusion-one-half fusion-column-last 1_2\"  style='margin-top:0px;margin-bottom:30px;width:50%;width:calc(50% - ( ( 4% ) * 0.5 ) );'><div class=\"fusion-column-wrapper\" style=\"padding: 0px 0px 0px 0px;background-position:left top;background-repeat:no-repeat;-webkit-background-size:cover;-moz-background-size:cover;-o-background-size:cover;background-size:cover;\"   data-bg-url=\"\"><div class=\"fusion-column-content-centered\"><div class=\"fusion-column-content\"><div class=\"imageframe-align-center\"><span style=\"-webkit-box-shadow: 3px 3px 7px rgba(89,15,68,0.3);box-shadow: 3px 3px 7px rgba(89,15,68,0.3);\" class=\"fusion-imageframe imageframe-dropshadow imageframe-1 hover-type-none\"><img loading=\"lazy\" decoding=\"async\" src=\"https:\/\/askphysiomontreal.com\/wp-content\/uploads\/2018\/02\/File-Apr-03-10-09-33-PM-compressed-400x267.jpg\" width=\"400\" height=\"267\" alt=\"\" title=\"File Apr 03, 10 09 33 PM-compressed\" class=\"img-responsive wp-image-1644\" srcset=\"https:\/\/askphysiomontreal.com\/wp-content\/uploads\/2018\/02\/File-Apr-03-10-09-33-PM-compressed-200x133.jpg 200w, https:\/\/askphysiomontreal.com\/wp-content\/uploads\/2018\/02\/File-Apr-03-10-09-33-PM-compressed-400x267.jpg 400w, https:\/\/askphysiomontreal.com\/wp-content\/uploads\/2018\/02\/File-Apr-03-10-09-33-PM-compressed-600x400.jpg 600w, https:\/\/askphysiomontreal.com\/wp-content\/uploads\/2018\/02\/File-Apr-03-10-09-33-PM-compressed-800x533.jpg 800w, https:\/\/askphysiomontreal.com\/wp-content\/uploads\/2018\/02\/File-Apr-03-10-09-33-PM-compressed-1200x800.jpg 1200w, https:\/\/askphysiomontreal.com\/wp-content\/uploads\/2018\/02\/File-Apr-03-10-09-33-PM-compressed.jpg 1434w\" sizes=\"auto, (max-width: 800px) 100vw, 600px\" \/><\/span><\/div><\/div><\/div><div class=\"fusion-clearfix\"><\/div><\/div><\/div><\/div><\/div><div class=\"fusion-fullwidth fullwidth-box fusion-builder-row-3 nonhundred-percent-fullwidth non-hundred-percent-height-scrolling\"  style='background-color: rgba(255,255,255,0);background-position: center center;background-repeat: no-repeat;padding-top:0px;padding-right:0px;padding-bottom:0px;padding-left:0px;'><div class=\"fusion-builder-row fusion-row \"><div  class=\"fusion-layout-column fusion_builder_column fusion_builder_column_1_1 fusion-builder-column-3 fusion-one-full fusion-column-first fusion-column-last 1_1\"  style='margin-top:0px;margin-bottom:30px;'><div class=\"fusion-column-wrapper\" style=\"padding: 0px 0px 0px 0px;background-position:left top;background-repeat:no-repeat;-webkit-background-size:cover;-moz-background-size:cover;-o-background-size:cover;background-size:cover;\"   data-bg-url=\"\"><style type=\"text\/css\">@media only screen and (max-width:800px) {.fusion-title.fusion-title-2{margin-top:10px!important;margin-bottom:10px!important;}}<\/style><div class=\"fusion-title title fusion-title-2 fusion-sep-none fusion-title-text fusion-title-size-one\" style=\"margin-top:0px;margin-bottom:0px;\"><h1 class=\"title-heading-left\" style=\"margin:0;\"><h2>COMMENT LA PHYSIOTH\u00c9RAPIE PEUT-ELLE VOUS AIDER?<\/h2><\/h1><\/div><div class=\"fusion-clearfix\"><\/div><\/div><\/div><div  class=\"fusion-layout-column fusion_builder_column fusion_builder_column_1_2 fusion-builder-column-4 fusion-one-half fusion-column-first 1_2\"  style='margin-top:0px;margin-bottom:30px;width:50%;width:calc(50% - ( ( 4% ) * 0.5 ) );margin-right: 4%;'><div class=\"fusion-column-wrapper\" style=\"padding: 0px 0px 0px 0px;background-position:left top;background-repeat:no-repeat;-webkit-background-size:cover;-moz-background-size:cover;-o-background-size:cover;background-size:cover;\"   data-bg-url=\"\"><div class=\"fusion-text\"><ul>\n<li><strong>Douleurs<\/strong>\n<ul>\n<li>Douleur au p\u00e9nis\/scrotale\/p\u00e9rin\u00e9ale<\/li>\n<li>Douleur anorectale au repos ou lors de l\u2019\u00e9vacuation des selles<\/li>\n<li>Douleur \u00e9rectile ou post-\u00e9jaculation<\/li>\n<li>Douleur de l\u2019articulatio sacro-iliaque ou au coccyx<\/li>\n<li>Douleur abdominale ou \u00e0 l\u2019aine<\/li>\n<li>N\u00e9vralgie pudendale<\/li>\n<\/ul>\n<\/li>\n<li><b>Consultation et traitement pr\u00e9 et post-chirurgie<\/b>\n<ul>\n<li><span style=\"font-weight: 400;\">Prostatectomie<\/span>\n<ul>\n<li style=\"font-weight: 400;\"><span style=\"font-weight: 400;\">Pr\u00e9-op: \u00c9valuation de l\u2019\u00e9tat du plancher pelvien et pr\u00e9paration en vue du traitement<\/span><\/li>\n<li style=\"font-weight: 400;\"><span style=\"font-weight: 400;\">Post op: \u00c9valuation de l\u2019\u00e9tat du plancher pelvien et plan de traitement bas\u00e9 sur les sympt\u00f4mes<\/span><\/li>\n<\/ul>\n<\/li>\n<\/ul>\n<\/li>\n<\/ul>\n<\/div><div class=\"fusion-clearfix\"><\/div><\/div><\/div><div  class=\"fusion-layout-column fusion_builder_column fusion_builder_column_1_2 fusion-builder-column-5 fusion-one-half fusion-column-last 1_2\"  style='margin-top:0px;margin-bottom:30px;width:50%;width:calc(50% - ( ( 4% ) * 0.5 ) );'><div class=\"fusion-column-wrapper\" style=\"padding: 0px 0px 0px 0px;background-position:left top;background-repeat:no-repeat;-webkit-background-size:cover;-moz-background-size:cover;-o-background-size:cover;background-size:cover;\"   data-bg-url=\"\"><div class=\"fusion-text\"><ul>\n<li><b>Dysfonctions urinaire et anorectale<\/b>\n<ul>\n<li><span style=\"font-weight: 400;\"> Fuite urinaire ou f\u00e9cale (petite ou abondante)<\/span><\/li>\n<li><span style=\"font-weight: 400;\">Urination fr\u00e9quente<\/span><\/li>\n<li><span style=\"font-weight: 400;\"> Urgence d\u2019aller aux toilettes (avec ou sans fuites urinaires ou f\u00e9cales)<\/span><\/li>\n<li><span style=\"font-weight: 400;\"> Douleur ou difficult\u00e9 \u00e0 uriner ou lors de l\u2019\u00e9vacuation des selles<\/span><\/li>\n<li><span style=\"font-weight: 400;\"> Constipation et \u00e9vacuation difficile<\/span><\/li>\n<\/ul>\n<\/li>\n<li><strong>Dysfonction \u00e9rectile<\/strong>\n<ul>\n<li>Difficult\u00e9 \u00e0 avoir une \u00e9rection<\/li>\n<li>\u00c9jaculation pr\u00e9coce<\/li>\n<\/ul>\n<\/li>\n<\/ul>\n<\/div><div class=\"fusion-clearfix\"><\/div><\/div><\/div><\/div><\/div><div class=\"fusion-fullwidth fullwidth-box fusion-builder-row-4 nonhundred-percent-fullwidth non-hundred-percent-height-scrolling\"  style='background-color: rgba(255,255,255,0);background-position: center center;background-repeat: no-repeat;padding-top:0px;padding-right:0px;padding-bottom:0px;padding-left:0px;'><div class=\"fusion-builder-row fusion-row \"><div  class=\"fusion-layout-column fusion_builder_column fusion_builder_column_1_1 fusion-builder-column-6 fusion-one-full fusion-column-first fusion-column-last 1_1\"  style='margin-top:0px;margin-bottom:30px;'><div class=\"fusion-column-wrapper\" style=\"padding: 0px 0px 0px 0px;background-position:left top;background-repeat:no-repeat;-webkit-background-size:cover;-moz-background-size:cover;-o-background-size:cover;background-size:cover;\"   data-bg-url=\"\"><div class=\"fusion-button-wrapper fusion-aligncenter\"><style type=\"text\/css\">.fusion-button.button-1 {border-radius:25px;}<\/style><a class=\"fusion-button button-flat fusion-button-default-size button-default button-1 fusion-button-span-no fusion-button-default-type\" target=\"_self\" href=\"\/fr\/prendre-rendez-vous\/\"><span class=\"fusion-button-text\"> PRENDRE RENDEZ-VOUS<\/span><\/a><\/div><div class=\"fusion-clearfix\"><\/div><\/div><\/div><\/div><\/div><\/p>\n","protected":false},"excerpt":{"rendered":"","protected":false},"author":1,"featured_media":0,"parent":1676,"menu_order":0,"comment_status":"closed","ping_status":"closed","template":"","meta":{"footnotes":""},"class_list":["post-1539","page","type-page","status-publish","placeholder-for-hentry"],"yoast_head":"<!-- This site is optimized with the Yoast SEO plugin v27.2 - https:\/\/yoast.com\/product\/yoast-seo-wordpress\/ -->\n<title>POUR L\u2019HOMME - Amadea S. Kezar Physioth\u00e9rapie - (514) 777-5435<\/title>\n<meta name=\"robots\" content=\"index, follow, max-snippet:-1, max-image-preview:large, max-video-preview:-1\" \/>\n<link rel=\"canonical\" href=\"https:\/\/askphysiomontreal.com\/about\/for-the-men\/\" \/>\n<meta property=\"og:locale\" content=\"fr_CA\" \/>\n<meta property=\"og:type\" content=\"article\" \/>\n<meta property=\"og:title\" content=\"POUR L\u2019HOMME - Amadea S. Kezar Physioth\u00e9rapie - (514) 777-5435\" \/>\n<meta property=\"og:url\" content=\"https:\/\/askphysiomontreal.com\/about\/for-the-men\/\" \/>\n<meta property=\"og:site_name\" content=\"Amadea S. Kezar Physioth\u00e9rapie - (514) 777-5435\" \/>\n<meta property=\"article:modified_time\" content=\"2018-08-24T16:00:51+00:00\" \/>\n<meta name=\"twitter:card\" content=\"summary_large_image\" \/>\n<meta name=\"twitter:label1\" content=\"Estimation du temps de lecture\" \/>\n\t<meta name=\"twitter:data1\" content=\"6 minutes\" \/>\n<script type=\"application\/ld+json\" class=\"yoast-schema-graph\">{\"@context\":\"https:\/\/schema.org\",\"@graph\":[{\"@type\":\"WebPage\",\"@id\":\"https:\/\/askphysiomontreal.com\/about\/for-the-men\/\",\"url\":\"https:\/\/askphysiomontreal.com\/about\/for-the-men\/\",\"name\":\"POUR L\u2019HOMME - Amadea S. Kezar Physioth\u00e9rapie - (514) 777-5435\",\"isPartOf\":{\"@id\":\"https:\/\/askphysiomontreal.com\/#website\"},\"datePublished\":\"2018-02-18T18:01:17+00:00\",\"dateModified\":\"2018-08-24T16:00:51+00:00\",\"breadcrumb\":{\"@id\":\"https:\/\/askphysiomontreal.com\/about\/for-the-men\/#breadcrumb\"},\"inLanguage\":\"fr-CA\",\"potentialAction\":[{\"@type\":\"ReadAction\",\"target\":[\"https:\/\/askphysiomontreal.com\/about\/for-the-men\/\"]}]},{\"@type\":\"BreadcrumbList\",\"@id\":\"https:\/\/askphysiomontreal.com\/about\/for-the-men\/#breadcrumb\",\"itemListElement\":[{\"@type\":\"ListItem\",\"position\":1,\"name\":\"Home\",\"item\":\"https:\/\/askphysiomontreal.com\/fr\/\"},{\"@type\":\"ListItem\",\"position\":2,\"name\":\"\u00c0 PROPOS\",\"item\":\"https:\/\/askphysiomontreal.com\/fr\/a-propos\/\"},{\"@type\":\"ListItem\",\"position\":3,\"name\":\"POUR L\u2019HOMME\"}]},{\"@type\":\"WebSite\",\"@id\":\"https:\/\/askphysiomontreal.com\/#website\",\"url\":\"https:\/\/askphysiomontreal.com\/\",\"name\":\"Amadea S. Kezar Physioth\u00e9rapie - (514) 777-5435\",\"description\":\"Pelvic health center in Montreal, Quebec. Physiotherapy and programs for pelvic floor dysfunction: urinary incontinence, pelvic and genital pain, pelvic organ prolapse, pregnancy and pre\/post operative care including sex reassignment surgery. Pelvic hope for all.\",\"potentialAction\":[{\"@type\":\"SearchAction\",\"target\":{\"@type\":\"EntryPoint\",\"urlTemplate\":\"https:\/\/askphysiomontreal.com\/?s={search_term_string}\"},\"query-input\":{\"@type\":\"PropertyValueSpecification\",\"valueRequired\":true,\"valueName\":\"search_term_string\"}}],\"inLanguage\":\"fr-CA\"}]}<\/script>\n<!-- \/ Yoast SEO plugin. -->","yoast_head_json":{"title":"POUR L\u2019HOMME - Amadea S. Kezar Physioth\u00e9rapie - (514) 777-5435","robots":{"index":"index","follow":"follow","max-snippet":"max-snippet:-1","max-image-preview":"max-image-preview:large","max-video-preview":"max-video-preview:-1"},"canonical":"https:\/\/askphysiomontreal.com\/about\/for-the-men\/","og_locale":"fr_CA","og_type":"article","og_title":"POUR L\u2019HOMME - Amadea S. Kezar Physioth\u00e9rapie - (514) 777-5435","og_url":"https:\/\/askphysiomontreal.com\/about\/for-the-men\/","og_site_name":"Amadea S. Kezar Physioth\u00e9rapie - (514) 777-5435","article_modified_time":"2018-08-24T16:00:51+00:00","twitter_card":"summary_large_image","twitter_misc":{"Estimation du temps de lecture":"6 minutes"},"schema":{"@context":"https:\/\/schema.org","@graph":[{"@type":"WebPage","@id":"https:\/\/askphysiomontreal.com\/about\/for-the-men\/","url":"https:\/\/askphysiomontreal.com\/about\/for-the-men\/","name":"POUR L\u2019HOMME - Amadea S. Kezar Physioth\u00e9rapie - (514) 777-5435","isPartOf":{"@id":"https:\/\/askphysiomontreal.com\/#website"},"datePublished":"2018-02-18T18:01:17+00:00","dateModified":"2018-08-24T16:00:51+00:00","breadcrumb":{"@id":"https:\/\/askphysiomontreal.com\/about\/for-the-men\/#breadcrumb"},"inLanguage":"fr-CA","potentialAction":[{"@type":"ReadAction","target":["https:\/\/askphysiomontreal.com\/about\/for-the-men\/"]}]},{"@type":"BreadcrumbList","@id":"https:\/\/askphysiomontreal.com\/about\/for-the-men\/#breadcrumb","itemListElement":[{"@type":"ListItem","position":1,"name":"Home","item":"https:\/\/askphysiomontreal.com\/fr\/"},{"@type":"ListItem","position":2,"name":"\u00c0 PROPOS","item":"https:\/\/askphysiomontreal.com\/fr\/a-propos\/"},{"@type":"ListItem","position":3,"name":"POUR L\u2019HOMME"}]},{"@type":"WebSite","@id":"https:\/\/askphysiomontreal.com\/#website","url":"https:\/\/askphysiomontreal.com\/","name":"Amadea S. Kezar Physioth\u00e9rapie - (514) 777-5435","description":"Pelvic health center in Montreal, Quebec. Physiotherapy and programs for pelvic floor dysfunction: urinary incontinence, pelvic and genital pain, pelvic organ prolapse, pregnancy and pre\/post operative care including sex reassignment surgery. Pelvic hope for all.","potentialAction":[{"@type":"SearchAction","target":{"@type":"EntryPoint","urlTemplate":"https:\/\/askphysiomontreal.com\/?s={search_term_string}"},"query-input":{"@type":"PropertyValueSpecification","valueRequired":true,"valueName":"search_term_string"}}],"inLanguage":"fr-CA"}]}},"_links":{"self":[{"href":"https:\/\/askphysiomontreal.com\/fr\/wp-json\/wp\/v2\/pages\/1539","targetHints":{"allow":["GET"]}}],"collection":[{"href":"https:\/\/askphysiomontreal.com\/fr\/wp-json\/wp\/v2\/pages"}],"about":[{"href":"https:\/\/askphysiomontreal.com\/fr\/wp-json\/wp\/v2\/types\/page"}],"author":[{"embeddable":true,"href":"https:\/\/askphysiomontreal.com\/fr\/wp-json\/wp\/v2\/users\/1"}],"replies":[{"embeddable":true,"href":"https:\/\/askphysiomontreal.com\/fr\/wp-json\/wp\/v2\/comments?post=1539"}],"version-history":[{"count":31,"href":"https:\/\/askphysiomontreal.com\/fr\/wp-json\/wp\/v2\/pages\/1539\/revisions"}],"predecessor-version":[{"id":1946,"href":"https:\/\/askphysiomontreal.com\/fr\/wp-json\/wp\/v2\/pages\/1539\/revisions\/1946"}],"up":[{"embeddable":true,"href":"https:\/\/askphysiomontreal.com\/fr\/wp-json\/wp\/v2\/pages\/1676"}],"wp:attachment":[{"href":"https:\/\/askphysiomontreal.com\/fr\/wp-json\/wp\/v2\/media?parent=1539"}],"curies":[{"name":"wp","href":"https:\/\/api.w.org\/{rel}","templated":true}]}}