{"id":1499,"date":"2018-01-22T20:49:56","date_gmt":"2018-01-22T20:49:56","guid":{"rendered":"http:\/\/democraticconsensus.ca\/?page_id=1499\/"},"modified":"2018-08-24T10:19:35","modified_gmt":"2018-08-24T14:19:35","slug":"massotherapie","status":"publish","type":"page","link":"https:\/\/askphysiomontreal.com\/fr\/massotherapie\/","title":{"rendered":"MASSOTH\u00c9RAPIE"},"content":{"rendered":"<p><div class=\"fusion-fullwidth fullwidth-box fusion-builder-row-1 nonhundred-percent-fullwidth non-hundred-percent-height-scrolling\"  style='background-color: rgba(255,255,255,0);background-position: center center;background-repeat: no-repeat;padding-top:20px;padding-right:0px;padding-bottom:0px;padding-left:0px;'><div class=\"fusion-builder-row fusion-row \"><div  class=\"fusion-layout-column fusion_builder_column fusion_builder_column_1_2 fusion-builder-column-0 fusion-one-half fusion-column-first 1_2\"  style='margin-top:0px;margin-bottom:30px;width:50%;width:calc(50% - ( ( 4% ) * 0.5 ) );margin-right: 4%;'><div class=\"fusion-column-wrapper\" style=\"padding: 0px 0px 0px 0px;background-position:left top;background-repeat:no-repeat;-webkit-background-size:cover;-moz-background-size:cover;-o-background-size:cover;background-size:cover;\"   data-bg-url=\"\"><div class=\"fusion-text\"><h1>MASSOTH\u00c9RAPIE<\/h1>\n<\/div><div class=\"fusion-text\"><p>Tous les praticiens sont certifi\u00e9s massoth\u00e9rapeutes et membres de l&rsquo;ordre des massoth\u00e9rapeutes du Qu\u00e9bec. Ils travaillent en \u00e9troite collaboration avec les physioth\u00e9rapeutes pour s&rsquo;assurer que leur travail est compl\u00e9mentaire au plan de traitement.<\/p>\n<ul>\n<li><strong>Massage su\u00e9dois:<\/strong> Mouvements doux et fluides utilis\u00e9s pour soulager la douleur et d\u00e9tendre les muscles.<\/li>\n<li><strong>Massage des tissus profonds: <\/strong>Mouvements ex\u00e9cut\u00e9s tr\u00e8s lentement et en profondeur consistant \u00e0 d\u00e9faire les adh\u00e9rences qui existent entre les diff\u00e9rentes couches de\u00a0muscles\u00a0et de\u00a0fascias, qui sont \u00e0 l\u2019origine de douleurs et de restrictions de mobilit\u00e9. Souvent utilise en cas de douleur chronique ou persistante.<\/li>\n<li><strong>Rel\u00e2chement myofascial et traitement des points g\u00e2chettes: <\/strong>Pressions douces maintenues entre deux \u00e0 cinq minutes \u00e0 l\u2019int\u00e9rieur des tissus conjonctifs tendus permettant d\u2019\u00e9liminer la douleur et de retrouver la mobilit\u00e9.<\/li>\n<li><strong>Massage sportif:<\/strong> Pressions d\u2019intenses \u00e0 mod\u00e9r\u00e9es utilis\u00e9es pour activer, relaxer, am\u00e9liorer la flexibilit\u00e9 et r\u00e9duire la fatigue musculaire.<\/li>\n<li><strong>Massage pr\u00e9 et post-natal:<\/strong> Mouvements et pressions de l\u00e9gers \u00e0 mod\u00e9r\u00e9s utilis\u00e9s afin de r\u00e9duire la douleur, promouvoir la r\u00e9cup\u00e9ration musculaire et permettre au corps de s\u2019adapter aux changements posturaux lors des p\u00e9riodes pr\u00e9 et post-natal.<\/li>\n<\/ul>\n<\/div><div class=\"fusion-clearfix\"><\/div><\/div><\/div><div  class=\"fusion-layout-column fusion_builder_column fusion_builder_column_1_2 fusion-builder-column-1 fusion-one-half fusion-column-last 1_2\"  style='margin-top:0px;margin-bottom:30px;width:50%;width:calc(50% - ( ( 4% ) * 0.5 ) );'><div class=\"fusion-column-wrapper\" style=\"padding: 25px 0px 0px 0px;background-position:left top;background-repeat:no-repeat;-webkit-background-size:cover;-moz-background-size:cover;-o-background-size:cover;background-size:cover;\"   data-bg-url=\"\"><div class=\"imageframe-align-center\"><span style=\"-webkit-box-shadow: 3px 3px 7px rgba(89,15,68,0.3);box-shadow: 3px 3px 7px rgba(89,15,68,0.3);\" class=\"fusion-imageframe imageframe-dropshadow imageframe-1 hover-type-none\"><img loading=\"lazy\" decoding=\"async\" src=\"https:\/\/askphysiomontreal.com\/wp-content\/uploads\/2017\/12\/massage-1-400x267.jpeg\" width=\"400\" height=\"267\" alt=\"\" title=\"massage (1)\" class=\"img-responsive wp-image-1355\" srcset=\"https:\/\/askphysiomontreal.com\/wp-content\/uploads\/2017\/12\/massage-1-200x133.jpeg 200w, https:\/\/askphysiomontreal.com\/wp-content\/uploads\/2017\/12\/massage-1-400x267.jpeg 400w, https:\/\/askphysiomontreal.com\/wp-content\/uploads\/2017\/12\/massage-1-600x400.jpeg 600w, https:\/\/askphysiomontreal.com\/wp-content\/uploads\/2017\/12\/massage-1-800x533.jpeg 800w, https:\/\/askphysiomontreal.com\/wp-content\/uploads\/2017\/12\/massage-1-1200x800.jpeg 1200w\" sizes=\"auto, (max-width: 800px) 100vw, 600px\" \/><\/span><\/div><div class=\"fusion-clearfix\"><\/div><\/div><\/div><\/div><\/div><div class=\"fusion-fullwidth fullwidth-box fusion-builder-row-2 nonhundred-percent-fullwidth non-hundred-percent-height-scrolling\"  style='background-color: rgba(255,255,255,0);background-position: center center;background-repeat: no-repeat;padding-top:0px;padding-right:0px;padding-bottom:0px;padding-left:0px;'><div class=\"fusion-builder-row fusion-row \"><div  class=\"fusion-layout-column fusion_builder_column fusion_builder_column_1_1 fusion-builder-column-2 fusion-one-full fusion-column-first fusion-column-last 1_1\"  style='margin-top:0px;margin-bottom:30px;'><div class=\"fusion-column-wrapper\" style=\"padding: 0px 0px 0px 0px;background-position:left top;background-repeat:no-repeat;-webkit-background-size:cover;-moz-background-size:cover;-o-background-size:cover;background-size:cover;\"   data-bg-url=\"\"><div class=\"fusion-button-wrapper fusion-aligncenter\"><style type=\"text\/css\">.fusion-button.button-1 {border-radius:25px;}<\/style><a class=\"fusion-button button-flat fusion-button-default-size button-default button-1 fusion-button-span-no fusion-button-default-type\" target=\"_self\" href=\"\/fr\/prendre-rendez-vous\/\"><span class=\"fusion-button-text\"> PRENDRE RENDEZ-VOUS<\/span><\/a><\/div><div class=\"fusion-clearfix\"><\/div><\/div><\/div><\/div><\/div><div class=\"fusion-fullwidth fullwidth-box fusion-builder-row-3 nonhundred-percent-fullwidth non-hundred-percent-height-scrolling\"  style='background-color: rgba(255,255,255,0);background-position: left top;background-repeat: no-repeat;padding-top:10px;padding-right:0px;padding-bottom:10px;padding-left:0px;border-top-width:0px;border-bottom-width:0px;border-color:#eae9e9;border-top-style:solid;border-bottom-style:solid;'><div class=\"fusion-builder-row fusion-row \"><div  class=\"fusion-layout-column fusion_builder_column fusion_builder_column_1_1 fusion-builder-column-3 fusion-one-full fusion-column-first fusion-column-last fusion-column-no-min-height 1_1\"  style='margin-top:0px;margin-bottom:0px;'><div class=\"fusion-column-wrapper\" style=\"padding: 0px 0px 0px 0px;background-position:left top;background-repeat:no-repeat;-webkit-background-size:cover;-moz-background-size:cover;-o-background-size:cover;background-size:cover;\"   data-bg-url=\"\"><div class=\"fusion-content-boxes content-boxes columns row fusion-columns-3 fusion-columns-total-3 fusion-content-boxes-1 content-boxes-icon-on-top content-left\" data-animationOffset=\"100%\" style=\"margin-top:30px;margin-bottom:30px;\"><style type=\"text\/css\">.fusion-content-boxes-1 .heading .content-box-heading {color:#590f44;}\n\t\t\t\t\t.fusion-content-boxes-1 .fusion-content-box-hover .link-area-link-icon-hover .heading .content-box-heading,\n\t\t\t\t\t.fusion-content-boxes-1 .fusion-content-box-hover .link-area-link-icon-hover .heading .heading-link .content-box-heading,\n\t\t\t\t\t.fusion-content-boxes-1 .fusion-content-box-hover .link-area-box-hover .heading .content-box-heading,\n\t\t\t\t\t.fusion-content-boxes-1 .fusion-content-box-hover .link-area-box-hover .heading .heading-link .content-box-heading,\n\t\t\t\t\t.fusion-content-boxes-1 .fusion-content-box-hover .link-area-link-icon-hover.link-area-box .fusion-read-more,\n\t\t\t\t\t.fusion-content-boxes-1 .fusion-content-box-hover .link-area-link-icon-hover.link-area-box .fusion-read-more::after,\n\t\t\t\t\t.fusion-content-boxes-1 .fusion-content-box-hover .link-area-link-icon-hover.link-area-box .fusion-read-more::before,\n\t\t\t\t\t.fusion-content-boxes-1 .fusion-content-box-hover .fusion-read-more:hover:after,\n\t\t\t\t\t.fusion-content-boxes-1 .fusion-content-box-hover .fusion-read-more:hover:before,\n\t\t\t\t\t.fusion-content-boxes-1 .fusion-content-box-hover .fusion-read-more:hover,\n\t\t\t\t\t.fusion-content-boxes-1 .fusion-content-box-hover .link-area-box-hover.link-area-box .fusion-read-more,\n\t\t\t\t\t.fusion-content-boxes-1 .fusion-content-box-hover .link-area-box-hover.link-area-box .fusion-read-more::after,\n\t\t\t\t\t.fusion-content-boxes-1 .fusion-content-box-hover .link-area-box-hover.link-area-box .fusion-read-more::before,\n\t\t\t\t\t.fusion-content-boxes-1 .fusion-content-box-hover .link-area-link-icon-hover .icon .circle-no,\n\t\t\t\t\t.fusion-content-boxes-1 .heading .heading-link:hover .content-box-heading {\n\t\t\t\t\t\tcolor: #9b2676;\n\t\t\t\t\t}\n\t\t\t\t\t.fusion-content-boxes-1 .fusion-content-box-hover .link-area-box-hover .icon .circle-no {\n\t\t\t\t\t\tcolor: #9b2676 !important;\n\t\t\t\t\t}.fusion-content-boxes-1 .fusion-content-box-hover .link-area-box.link-area-box-hover .fusion-content-box-button {background: #7a004f;color: #ffffff;background-image: -webkit-gradient( linear, left bottom, left top, from( #7a1155 ), to( #7a004f ) );background-image: linear-gradient( to top, #7a1155, #7a004f )}.fusion-content-boxes-1 .fusion-content-box-hover .link-area-box.link-area-box-hover .fusion-content-box-button .fusion-button-text {color: #ffffff;}\n\t\t\t\t\t.fusion-content-boxes-1 .fusion-content-box-hover .link-area-link-icon-hover .heading .icon > span {\n\t\t\t\t\t\tbackground-color: #9b2676 !important;\n\t\t\t\t\t}\n\t\t\t\t\t.fusion-content-boxes-1 .fusion-content-box-hover .link-area-box-hover .heading .icon > span {\n\t\t\t\t\t\tborder-color: #9b2676 !important;\n\t\t\t\t\t}<\/style><div class=\"fusion-column content-box-column content-box-column content-box-column-1 col-lg-4 col-md-4 col-sm-4 fusion-content-box-hover content-box-column-first-in-row\"><div class=\"col content-box-wrapper content-wrapper link-area-box link-type-text content-icon-wrapper-yes icon-hover-animation-fade\" style=\"background-color:rgba(255,255,255,0);\" data-link=\"\/fr\/pour-lhomme\/\" data-link-target=\"_self\" data-animationOffset=\"100%\"><div class=\"heading heading-with-icon icon-left\"><a class=\"heading-link\" href=\"\/fr\/pour-lhomme\/\" target=\"_self\"><div class=\"image\"><img decoding=\"async\" src=\"https:\/\/askphysiomontreal.com\/wp-content\/uploads\/2015\/12\/male.png\" width=\"200\" height=\"220.8\" alt=\"\" \/><\/div><h2 class=\"content-box-heading\" style=\"font-size:28px;line-height:33px;\">POUR LES HOMMES<\/h2><\/a><\/div><div class=\"fusion-clearfix\"><\/div><div class=\"content-container\" style=\"color:#747474;\">\n<p style=\"text-align: center;\">La dysfonction du plancher pelvien EST aussi un probl\u00e8me masculin. L\u2019incontinence urinaire et rectale PEUVENT \u00eatre trait\u00e9es. La douleur pelvienne que vous ressentez PEUT \u00eatre contr\u00f4l\u00e9e. Le changement d\u00e9bute ici.<\/p>\n<\/div><\/div><\/div><div class=\"fusion-column content-box-column content-box-column content-box-column-2 col-lg-4 col-md-4 col-sm-4 fusion-content-box-hover \"><div class=\"col content-box-wrapper content-wrapper link-area-box link-type-text content-icon-wrapper-yes icon-hover-animation-fade\" style=\"background-color:rgba(255,255,255,0);\" data-link=\"\/fr\/pour-la-femme\/\" data-link-target=\"_self\" data-animationOffset=\"100%\"><div class=\"heading heading-with-icon icon-left\"><a class=\"heading-link\" href=\"\/fr\/pour-la-femme\/\" target=\"_self\"><div class=\"image\"><img decoding=\"async\" src=\"https:\/\/askphysiomontreal.com\/wp-content\/uploads\/2015\/12\/female.png\" width=\"200\" height=\"220.8\" alt=\"\" \/><\/div><h2 class=\"content-box-heading\" style=\"font-size:28px;line-height:33px;\">POUR LES FEMMES<\/h2><\/a><\/div><div class=\"fusion-clearfix\"><\/div><div class=\"content-container\" style=\"color:#747474;\">\n<p style=\"text-align: center;\">Le traitement des fuites urinaires implique PLUS que des exercices Kegel. Les soins postnataux D\u00c9BUTENT lors de la grossesse. Les relations sexuelles sans douleur SONT possibles, peu importe l\u2019\u00e2ge. Le changement d\u00e9bute ici.<\/p>\n<\/div><\/div><\/div><div class=\"fusion-column content-box-column content-box-column content-box-column-3 col-lg-4 col-md-4 col-sm-4 fusion-content-box-hover content-box-column-last content-box-column-last-in-row\"><div class=\"col content-box-wrapper content-wrapper link-area-box link-type-text content-icon-wrapper-yes icon-hover-animation-fade\" style=\"background-color:rgba(255,255,255,0);\" data-link=\"\/fr\/a-propos\/pour-la-communaute-transgenre\/\" data-link-target=\"_self\" data-animationOffset=\"100%\"><div class=\"heading heading-with-icon icon-left\"><a class=\"heading-link\" href=\"\/fr\/a-propos\/pour-la-communaute-transgenre\/\" target=\"_self\"><div class=\"image\"><img decoding=\"async\" src=\"https:\/\/askphysiomontreal.com\/wp-content\/uploads\/2015\/12\/transgender.png\" width=\"200\" height=\"220.8\" alt=\"\" \/><\/div><h2 class=\"content-box-heading\" style=\"font-size:28px;line-height:33px;\">POUR LA COMMUNAUT\u00c9 TRANSGENRE<\/h2><\/a><\/div><div class=\"fusion-clearfix\"><\/div><div class=\"content-container\" style=\"color:#747474;\">\n<p style=\"text-align: center;\">Du SOUTIEN lors de votre parcours. Un environnement ax\u00e9 sur la GU\u00c9RISON. VIVEZ cette nouvelle exp\u00e9rience sans crainte. Le changement d\u00e9bute ici.<\/p>\n<\/div><\/div><\/div><style type=\"text\/css\">\n\t\t\t\t\t\t.fusion-content-boxes-1 .fusion-content-box-hover .heading-link:hover .icon i.circle-yes,\n\t\t\t\t\t\t.fusion-content-boxes-1 .fusion-content-box-hover .link-area-box:hover .heading-link .icon i.circle-yes,\n\t\t\t\t\t\t.fusion-content-boxes-1 .fusion-content-box-hover .link-area-link-icon-hover .heading .icon i.circle-yes,\n\t\t\t\t\t\t.fusion-content-boxes-1 .fusion-content-box-hover .link-area-box-hover .heading .icon i.circle-yes {\n\t\t\t\t\t\t\tbackground-color: #9b2676 !important;\n\t\t\t\t\t\t\tborder-color: #9b2676 !important;\n\t\t\t\t\t\t}<\/style><div class=\"fusion-clearfix\"><\/div><\/div><div class=\"fusion-clearfix\"><\/div><\/div><\/div><\/div><\/div><\/p>\n","protected":false},"excerpt":{"rendered":"","protected":false},"author":1,"featured_media":0,"parent":0,"menu_order":0,"comment_status":"closed","ping_status":"closed","template":"100-width.php","meta":{"footnotes":""},"class_list":["post-1499","page","type-page","status-publish","placeholder-for-hentry"],"yoast_head":"<!-- This site is optimized with the Yoast SEO plugin v27.2 - https:\/\/yoast.com\/product\/yoast-seo-wordpress\/ -->\n<title>MASSOTH\u00c9RAPIE - Amadea S. Kezar Physioth\u00e9rapie - (514) 777-5435<\/title>\n<meta name=\"robots\" content=\"index, follow, max-snippet:-1, max-image-preview:large, max-video-preview:-1\" \/>\n<link rel=\"canonical\" href=\"https:\/\/askphysiomontreal.com\/services\/massage-therapy\/\" \/>\n<meta property=\"og:locale\" content=\"fr_CA\" \/>\n<meta property=\"og:type\" content=\"article\" \/>\n<meta property=\"og:title\" content=\"MASSOTH\u00c9RAPIE - Amadea S. Kezar Physioth\u00e9rapie - (514) 777-5435\" \/>\n<meta property=\"og:url\" content=\"https:\/\/askphysiomontreal.com\/services\/massage-therapy\/\" \/>\n<meta property=\"og:site_name\" content=\"Amadea S. Kezar Physioth\u00e9rapie - (514) 777-5435\" \/>\n<meta property=\"article:modified_time\" content=\"2018-08-24T14:19:35+00:00\" \/>\n<meta name=\"twitter:card\" content=\"summary_large_image\" \/>\n<meta name=\"twitter:label1\" content=\"Estimation du temps de lecture\" \/>\n\t<meta name=\"twitter:data1\" content=\"3 minutes\" \/>\n<script type=\"application\/ld+json\" class=\"yoast-schema-graph\">{\"@context\":\"https:\/\/schema.org\",\"@graph\":[{\"@type\":\"WebPage\",\"@id\":\"https:\/\/askphysiomontreal.com\/services\/massage-therapy\/\",\"url\":\"https:\/\/askphysiomontreal.com\/services\/massage-therapy\/\",\"name\":\"MASSOTH\u00c9RAPIE - Amadea S. Kezar Physioth\u00e9rapie - (514) 777-5435\",\"isPartOf\":{\"@id\":\"https:\/\/askphysiomontreal.com\/#website\"},\"datePublished\":\"2018-01-22T20:49:56+00:00\",\"dateModified\":\"2018-08-24T14:19:35+00:00\",\"breadcrumb\":{\"@id\":\"https:\/\/askphysiomontreal.com\/services\/massage-therapy\/#breadcrumb\"},\"inLanguage\":\"fr-CA\",\"potentialAction\":[{\"@type\":\"ReadAction\",\"target\":[\"https:\/\/askphysiomontreal.com\/services\/massage-therapy\/\"]}]},{\"@type\":\"BreadcrumbList\",\"@id\":\"https:\/\/askphysiomontreal.com\/services\/massage-therapy\/#breadcrumb\",\"itemListElement\":[{\"@type\":\"ListItem\",\"position\":1,\"name\":\"Home\",\"item\":\"https:\/\/askphysiomontreal.com\/fr\/\"},{\"@type\":\"ListItem\",\"position\":2,\"name\":\"MASSOTH\u00c9RAPIE\"}]},{\"@type\":\"WebSite\",\"@id\":\"https:\/\/askphysiomontreal.com\/#website\",\"url\":\"https:\/\/askphysiomontreal.com\/\",\"name\":\"Amadea S. Kezar Physioth\u00e9rapie - (514) 777-5435\",\"description\":\"Pelvic health center in Montreal, Quebec. Physiotherapy and programs for pelvic floor dysfunction: urinary incontinence, pelvic and genital pain, pelvic organ prolapse, pregnancy and pre\/post operative care including sex reassignment surgery. Pelvic hope for all.\",\"potentialAction\":[{\"@type\":\"SearchAction\",\"target\":{\"@type\":\"EntryPoint\",\"urlTemplate\":\"https:\/\/askphysiomontreal.com\/?s={search_term_string}\"},\"query-input\":{\"@type\":\"PropertyValueSpecification\",\"valueRequired\":true,\"valueName\":\"search_term_string\"}}],\"inLanguage\":\"fr-CA\"}]}<\/script>\n<!-- \/ Yoast SEO plugin. -->","yoast_head_json":{"title":"MASSOTH\u00c9RAPIE - Amadea S. Kezar Physioth\u00e9rapie - (514) 777-5435","robots":{"index":"index","follow":"follow","max-snippet":"max-snippet:-1","max-image-preview":"max-image-preview:large","max-video-preview":"max-video-preview:-1"},"canonical":"https:\/\/askphysiomontreal.com\/services\/massage-therapy\/","og_locale":"fr_CA","og_type":"article","og_title":"MASSOTH\u00c9RAPIE - Amadea S. Kezar Physioth\u00e9rapie - (514) 777-5435","og_url":"https:\/\/askphysiomontreal.com\/services\/massage-therapy\/","og_site_name":"Amadea S. Kezar Physioth\u00e9rapie - (514) 777-5435","article_modified_time":"2018-08-24T14:19:35+00:00","twitter_card":"summary_large_image","twitter_misc":{"Estimation du temps de lecture":"3 minutes"},"schema":{"@context":"https:\/\/schema.org","@graph":[{"@type":"WebPage","@id":"https:\/\/askphysiomontreal.com\/services\/massage-therapy\/","url":"https:\/\/askphysiomontreal.com\/services\/massage-therapy\/","name":"MASSOTH\u00c9RAPIE - Amadea S. Kezar Physioth\u00e9rapie - (514) 777-5435","isPartOf":{"@id":"https:\/\/askphysiomontreal.com\/#website"},"datePublished":"2018-01-22T20:49:56+00:00","dateModified":"2018-08-24T14:19:35+00:00","breadcrumb":{"@id":"https:\/\/askphysiomontreal.com\/services\/massage-therapy\/#breadcrumb"},"inLanguage":"fr-CA","potentialAction":[{"@type":"ReadAction","target":["https:\/\/askphysiomontreal.com\/services\/massage-therapy\/"]}]},{"@type":"BreadcrumbList","@id":"https:\/\/askphysiomontreal.com\/services\/massage-therapy\/#breadcrumb","itemListElement":[{"@type":"ListItem","position":1,"name":"Home","item":"https:\/\/askphysiomontreal.com\/fr\/"},{"@type":"ListItem","position":2,"name":"MASSOTH\u00c9RAPIE"}]},{"@type":"WebSite","@id":"https:\/\/askphysiomontreal.com\/#website","url":"https:\/\/askphysiomontreal.com\/","name":"Amadea S. Kezar Physioth\u00e9rapie - (514) 777-5435","description":"Pelvic health center in Montreal, Quebec. Physiotherapy and programs for pelvic floor dysfunction: urinary incontinence, pelvic and genital pain, pelvic organ prolapse, pregnancy and pre\/post operative care including sex reassignment surgery. Pelvic hope for all.","potentialAction":[{"@type":"SearchAction","target":{"@type":"EntryPoint","urlTemplate":"https:\/\/askphysiomontreal.com\/?s={search_term_string}"},"query-input":{"@type":"PropertyValueSpecification","valueRequired":true,"valueName":"search_term_string"}}],"inLanguage":"fr-CA"}]}},"_links":{"self":[{"href":"https:\/\/askphysiomontreal.com\/fr\/wp-json\/wp\/v2\/pages\/1499","targetHints":{"allow":["GET"]}}],"collection":[{"href":"https:\/\/askphysiomontreal.com\/fr\/wp-json\/wp\/v2\/pages"}],"about":[{"href":"https:\/\/askphysiomontreal.com\/fr\/wp-json\/wp\/v2\/types\/page"}],"author":[{"embeddable":true,"href":"https:\/\/askphysiomontreal.com\/fr\/wp-json\/wp\/v2\/users\/1"}],"replies":[{"embeddable":true,"href":"https:\/\/askphysiomontreal.com\/fr\/wp-json\/wp\/v2\/comments?post=1499"}],"version-history":[{"count":8,"href":"https:\/\/askphysiomontreal.com\/fr\/wp-json\/wp\/v2\/pages\/1499\/revisions"}],"predecessor-version":[{"id":1928,"href":"https:\/\/askphysiomontreal.com\/fr\/wp-json\/wp\/v2\/pages\/1499\/revisions\/1928"}],"wp:attachment":[{"href":"https:\/\/askphysiomontreal.com\/fr\/wp-json\/wp\/v2\/media?parent=1499"}],"curies":[{"name":"wp","href":"https:\/\/api.w.org\/{rel}","templated":true}]}}