{"id":1378,"date":"2017-02-27T21:01:01","date_gmt":"2017-02-27T21:01:01","guid":{"rendered":"http:\/\/democraticconsensus.ca\/amadea-s-kezar-clinical-director\/"},"modified":"2020-05-14T11:20:02","modified_gmt":"2020-05-14T15:20:02","slug":"amadea-s-kezar-directrice-de-la-clinique","status":"publish","type":"page","link":"https:\/\/askphysiomontreal.com\/fr\/amadea-s-kezar-directrice-de-la-clinique\/","title":{"rendered":"Amadea S. Kezar M.Sc PT \u2013 Directrice de la clinique"},"content":{"rendered":"<p><div class=\"fusion-fullwidth fullwidth-box fusion-builder-row-1 nonhundred-percent-fullwidth non-hundred-percent-height-scrolling\"  style='background-color: rgba(255,255,255,0);background-position: center center;background-repeat: no-repeat;padding-top:20px;padding-right:0px;padding-bottom:0px;padding-left:0px;'><div class=\"fusion-builder-row fusion-row \"><div  class=\"fusion-layout-column fusion_builder_column fusion_builder_column_1_2 fusion-builder-column-0 fusion-one-half fusion-column-first 1_2\"  style='margin-top:0px;margin-bottom:30px;width:50%;width:calc(50% - ( ( 4% ) * 0.5 ) );margin-right: 4%;'><div class=\"fusion-column-wrapper\" style=\"padding: 0px 0px 0px 0px;background-position:left top;background-repeat:no-repeat;-webkit-background-size:cover;-moz-background-size:cover;-o-background-size:cover;background-size:cover;\"   data-bg-url=\"\"><div class=\"imageframe-align-center\"><span style=\"-webkit-box-shadow: 3px 3px 7px rgba(89,15,68,0.3);box-shadow: 3px 3px 7px rgba(89,15,68,0.3);\" class=\"fusion-imageframe imageframe-dropshadow imageframe-1 hover-type-none\"><img loading=\"lazy\" decoding=\"async\" src=\"https:\/\/askphysiomontreal.com\/wp-content\/uploads\/2017\/12\/IsalafPhoto_2017-2-1-1-400x600.jpeg\" width=\"400\" height=\"600\" alt=\"\" title=\"IsalafPhoto_2017 (2) (1) (1)\" class=\"img-responsive wp-image-1288\" srcset=\"https:\/\/askphysiomontreal.com\/wp-content\/uploads\/2017\/12\/IsalafPhoto_2017-2-1-1-200x300.jpeg 200w, https:\/\/askphysiomontreal.com\/wp-content\/uploads\/2017\/12\/IsalafPhoto_2017-2-1-1.jpeg 400w\" sizes=\"auto, (max-width: 800px) 100vw, 400px\" \/><\/span><\/div><div class=\"fusion-clearfix\"><\/div><\/div><\/div><div  class=\"fusion-layout-column fusion_builder_column fusion_builder_column_1_2 fusion-builder-column-1 fusion-one-half fusion-column-last 1_2\"  style='margin-top:0px;margin-bottom:30px;width:50%;width:calc(50% - ( ( 4% ) * 0.5 ) );'><div class=\"fusion-column-wrapper\" style=\"padding: 0px 0px 0px 0px;background-position:left top;background-repeat:no-repeat;-webkit-background-size:cover;-moz-background-size:cover;-o-background-size:cover;background-size:cover;\"   data-bg-url=\"\"><div class=\"fusion-text\"><h1>Amadea S. Kezar M.Sc PT \u2013 Pelvic Health Physiotherapist &amp; Clinical Director<\/h1>\n<\/div><div class=\"fusion-text\"><p>Amadea Kezar est une physioth\u00e9rapeute certifi\u00e9e et membre de l\u2019Ordre professionnel de la physioth\u00e9rapie du Qu\u00e9bec (OPPQ). Elle d\u00e9tient une ma\u00eetrise en physioth\u00e9rapie de l\u2019Universit\u00e9 McGill avec une expertise avanc\u00e9e en r\u00e9\u00e9ducation pelvi-p\u00e9rin\u00e9ale et plus de dix ans d&rsquo;exp\u00e9rience. En plus de traiter les dysfonctionnements urinaire, anorectal et pr\u00e9-postnataux, elle s&rsquo;int\u00e9resse particuli\u00e8rement aux douleurs pelviennes et g\u00e9nitales chroniques. Elle est \u00e9galement form\u00e9e pour traiter les besoins de la population transgenre et a d\u00e9velopp\u00e9 des programmes sp\u00e9cifiquement pour servir cette population.<\/p>\n<p>Elle offre la th\u00e9rapie manuelle avanc\u00e9e et les strat\u00e9gies de contr\u00f4le de douleur pour les douleurs complexes comme par exemple la prostatite, la douleur vulvovaginale, le vaginisme, la n\u00e9vralgie pudendale, l&rsquo;endom\u00e9triose, le syndrome de la cystite interstitielle\/douleurs \u00e0 la vessie, ainsi que les douleurs et les dysfonctions pelviennes suite \u00e0 de la radioth\u00e9rapie. Elle est \u00e9galement l&rsquo;une des rares physioth\u00e9rapeutes au Canada \u00e0 utiliser le pessaire dans le cadre du traitement du prolapsus des organes pelviens chez la femme et de offrir la gynastique abdominale hypopressive.<\/p>\n<\/div><div class=\"fusion-sep-clear\"><\/div><div class=\"fusion-separator fusion-full-width-sep sep-none\" style=\"margin-left: auto;margin-right: auto;margin-top:10px;\"><\/div><div class=\"fusion-clearfix\"><\/div><\/div><\/div><\/div><\/div><div class=\"fusion-fullwidth fullwidth-box fusion-builder-row-2 nonhundred-percent-fullwidth non-hundred-percent-height-scrolling fusion-equal-height-columns\"  style='background-color: rgba(255,255,255,0);background-position: left top;background-repeat: no-repeat;border-top-width:0px;border-bottom-width:0px;border-color:#eae9e9;border-top-style:solid;border-bottom-style:solid;'><div class=\"fusion-builder-row fusion-row \"><div  class=\"fusion-layout-column fusion_builder_column fusion_builder_column_1_2 fusion-builder-column-2 fusion-one-half fusion-column-first 1_2\"  style='margin-top:0px;margin-bottom:0px;'><div class=\"fusion-column-wrapper\" style=\"padding: 0% 5% 10% 5%;background-position:center center;background-repeat:no-repeat;-webkit-background-size:cover;-moz-background-size:cover;-o-background-size:cover;background-size:cover;\"   data-bg-url=\"\"><div class=\"fusion-text\"><h2>D\u00e9fenseur de la sant\u00e9 pelvienne<\/h2>\n<\/div><div class=\"fusion-text\"><p>Amadea est conf\u00e9renci\u00e8re invit\u00e9e dans des institutions m\u00e9dicales montr\u00e9alaises ainsi que des conf\u00e9rences internationales. En 2011, elle a cr\u00e9\u00e9 une s\u00e9rie d\u2019ateliers intitul\u00e9e \u2018\u2019Au-del\u00e0 de kegels\u2019\u2019 qu\u2019elle anime r\u00e9guli\u00e8rement dans divers centres communautaires de Montr\u00e9al afin de sensibiliser le grand public sur les traitements et la pr\u00e9vention des dysfonctions du plancher pelvien.<\/p>\n<p>Elle est \u00e9galement membre des organisations: International continence Society (ICS), le National vulvodynia Association (NVA) et le Canadian Physiotherapy Association (CPA). Elle siege d\u2019ailleurs aupr\u00e8s de l\u2019International Pelvic Pain Society (IPPS) dans le comit\u00e9 de liaison international.<\/p>\n<\/div><div class=\"fusion-sep-clear\"><\/div><div class=\"fusion-separator fusion-full-width-sep sep-none\" style=\"margin-left: auto;margin-right: auto;margin-top:10px;\"><\/div><div class=\"fusion-button-wrapper fusion-aligncenter\"><style type=\"text\/css\">.fusion-button.button-1 {border-radius:25px;}<\/style><a class=\"fusion-button button-flat fusion-button-default-size button-default button-1 fusion-button-span-no fusion-button-default-type\" target=\"_self\" href=\"\/fr\/prendre-rendez-vous\/\"><span class=\"fusion-button-text\"> PRENDRE RENDEZ-VOUS<\/span><\/a><\/div><div class=\"fusion-clearfix\"><\/div><\/div><\/div><div  class=\"fusion-layout-column fusion_builder_column fusion_builder_column_1_2 fusion-builder-column-3 fusion-one-half fusion-column-last fusion-no-small-visibility 1_2\"  style='margin-top:0px;margin-bottom:0px;'><div class=\"fusion-column-wrapper\" style=\"padding: 0px 5% 10% 5%;background-position:left top;background-repeat:no-repeat;-webkit-background-size:cover;-moz-background-size:cover;-o-background-size:cover;background-size:cover;\"   data-bg-url=\"\"><div class=\"imageframe-align-center\"><span style=\"-webkit-box-shadow: 3px 3px 7px rgba(89,15,68,0.3);box-shadow: 3px 3px 7px rgba(89,15,68,0.3);\" class=\"fusion-imageframe imageframe-dropshadow imageframe-2 hover-type-none\"><img loading=\"lazy\" decoding=\"async\" src=\"https:\/\/askphysiomontreal.com\/wp-content\/uploads\/2017\/12\/IsalafPhoto_2017-5-2-400x600.jpeg\" width=\"400\" height=\"600\" alt=\"\" title=\"IsalafPhoto_2017 (5) (2)\" class=\"img-responsive wp-image-1290\" srcset=\"https:\/\/askphysiomontreal.com\/wp-content\/uploads\/2017\/12\/IsalafPhoto_2017-5-2-200x300.jpeg 200w, https:\/\/askphysiomontreal.com\/wp-content\/uploads\/2017\/12\/IsalafPhoto_2017-5-2.jpeg 400w\" sizes=\"auto, (max-width: 800px) 100vw, 400px\" \/><\/span><\/div><div class=\"fusion-clearfix\"><\/div><\/div><\/div><\/div><\/div><div class=\"fusion-fullwidth fullwidth-box fusion-builder-row-3 nonhundred-percent-fullwidth non-hundred-percent-height-scrolling\"  style='background-color: rgba(255,255,255,0);background-position: left top;background-repeat: no-repeat;padding-top:10px;padding-right:0px;padding-bottom:10px;padding-left:0px;border-top-width:0px;border-bottom-width:0px;border-color:#eae9e9;border-top-style:solid;border-bottom-style:solid;'><div class=\"fusion-builder-row fusion-row \"><div  class=\"fusion-layout-column fusion_builder_column fusion_builder_column_1_1 fusion-builder-column-4 fusion-one-full fusion-column-first fusion-column-last fusion-column-no-min-height 1_1\"  style='margin-top:0px;margin-bottom:0px;'><div class=\"fusion-column-wrapper\" style=\"padding: 0px 0px 0px 0px;background-position:left top;background-repeat:no-repeat;-webkit-background-size:cover;-moz-background-size:cover;-o-background-size:cover;background-size:cover;\"   data-bg-url=\"\"><div class=\"fusion-content-boxes content-boxes columns row fusion-columns-3 fusion-columns-total-3 fusion-content-boxes-1 content-boxes-icon-on-top content-left\" data-animationOffset=\"100%\" style=\"margin-top:30px;margin-bottom:30px;\"><style type=\"text\/css\">.fusion-content-boxes-1 .heading .content-box-heading {color:#590f44;}\n\t\t\t\t\t.fusion-content-boxes-1 .fusion-content-box-hover .link-area-link-icon-hover .heading .content-box-heading,\n\t\t\t\t\t.fusion-content-boxes-1 .fusion-content-box-hover .link-area-link-icon-hover .heading .heading-link .content-box-heading,\n\t\t\t\t\t.fusion-content-boxes-1 .fusion-content-box-hover .link-area-box-hover .heading .content-box-heading,\n\t\t\t\t\t.fusion-content-boxes-1 .fusion-content-box-hover .link-area-box-hover .heading .heading-link .content-box-heading,\n\t\t\t\t\t.fusion-content-boxes-1 .fusion-content-box-hover .link-area-link-icon-hover.link-area-box .fusion-read-more,\n\t\t\t\t\t.fusion-content-boxes-1 .fusion-content-box-hover .link-area-link-icon-hover.link-area-box .fusion-read-more::after,\n\t\t\t\t\t.fusion-content-boxes-1 .fusion-content-box-hover .link-area-link-icon-hover.link-area-box .fusion-read-more::before,\n\t\t\t\t\t.fusion-content-boxes-1 .fusion-content-box-hover .fusion-read-more:hover:after,\n\t\t\t\t\t.fusion-content-boxes-1 .fusion-content-box-hover .fusion-read-more:hover:before,\n\t\t\t\t\t.fusion-content-boxes-1 .fusion-content-box-hover .fusion-read-more:hover,\n\t\t\t\t\t.fusion-content-boxes-1 .fusion-content-box-hover .link-area-box-hover.link-area-box .fusion-read-more,\n\t\t\t\t\t.fusion-content-boxes-1 .fusion-content-box-hover .link-area-box-hover.link-area-box .fusion-read-more::after,\n\t\t\t\t\t.fusion-content-boxes-1 .fusion-content-box-hover .link-area-box-hover.link-area-box .fusion-read-more::before,\n\t\t\t\t\t.fusion-content-boxes-1 .fusion-content-box-hover .link-area-link-icon-hover .icon .circle-no,\n\t\t\t\t\t.fusion-content-boxes-1 .heading .heading-link:hover .content-box-heading {\n\t\t\t\t\t\tcolor: #9b2676;\n\t\t\t\t\t}\n\t\t\t\t\t.fusion-content-boxes-1 .fusion-content-box-hover .link-area-box-hover .icon .circle-no {\n\t\t\t\t\t\tcolor: #9b2676 !important;\n\t\t\t\t\t}.fusion-content-boxes-1 .fusion-content-box-hover .link-area-box.link-area-box-hover .fusion-content-box-button {background: #7a004f;color: #ffffff;background-image: -webkit-gradient( linear, left bottom, left top, from( #7a1155 ), to( #7a004f ) );background-image: linear-gradient( to top, #7a1155, #7a004f )}.fusion-content-boxes-1 .fusion-content-box-hover .link-area-box.link-area-box-hover .fusion-content-box-button .fusion-button-text {color: #ffffff;}\n\t\t\t\t\t.fusion-content-boxes-1 .fusion-content-box-hover .link-area-link-icon-hover .heading .icon > span {\n\t\t\t\t\t\tbackground-color: #9b2676 !important;\n\t\t\t\t\t}\n\t\t\t\t\t.fusion-content-boxes-1 .fusion-content-box-hover .link-area-box-hover .heading .icon > span {\n\t\t\t\t\t\tborder-color: #9b2676 !important;\n\t\t\t\t\t}<\/style><div class=\"fusion-column content-box-column content-box-column content-box-column-1 col-lg-4 col-md-4 col-sm-4 fusion-content-box-hover content-box-column-first-in-row\"><div class=\"col content-box-wrapper content-wrapper link-area-box link-type-text content-icon-wrapper-yes icon-hover-animation-fade\" style=\"background-color:rgba(255,255,255,0);\" data-link=\"\/fr\/pour-lhomme\/\" data-link-target=\"_self\" data-animationOffset=\"100%\"><div class=\"heading heading-with-icon icon-left\"><a class=\"heading-link\" href=\"\/fr\/pour-lhomme\/\" target=\"_self\"><div class=\"image\"><img decoding=\"async\" src=\"https:\/\/askphysiomontreal.com\/wp-content\/uploads\/2015\/12\/male.png\" width=\"200\" height=\"220.8\" alt=\"\" \/><\/div><h2 class=\"content-box-heading\" style=\"font-size:28px;line-height:33px;\">POUR LES HOMMES<\/h2><\/a><\/div><div class=\"fusion-clearfix\"><\/div><div class=\"content-container\" style=\"color:#747474;\">\n<p style=\"text-align: center;\">La dysfonction du plancher pelvien EST aussi un probl\u00e8me masculin. L\u2019incontinence urinaire et rectale PEUVENT \u00eatre trait\u00e9es. La douleur pelvienne que vous ressentez PEUT \u00eatre contr\u00f4l\u00e9e. Le changement d\u00e9bute ici.<\/p>\n<\/div><\/div><\/div><div class=\"fusion-column content-box-column content-box-column content-box-column-2 col-lg-4 col-md-4 col-sm-4 fusion-content-box-hover \"><div class=\"col content-box-wrapper content-wrapper link-area-box link-type-text content-icon-wrapper-yes icon-hover-animation-fade\" style=\"background-color:rgba(255,255,255,0);\" data-link=\"\/fr\/pour-la-femme\/\" data-link-target=\"_self\" data-animationOffset=\"100%\"><div class=\"heading heading-with-icon icon-left\"><a class=\"heading-link\" href=\"\/fr\/pour-la-femme\/\" target=\"_self\"><div class=\"image\"><img decoding=\"async\" src=\"https:\/\/askphysiomontreal.com\/wp-content\/uploads\/2015\/12\/female.png\" width=\"200\" height=\"220.8\" alt=\"\" \/><\/div><h2 class=\"content-box-heading\" style=\"font-size:28px;line-height:33px;\">POUR LES FEMMES<\/h2><\/a><\/div><div class=\"fusion-clearfix\"><\/div><div class=\"content-container\" style=\"color:#747474;\">\n<p style=\"text-align: center;\">Le traitement des fuites urinaires implique PLUS que des exercices Kegel. Les soins postnataux D\u00c9BUTENT lors de la grossesse. Les relations sexuelles sans douleur SONT possibles, peu importe l\u2019\u00e2ge. Le changement d\u00e9bute ici.<\/p>\n<\/div><\/div><\/div><div class=\"fusion-column content-box-column content-box-column content-box-column-3 col-lg-4 col-md-4 col-sm-4 fusion-content-box-hover content-box-column-last content-box-column-last-in-row\"><div class=\"col content-box-wrapper content-wrapper link-area-box link-type-text content-icon-wrapper-yes icon-hover-animation-fade\" style=\"background-color:rgba(255,255,255,0);\" data-link=\"\/fr\/a-propos\/pour-la-communaute-transgenre\/\" data-link-target=\"_self\" data-animationOffset=\"100%\"><div class=\"heading heading-with-icon icon-left\"><a class=\"heading-link\" href=\"\/fr\/a-propos\/pour-la-communaute-transgenre\/\" target=\"_self\"><div class=\"image\"><img decoding=\"async\" src=\"https:\/\/askphysiomontreal.com\/wp-content\/uploads\/2015\/12\/transgender.png\" width=\"200\" height=\"220.8\" alt=\"\" \/><\/div><h2 class=\"content-box-heading\" style=\"font-size:28px;line-height:33px;\">POUR LA COMMUNAUT\u00c9 TRANSGENRE<\/h2><\/a><\/div><div class=\"fusion-clearfix\"><\/div><div class=\"content-container\" style=\"color:#747474;\">\n<p style=\"text-align: center;\">Du SOUTIEN lors de votre parcours. Un environnement ax\u00e9 sur la GU\u00c9RISON. VIVEZ cette nouvelle exp\u00e9rience sans crainte. Le changement d\u00e9bute ici.<\/p>\n<\/div><\/div><\/div><style type=\"text\/css\">\n\t\t\t\t\t\t.fusion-content-boxes-1 .fusion-content-box-hover .heading-link:hover .icon i.circle-yes,\n\t\t\t\t\t\t.fusion-content-boxes-1 .fusion-content-box-hover .link-area-box:hover .heading-link .icon i.circle-yes,\n\t\t\t\t\t\t.fusion-content-boxes-1 .fusion-content-box-hover .link-area-link-icon-hover .heading .icon i.circle-yes,\n\t\t\t\t\t\t.fusion-content-boxes-1 .fusion-content-box-hover .link-area-box-hover .heading .icon i.circle-yes {\n\t\t\t\t\t\t\tbackground-color: #9b2676 !important;\n\t\t\t\t\t\t\tborder-color: #9b2676 !important;\n\t\t\t\t\t\t}<\/style><div class=\"fusion-clearfix\"><\/div><\/div><div class=\"fusion-clearfix\"><\/div><\/div><\/div><\/div><\/div><\/p>\n","protected":false},"excerpt":{"rendered":"","protected":false},"author":1,"featured_media":0,"parent":0,"menu_order":0,"comment_status":"closed","ping_status":"closed","template":"100-width.php","meta":{"footnotes":""},"class_list":["post-1378","page","type-page","status-publish","placeholder-for-hentry"],"yoast_head":"<!-- This site is optimized with the Yoast SEO plugin v27.2 - https:\/\/yoast.com\/product\/yoast-seo-wordpress\/ -->\n<title>Amadea S. Kezar M.Sc PT \u2013 Directrice de la clinique - Amadea S. Kezar Physioth\u00e9rapie - (514) 777-5435<\/title>\n<meta name=\"robots\" content=\"index, follow, max-snippet:-1, max-image-preview:large, max-video-preview:-1\" \/>\n<link rel=\"canonical\" href=\"https:\/\/askphysiomontreal.com\/team\/amadea-s-kezar-clinical-director\/\" \/>\n<meta property=\"og:locale\" content=\"fr_CA\" \/>\n<meta property=\"og:type\" content=\"article\" \/>\n<meta property=\"og:title\" content=\"Amadea S. Kezar M.Sc PT \u2013 Directrice de la clinique - Amadea S. Kezar Physioth\u00e9rapie - (514) 777-5435\" \/>\n<meta property=\"og:url\" content=\"https:\/\/askphysiomontreal.com\/team\/amadea-s-kezar-clinical-director\/\" \/>\n<meta property=\"og:site_name\" content=\"Amadea S. Kezar Physioth\u00e9rapie - (514) 777-5435\" \/>\n<meta property=\"article:modified_time\" content=\"2020-05-14T15:20:02+00:00\" \/>\n<meta name=\"twitter:card\" content=\"summary_large_image\" \/>\n<meta name=\"twitter:label1\" content=\"Estimation du temps de lecture\" \/>\n\t<meta name=\"twitter:data1\" content=\"5 minutes\" \/>\n<script type=\"application\/ld+json\" class=\"yoast-schema-graph\">{\"@context\":\"https:\/\/schema.org\",\"@graph\":[{\"@type\":\"WebPage\",\"@id\":\"https:\/\/askphysiomontreal.com\/team\/amadea-s-kezar-clinical-director\/\",\"url\":\"https:\/\/askphysiomontreal.com\/team\/amadea-s-kezar-clinical-director\/\",\"name\":\"Amadea S. Kezar M.Sc PT \u2013 Directrice de la clinique - Amadea S. Kezar Physioth\u00e9rapie - (514) 777-5435\",\"isPartOf\":{\"@id\":\"https:\/\/askphysiomontreal.com\/#website\"},\"datePublished\":\"2017-02-27T21:01:01+00:00\",\"dateModified\":\"2020-05-14T15:20:02+00:00\",\"breadcrumb\":{\"@id\":\"https:\/\/askphysiomontreal.com\/team\/amadea-s-kezar-clinical-director\/#breadcrumb\"},\"inLanguage\":\"fr-CA\",\"potentialAction\":[{\"@type\":\"ReadAction\",\"target\":[\"https:\/\/askphysiomontreal.com\/team\/amadea-s-kezar-clinical-director\/\"]}]},{\"@type\":\"BreadcrumbList\",\"@id\":\"https:\/\/askphysiomontreal.com\/team\/amadea-s-kezar-clinical-director\/#breadcrumb\",\"itemListElement\":[{\"@type\":\"ListItem\",\"position\":1,\"name\":\"Home\",\"item\":\"https:\/\/askphysiomontreal.com\/fr\/\"},{\"@type\":\"ListItem\",\"position\":2,\"name\":\"Amadea S. Kezar M.Sc PT \u2013 Directrice de la clinique\"}]},{\"@type\":\"WebSite\",\"@id\":\"https:\/\/askphysiomontreal.com\/#website\",\"url\":\"https:\/\/askphysiomontreal.com\/\",\"name\":\"Amadea S. Kezar Physioth\u00e9rapie - (514) 777-5435\",\"description\":\"Pelvic health center in Montreal, Quebec. Physiotherapy and programs for pelvic floor dysfunction: urinary incontinence, pelvic and genital pain, pelvic organ prolapse, pregnancy and pre\/post operative care including sex reassignment surgery. Pelvic hope for all.\",\"potentialAction\":[{\"@type\":\"SearchAction\",\"target\":{\"@type\":\"EntryPoint\",\"urlTemplate\":\"https:\/\/askphysiomontreal.com\/?s={search_term_string}\"},\"query-input\":{\"@type\":\"PropertyValueSpecification\",\"valueRequired\":true,\"valueName\":\"search_term_string\"}}],\"inLanguage\":\"fr-CA\"}]}<\/script>\n<!-- \/ Yoast SEO plugin. -->","yoast_head_json":{"title":"Amadea S. Kezar M.Sc PT \u2013 Directrice de la clinique - Amadea S. Kezar Physioth\u00e9rapie - (514) 777-5435","robots":{"index":"index","follow":"follow","max-snippet":"max-snippet:-1","max-image-preview":"max-image-preview:large","max-video-preview":"max-video-preview:-1"},"canonical":"https:\/\/askphysiomontreal.com\/team\/amadea-s-kezar-clinical-director\/","og_locale":"fr_CA","og_type":"article","og_title":"Amadea S. Kezar M.Sc PT \u2013 Directrice de la clinique - Amadea S. Kezar Physioth\u00e9rapie - (514) 777-5435","og_url":"https:\/\/askphysiomontreal.com\/team\/amadea-s-kezar-clinical-director\/","og_site_name":"Amadea S. Kezar Physioth\u00e9rapie - (514) 777-5435","article_modified_time":"2020-05-14T15:20:02+00:00","twitter_card":"summary_large_image","twitter_misc":{"Estimation du temps de lecture":"5 minutes"},"schema":{"@context":"https:\/\/schema.org","@graph":[{"@type":"WebPage","@id":"https:\/\/askphysiomontreal.com\/team\/amadea-s-kezar-clinical-director\/","url":"https:\/\/askphysiomontreal.com\/team\/amadea-s-kezar-clinical-director\/","name":"Amadea S. Kezar M.Sc PT \u2013 Directrice de la clinique - Amadea S. Kezar Physioth\u00e9rapie - (514) 777-5435","isPartOf":{"@id":"https:\/\/askphysiomontreal.com\/#website"},"datePublished":"2017-02-27T21:01:01+00:00","dateModified":"2020-05-14T15:20:02+00:00","breadcrumb":{"@id":"https:\/\/askphysiomontreal.com\/team\/amadea-s-kezar-clinical-director\/#breadcrumb"},"inLanguage":"fr-CA","potentialAction":[{"@type":"ReadAction","target":["https:\/\/askphysiomontreal.com\/team\/amadea-s-kezar-clinical-director\/"]}]},{"@type":"BreadcrumbList","@id":"https:\/\/askphysiomontreal.com\/team\/amadea-s-kezar-clinical-director\/#breadcrumb","itemListElement":[{"@type":"ListItem","position":1,"name":"Home","item":"https:\/\/askphysiomontreal.com\/fr\/"},{"@type":"ListItem","position":2,"name":"Amadea S. Kezar M.Sc PT \u2013 Directrice de la clinique"}]},{"@type":"WebSite","@id":"https:\/\/askphysiomontreal.com\/#website","url":"https:\/\/askphysiomontreal.com\/","name":"Amadea S. Kezar Physioth\u00e9rapie - (514) 777-5435","description":"Pelvic health center in Montreal, Quebec. Physiotherapy and programs for pelvic floor dysfunction: urinary incontinence, pelvic and genital pain, pelvic organ prolapse, pregnancy and pre\/post operative care including sex reassignment surgery. Pelvic hope for all.","potentialAction":[{"@type":"SearchAction","target":{"@type":"EntryPoint","urlTemplate":"https:\/\/askphysiomontreal.com\/?s={search_term_string}"},"query-input":{"@type":"PropertyValueSpecification","valueRequired":true,"valueName":"search_term_string"}}],"inLanguage":"fr-CA"}]}},"_links":{"self":[{"href":"https:\/\/askphysiomontreal.com\/fr\/wp-json\/wp\/v2\/pages\/1378","targetHints":{"allow":["GET"]}}],"collection":[{"href":"https:\/\/askphysiomontreal.com\/fr\/wp-json\/wp\/v2\/pages"}],"about":[{"href":"https:\/\/askphysiomontreal.com\/fr\/wp-json\/wp\/v2\/types\/page"}],"author":[{"embeddable":true,"href":"https:\/\/askphysiomontreal.com\/fr\/wp-json\/wp\/v2\/users\/1"}],"replies":[{"embeddable":true,"href":"https:\/\/askphysiomontreal.com\/fr\/wp-json\/wp\/v2\/comments?post=1378"}],"version-history":[{"count":23,"href":"https:\/\/askphysiomontreal.com\/fr\/wp-json\/wp\/v2\/pages\/1378\/revisions"}],"predecessor-version":[{"id":2127,"href":"https:\/\/askphysiomontreal.com\/fr\/wp-json\/wp\/v2\/pages\/1378\/revisions\/2127"}],"wp:attachment":[{"href":"https:\/\/askphysiomontreal.com\/fr\/wp-json\/wp\/v2\/media?parent=1378"}],"curies":[{"name":"wp","href":"https:\/\/api.w.org\/{rel}","templated":true}]}}